{"id":25,"date":"2018-10-23T10:08:34","date_gmt":"2018-10-23T10:08:34","guid":{"rendered":"http:\/\/localhost\/themes\/Pro\/Trek\/Website_WP\/index.php\/getting-started\/"},"modified":"2026-01-15T10:00:36","modified_gmt":"2026-01-15T09:00:36","slug":"getting-started","status":"publish","type":"page","link":"https:\/\/www.musicaynaturaleza.com\/","title":{"rendered":"Inicio"},"content":{"rendered":"<div>\n<div>\n<p style=\"text-align: center;\"><strong>Edici\u00f3n XXIX &#8211; 2026<\/strong><\/p>\n<p style=\"text-align: center;\"><strong>INSCRIPCI\u00d3N ABIERTA HASTA AGOTAR VACANTES<\/strong><\/p>\n<\/div>\n<\/div>\n<ul>\n<li>\n        <a href=\"https:\/\/forms.gle\/kx5U5iTHF68c7hD96\">Inscripci\u00f3n Curso Orquesta<\/a>\n    <\/li>\n<li>\n        <a href=\"https:\/\/forms.gle\/WGeeRCRZX3o8bXZt9\">Inscripci\u00f3n Curso M\u00fasica de C\u00e1mara<\/a>\n    <\/li>\n<li>\n        <a href=\"https:\/\/forms.gle\/arpqp87EwP6UA8CM8\">Inscripci\u00f3n Curso Piano y Cuerda<\/a>\n    <\/li>\n<\/ul>\n<h4><strong>XXIX Cursos \u00abM\u00fasica y Naturaleza\u00bb (agosto de 2026)<\/strong><\/h4>\n<h3>Vive una experiencia<br \/>inolvidable<\/h3>\n<p><video src=\"\/wp-content\/uploads\/2021\/10\/Cursos-promo.mp4\" poster=\"\"><\/video><\/p>\n<div><a href=\"\/wp-content\/uploads\/2021\/10\/Cursos-promo.mp4\"><strong>Dale a <i uk-icon=\"play-circle\"><\/i> para saber m\u00e1s<\/strong><\/a><\/div>\n<div><strong>El viaje empieza aqu\u00ed&#8230;<\/strong><\/div>\n<div>\n<p style=\"text-align: justify;\">Los Cursos \u201cM\u00fasica y Naturaleza\u201d est\u00e1n destinados a j\u00f3venes m\u00fasicos de 8 a 16 a\u00f1os de edad preferentemente. Estructurados en tres turnos claramente diferenciados, nuestros Cursos comparten una misma filosof\u00eda<strong>: la formaci\u00f3n instrumental con clases individuales de t\u00e9cnica, impartidas por profesores especialistas.<\/strong><\/p>\n<p style=\"text-align: justify;\">El trabajo musical se compagina con actividades relacionadas con la naturaleza, como la agricultura, ganader\u00eda, multiaventura, senderismo, deportes, juegos, piscina, etc., en un Cortijo Andaluz enmarcado en un entorno privilegiado.<\/p>\n<p style=\"text-align: justify;\"><u>Tras m\u00e1s de 25 a\u00f1os de experiencia<\/u>, nuestros Cursos han adquirido un gran prestigio a nivel acad\u00e9mico, convirti\u00e9ndose en una referencia a imitar y estableciendo, gracias a su original planteamiento, una relaci\u00f3n diferente entre el alumnado y la m\u00fasica que nos hacen \u00fanicos.<\/p>\n<p style=\"text-align: justify;\"><strong>Ven a disfrutar de una apasionante aventura en el coraz\u00f3n de Andaluc\u00eda, en pleno Geoparque de las Sierras Subb\u00e9ticas, perfeccionando tu t\u00e9cnica instrumental al m\u00e1s alto nivel musical.<\/strong><\/p>\n<\/div>\n<hr>\n<p><a href=\"\/wp-content\/uploads\/2025\/12\/cartel-cursos-2026.jpg\"><img decoding=\"async\" src=\"\/wp-content\/uploads\/2025\/12\/cartel-cursos-2026.jpg\" alt=\"\"><\/a><\/p>\n<hr>\n<p>\n    <a href=\"\/wp-content\/uploads\/2025\/12\/folleto-2026.pdf\">Programa XXIX edici\u00f3n<\/a>\n<\/p>\n<hr>\n<h2>Nuestra oferta educativa<\/h2>\n<div><strong>especialidades instrumentales, m\u00fasica de c\u00e1mara, agrupaciones, orquesta&#8230;<\/strong><\/div>\n<ul>\n<li>\n<p>        <img decoding=\"async\" src=\"\/wp-content\/uploads\/2014\/03\/orquesta.jpg\" alt=\"\"><\/p>\n<div>\n<h4 class=\"\">Orquesta<\/h4>\n<\/div>\n<p><a href=\"\/?page_id=1628\"><\/a><\/p>\n<\/li>\n<li>\n<p>        <img decoding=\"async\" src=\"\/wp-content\/uploads\/2014\/03\/camara.jpg\" alt=\"\"><\/p>\n<div>\n<h4 class=\"\">M\u00fasica de C\u00e1mara<\/h4>\n<\/div>\n<p><a href=\"\/?page_id=1644\"><\/a><\/p>\n<\/li>\n<li>\n<p>        <img decoding=\"async\" src=\"\/wp-content\/uploads\/2014\/03\/pianocuerda.jpg\" alt=\"\"><\/p>\n<div>\n<h4 class=\"\">Piano y cuerda<\/h4>\n<\/div>\n<p><a href=\"\/index.php?page_id=1650\"><\/a><\/p>\n<\/li>\n<\/ul>\n<p><!--more--><br \/>\n<!-- {\"name\":\"\",\"type\":\"layout\",\"children\":[{\"name\":\"Hero\",\"type\":\"section\",\"props\":{\"height\":\"full\",\"image\":\"\",\"image_effect\":\"parallax\",\"image_parallax_bgy\":\"200,0\",\"image_parallax_breakpoint\":\"m\",\"image_parallax_easing\":\"1\",\"image_position\":\"bottom-center\",\"image_size\":\"cover\",\"image_width\":\"2560\",\"media_overlay_gradient\":\"linear-gradient(rgba(255,255,255,0) 75%, rgba(255,255,255,1) 100%), linear-gradient( rgba(255,255,255,0) 40%, rgba(255,255,255,0.5) 100%)\",\"overlap\":false,\"padding_remove_bottom\":true,\"padding_remove_top\":false,\"style\":\"primary\",\"title_breakpoint\":\"xl\",\"title_position\":\"top-left\",\"title_rotation\":\"left\",\"vertical_align\":\"\",\"video\":\"wp-content\\\/uploads\\\/Firas-web-fondo-2-Wi-Fi-alta.mp4\",\"width\":\"large\"},\"children\":[{\"type\":\"row\",\"children\":[{\"type\":\"column\",\"props\":{\"image_position\":\"center-center\",\"media_overlay_gradient\":\"\",\"position_sticky_breakpoint\":\"m\",\"width_medium\":\"1-1\"},\"children\":[{\"type\":\"alert\",\"props\":{\"alert_size\":false,\"alert_style\":\"success\",\"content\":\"\n\n<p style=\\\"text-align: center;\\\"><strong>Edici\\u00f3n XXIX - 2026<\\\/strong><\\\/p>\\n\n\n<p style=\\\"text-align: center;\\\"><strong>INSCRIPCI\\u00d3N ABIERTA HASTA AGOTAR VACANTES<\\\/strong><\\\/p>\",\"margin_remove_bottom\":false,\"margin_remove_top\":false,\"title\":\"\",\"title_element\":\"h6\",\"title_inline\":true,\"title_style\":\"h2\"}},{\"type\":\"button\",\"props\":{\"fullwidth\":false,\"grid_column_gap\":\"small\",\"grid_row_gap\":\"small\",\"margin\":\"default\",\"text_align\":\"center\"},\"children\":[{\"type\":\"button_item\",\"props\":{\"button_style\":\"danger\",\"content\":\"Inscripci\\u00f3n Curso Orquesta\",\"icon\":\"file-edit\",\"icon_align\":\"left\",\"link\":\"https:\\\/\\\/forms.gle\\\/kx5U5iTHF68c7hD96\",\"link_target\":\"blank\"}},{\"type\":\"button_item\",\"props\":{\"button_style\":\"danger\",\"content\":\"Inscripci\\u00f3n Curso M\\u00fasica de C\\u00e1mara\",\"icon\":\"file-edit\",\"icon_align\":\"left\",\"link\":\"https:\\\/\\\/forms.gle\\\/WGeeRCRZX3o8bXZt9\",\"link_target\":\"blank\"}},{\"type\":\"button_item\",\"props\":{\"button_style\":\"danger\",\"content\":\"Inscripci\\u00f3n Curso Piano y Cuerda\",\"icon\":\"file-edit\",\"icon_align\":\"left\",\"link\":\"https:\\\/\\\/forms.gle\\\/arpqp87EwP6UA8CM8\",\"link_target\":\"blank\"}}],\"name\":\"botones inscripciones portada 2026\"},{\"type\":\"headline\",\"props\":{\"content\":\"<strong>XXIX Cursos \\\"M\\u00fasica y Naturaleza\\\" (agosto de 2026)<\\\/strong>\",\"title_decoration\":\"line\",\"title_element\":\"h4\"}},{\"name\":\"\",\"type\":\"headline\",\"props\":{\"animation\":\"slide-left-small\",\"block_align\":\"center\",\"content\":\"Vive una experiencia<br \\\/>inolvidable\",\"margin_remove_bottom\":true,\"margin_remove_top\":true,\"title_color\":\"warning\",\"title_element\":\"h3\",\"title_style\":\"heading-medium\"}}]}]}]},{\"name\":\"About\",\"type\":\"section\",\"props\":{\"css\":\"@media (min-width: 1921px) {\\n\\t.el-section > * { background-position: 10% 100%; }\\n}\",\"image\":\"\",\"image_effect\":\"parallax\",\"image_parallax_bgy\":\"50,-50\",\"image_parallax_easing\":\"1\",\"image_position\":\"bottom-left\",\"media_visibility\":\"l\",\"overlap\":true,\"padding\":\"xsmall\",\"padding_remove_bottom\":true,\"padding_remove_top\":true,\"style\":\"default\",\"title_breakpoint\":\"xl\",\"title_position\":\"top-left\",\"title_rotation\":\"left\",\"vertical_align\":\"middle\",\"width\":\"large\",\"width_expand\":\"right\",\"width_expand_padding_remove\":true,\"width_expand_right\":true},\"children\":[{\"name\":\"\",\"type\":\"row\",\"props\":{\"column_gap\":\"collapse\",\"layout\":\"2-3,1-3\",\"margin\":\"small\",\"margin_remove_bottom\":true,\"margin_remove_top\":true,\"match\":false},\"children\":[{\"name\":\"\",\"type\":\"column\",\"props\":{\"image_position\":\"center-center\",\"media_overlay_gradient\":\"\",\"padding\":\"xsmall\",\"position_sticky_breakpoint\":\"m\",\"width_medium\":\"2-3\"},\"children\":[{\"type\":\"video\",\"props\":{\"block_align\":\"center\",\"container_padding_remove\":true,\"margin\":\"default\",\"maxwidth\":\"2xlarge\",\"position_top\":\"110\",\"text_align\":\"center\",\"video\":\"wp-content\\\/uploads\\\/2021\\\/10\\\/Cursos-promo.mp4\",\"video_autoplay\":\"\",\"video_box_decoration\":\"mask\",\"video_box_decoration_inverse\":false,\"video_box_shadow\":\"large\",\"video_controls\":true,\"video_poster\":\"\"}},{\"name\":\"\",\"type\":\"headline\",\"props\":{\"content\":\"<strong>Dale a <i uk-icon=\\\"play-circle\\\"><\\\/i> para saber m\\u00e1s<\\\/strong>\",\"link\":\"wp-content\\\/uploads\\\/2021\\\/10\\\/Cursos-promo.mp4\",\"link_target\":true,\"margin_remove_bottom\":true,\"margin_remove_top\":true,\"text_align\":\"center\",\"title_color\":\"primary\",\"title_element\":\"div\",\"title_style\":\"h3\"}}]},{\"type\":\"column\",\"props\":{\"image\":\"\",\"image_position\":\"center-center\",\"media_overlay_gradient\":\"\",\"padding\":\"xsmall\",\"position_sticky_breakpoint\":\"m\",\"vertical_align\":\"middle\",\"width_medium\":\"1-3\"},\"children\":[{\"name\":\"\",\"type\":\"headline\",\"props\":{\"content\":\"<strong>El viaje empieza aqu\\u00ed...<\\\/strong>\",\"margin_remove_bottom\":true,\"margin_remove_top\":true,\"title_color\":\"primary\",\"title_element\":\"div\",\"title_style\":\"h2\"}},{\"type\":\"text\",\"props\":{\"column_breakpoint\":\"m\",\"column_divider\":true,\"content\":\"\n\n<p style=\\\"text-align: justify;\\\">Los Cursos \\u201cM\\u00fasica y Naturaleza\\u201d est\\u00e1n destinados a j\\u00f3venes m\\u00fasicos de 8 a 16 a\\u00f1os de edad preferentemente. Estructurados en tres turnos claramente diferenciados, nuestros Cursos comparten una misma filosof\\u00eda<strong>: la formaci\\u00f3n instrumental con clases individuales de t\\u00e9cnica, impartidas por profesores especialistas.<\\\/strong><\\\/p>\\n\n\n<p style=\\\"text-align: justify;\\\">El trabajo musical se compagina con actividades relacionadas con la naturaleza, como la agricultura, ganader\\u00eda, multiaventura, senderismo, deportes, juegos, piscina, etc., en un Cortijo Andaluz enmarcado en un entorno privilegiado.<\\\/p>\\n\n\n<p style=\\\"text-align: justify;\\\"><u>Tras m\\u00e1s de 25 a\\u00f1os de experiencia<\\\/u>, nuestros Cursos han adquirido un gran prestigio a nivel acad\\u00e9mico, convirti\\u00e9ndose en una referencia a imitar y estableciendo, gracias a su original planteamiento, una relaci\\u00f3n diferente entre el alumnado y la m\\u00fasica que nos hacen \\u00fanicos.<\\\/p>\\n\n\n<p style=\\\"text-align: justify;\\\"><strong>Ven a disfrutar de una apasionante aventura en el coraz\\u00f3n de Andaluc\\u00eda, en pleno Geoparque de las Sierras Subb\\u00e9ticas, perfeccionando tu t\\u00e9cnica instrumental al m\\u00e1s alto nivel musical.<\\\/strong><\\\/p>\",\"dropcap\":false,\"margin\":\"small\",\"margin_remove_bottom\":true,\"margin_remove_top\":false}}]}]}]},{\"type\":\"section\",\"props\":{\"image_position\":\"center-center\",\"overlap\":true,\"padding_remove_bottom\":false,\"padding_remove_top\":true,\"style\":\"muted\",\"title_breakpoint\":\"xl\",\"title_position\":\"top-left\",\"title_rotation\":\"left\",\"vertical_align\":\"middle\",\"width\":\"large\"},\"children\":[{\"type\":\"row\",\"props\":{\"layout\":\"1-4,3-4\",\"margin\":\"small\"},\"children\":[{\"type\":\"column\",\"props\":{\"image_position\":\"center-center\",\"media_overlay_gradient\":\"\",\"position_sticky_breakpoint\":\"m\",\"width_medium\":\"1-4\"},\"children\":[{\"type\":\"divider\",\"props\":{\"divider_align\":\"\",\"divider_align_breakpoint\":\"\",\"divider_align_fallback\":\"\",\"divider_element\":\"hr\",\"divider_style\":\"small\"}},{\"type\":\"image\",\"props\":{\"image\":\"wp-content\\\/uploads\\\/2025\\\/12\\\/cartel-cursos-2026.jpg\",\"image_alt\":\"\",\"image_svg_color\":\"emphasis\",\"link\":\"wp-content\\\/uploads\\\/2025\\\/12\\\/cartel-cursos-2026.jpg\",\"link_target\":\"modal\",\"margin\":\"default\"}},{\"type\":\"divider\",\"props\":{\"divider_align\":\"\",\"divider_align_breakpoint\":\"\",\"divider_align_fallback\":\"\",\"divider_element\":\"hr\",\"divider_style\":\"small\"}},{\"type\":\"button\",\"props\":{\"button_size\":\"large\",\"fullwidth\":true,\"grid_column_gap\":\"small\",\"grid_row_gap\":\"small\",\"margin\":\"default\"},\"children\":[{\"type\":\"button_item\",\"props\":{\"button_style\":\"primary\",\"content\":\"Programa XXIX edici\\u00f3n\",\"icon\":\"file-pdf\",\"icon_align\":\"left\",\"link\":\"wp-content\\\/uploads\\\/2025\\\/12\\\/folleto-2026.pdf\",\"link_target\":\"blank\",\"link_title\":\"\"}}]},{\"type\":\"divider\",\"props\":{\"divider_align\":\"\",\"divider_align_breakpoint\":\"\",\"divider_align_fallback\":\"\",\"divider_element\":\"hr\",\"divider_style\":\"small\"}}]},{\"type\":\"column\",\"props\":{\"image_position\":\"center-center\",\"media_overlay_gradient\":\"\",\"position_sticky_breakpoint\":\"m\",\"width_medium\":\"3-4\"},\"children\":[{\"name\":\"\",\"type\":\"headline\",\"props\":{\"content\":\"Nuestra oferta educativa\",\"margin\":\"default\",\"margin_remove_bottom\":false,\"margin_remove_top\":true,\"text_align\":\"center\",\"title_element\":\"h2\",\"title_style\":\"heading-medium\"}},{\"name\":\"\",\"type\":\"headline\",\"props\":{\"content\":\"<strong>especialidades instrumentales, m\\u00fasica de c\\u00e1mara, agrupaciones, orquesta...<\\\/strong>\",\"margin\":\"medium\",\"text_align\":\"center\",\"title_color\":\"primary\",\"title_element\":\"div\",\"title_style\":\"h4\"}},{\"name\":\"\",\"type\":\"overlay-slider\",\"props\":{\"content_style\":\"text-lead\",\"image_transition\":\"scale-up\",\"link_style\":\"default\",\"link_text\":\"\",\"margin\":\"small\",\"margin_remove_top\":false,\"meta_align\":\"below-title\",\"meta_color\":\"success\",\"meta_element\":\"div\",\"meta_style\":\"text-meta\",\"nav\":\"dotnav\",\"nav_align\":\"center\",\"nav_breakpoint\":\"s\",\"nav_color\":\"\",\"nav_margin\":\"small\",\"overlay_hover\":false,\"overlay_link\":true,\"overlay_mode\":\"caption\",\"overlay_position\":\"center\",\"overlay_style\":\"overlay-primary\",\"overlay_transition\":\"fade\",\"overlay_transition_background\":true,\"parallax_zindex\":false,\"show_content\":true,\"show_hover_image\":true,\"show_link\":true,\"show_meta\":true,\"show_title\":true,\"slidenav\":\"\",\"slidenav_breakpoint\":\"\",\"slidenav_color\":\"dark\",\"slidenav_hover\":false,\"slidenav_large\":false,\"slidenav_margin\":\"\",\"slidenav_outside_breakpoint\":\"xl\",\"slidenav_outside_color\":\"\",\"slider_autoplay\":true,\"slider_autoplay_interval\":\"2\",\"slider_autoplay_pause\":true,\"slider_center\":false,\"slider_divider\":false,\"slider_finite\":false,\"slider_gap\":\"small\",\"slider_height\":\"\",\"slider_sets\":true,\"slider_width\":\"fixed\",\"slider_width_default\":\"1-1\",\"slider_width_large\":\"1-3\",\"slider_width_medium\":\"\",\"slider_width_small\":\"1-2\",\"slider_width_xlarge\":\"\",\"text_align\":\"center\",\"title_element\":\"h1\",\"title_hover_style\":\"reset\",\"title_style\":\"heading-large\"},\"children\":[{\"name\":\"\",\"type\":\"overlay-slider_item\",\"props\":{\"content\":\"\n\n<h4 class=\\\"\\\">Orquesta<\\\/h4>\",\"image\":\"wp-content\\\/uploads\\\/2014\\\/03\\\/orquesta.jpg\",\"link\":\"?page_id=1628\",\"text_color\":\"light\",\"title\":\"\"}},{\"name\":\"\",\"type\":\"overlay-slider_item\",\"props\":{\"content\":\"\n\n<h4 class=\\\"\\\">M\\u00fasica de C\\u00e1mara<\\\/h4>\",\"image\":\"wp-content\\\/uploads\\\/2014\\\/03\\\/camara.jpg\",\"link\":\"?page_id=1644\",\"text_color\":\"light\",\"title\":\"\"}},{\"name\":\"\",\"type\":\"overlay-slider_item\",\"props\":{\"content\":\"\n\n<h4 class=\\\"\\\">Piano y cuerda<\\\/h4>\",\"image\":\"wp-content\\\/uploads\\\/2014\\\/03\\\/pianocuerda.jpg\",\"link\":\"index.php?page_id=1650\",\"text_color\":\"light\",\"title\":\"\"}}]}]}]}]}],\"version\":\"3.0.20\"} --><\/p>\n","protected":false},"excerpt":{"rendered":"<p>Edici\u00f3n XXIX &#8211; 2026 INSCRIPCI\u00d3N ABIERTA HASTA AGOTAR VACANTES Inscripci\u00f3n Curso Orquesta Inscripci\u00f3n Curso M\u00fasica de C\u00e1mara Inscripci\u00f3n Curso Piano y Cuerda XXIX Cursos \u00abM\u00fasica y Naturaleza\u00bb (agosto de 2026) Vive una experienciainolvidable Dale a para saber m\u00e1s El viaje empieza aqu\u00ed&#8230; Los Cursos \u201cM\u00fasica y Naturaleza\u201d est\u00e1n destinados a j\u00f3venes m\u00fasicos de 8 a [&hellip;]<\/p>\n","protected":false},"author":1,"featured_media":0,"parent":0,"menu_order":0,"comment_status":"closed","ping_status":"closed","template":"","meta":{"footnotes":""},"_links":{"self":[{"href":"https:\/\/www.musicaynaturaleza.com\/index.php?rest_route=\/wp\/v2\/pages\/25"}],"collection":[{"href":"https:\/\/www.musicaynaturaleza.com\/index.php?rest_route=\/wp\/v2\/pages"}],"about":[{"href":"https:\/\/www.musicaynaturaleza.com\/index.php?rest_route=\/wp\/v2\/types\/page"}],"author":[{"embeddable":true,"href":"https:\/\/www.musicaynaturaleza.com\/index.php?rest_route=\/wp\/v2\/users\/1"}],"replies":[{"embeddable":true,"href":"https:\/\/www.musicaynaturaleza.com\/index.php?rest_route=%2Fwp%2Fv2%2Fcomments&post=25"}],"version-history":[{"count":100,"href":"https:\/\/www.musicaynaturaleza.com\/index.php?rest_route=\/wp\/v2\/pages\/25\/revisions"}],"predecessor-version":[{"id":2357,"href":"https:\/\/www.musicaynaturaleza.com\/index.php?rest_route=\/wp\/v2\/pages\/25\/revisions\/2357"}],"wp:attachment":[{"href":"https:\/\/www.musicaynaturaleza.com\/index.php?rest_route=%2Fwp%2Fv2%2Fmedia&parent=25"}],"curies":[{"name":"wp","href":"https:\/\/api.w.org\/{rel}","templated":true}]}}