{"id":2068,"date":"2021-11-24T10:41:23","date_gmt":"2021-11-24T10:41:23","guid":{"rendered":"http:\/\/www.musicaynaturaleza.com\/?page_id=2068"},"modified":"2022-04-07T17:30:19","modified_gmt":"2022-04-07T17:30:19","slug":"inscripcion-curso-orquesta","status":"publish","type":"page","link":"https:\/\/www.musicaynaturaleza.com\/?page_id=2068","title":{"rendered":"Inscripci\u00f3n Curso Orquesta"},"content":{"rendered":"<h1>Inscripci\u00f3n Curso Orquesta<\/h1>\n<h1>Puede tramitar su solicitud:<\/h1>\n<div>\n<p style=\"text-align: justify;\"><strong>Por internet rellenando el formulario de inscripci\u00f3n en esta p\u00e1gina (recomendado)<\/strong><\/p>\n<p style=\"font-size: 12px;\">O excepcionalmente:<\/p>\n<ul>\n<li style=\"font-size: 12px;\">Por correo electr\u00f3nico a infocursos (arroba) musicaynaturaleza.com<\/li>\n<li style=\"font-size: 12px;\">Por correo ordinario a: Cortijo de Fr\u00edas, apdo. de correos N\u00b0163 &#8211; 14940 &#8211; Cabra (C\u00f3rdoba).<\/li>\n<\/ul>\n<p style=\"text-align: justify;\">Una vez le comuniquemos que su solicitud ha sido aceptada y tiene plaza en los cursos, puede realizar su ingreso en la cuenta bancaria que le facilitaremos.<\/p>\n<\/div>\n<div>\n[contact-form-7 404 \"No encontrado\"]<\/div>\n<h1>Nota importante<\/h1>\n<div>\n<p style=\"font-weight: 400; text-align: justify;\">Debido a la alta demanda en algunas especialidades de nuestros Cursos no podemos aceptar todas las solicitudes, por lo que rogamos pongan a sus hijo\/as\u00a0en conocimiento de este posible hecho. Por la misma causa les pedimos que, en la medida de lo posible, antes de tramitar esta inscripcio\u0301n prevean sus posibilidades reales de asistencia al Curso (por cuestiones de fecha, vacaciones, etc.). Si ya han tramitado la solicitud y finalmente no pueden asistir, comun\u00edquenlo con la mayor brevedad posible a la organizacio\u0301n para as\u00ed poder avisar al alumnado en lista de espera. En el apartado matriculaci\u00f3n tienen los criterios de devoluci\u00f3n del\u00a0importe de la matr\u00edcula, en funci\u00f3n de la fecha de comunicaci\u00f3n de la anulaci\u00f3n de la misma.\u00a0<\/p>\n<p style=\"font-weight: 400; text-align: justify;\">Todos los datos de cara\u0301cter personal proporcionados quedara\u0301n recogidos en archivo propiedad de Mu\u0301sica y Naturaleza y sera\u0301n utilizados u\u0301nicamente para la gestio\u0301n e informacio\u0301n de nuestras convocatorias y servicios, pudiendo en todo caso solicitar la exclusio\u0301n de dicho archivo.<\/p>\n<\/div>\n<p><!-- {\"type\":\"layout\",\"children\":[{\"type\":\"section\",\"props\":{\"style\":\"default\",\"width\":\"default\",\"vertical_align\":\"middle\",\"title_position\":\"top-left\",\"title_rotation\":\"left\",\"title_breakpoint\":\"xl\",\"image_position\":\"center-center\",\"text_color\":\"\",\"width_expand\":\"\",\"height\":\"\",\"padding\":\"xsmall\",\"header_transparent\":\"\",\"animation\":\"\",\"overlap\":true},\"children\":[{\"type\":\"row\",\"props\":{\"layout\":\"1-1\",\"breakpoint\":\"m\",\"fixed_width\":\"large\",\"column_gap\":\"\",\"row_gap\":\"\",\"width\":\"\",\"width_expand\":\"\",\"height\":\"\",\"margin\":\"\"},\"children\":[{\"type\":\"column\",\"props\":{\"image_position\":\"center-center\",\"media_overlay_gradient\":\"\",\"vertical_align\":\"\",\"style\":\"\",\"text_color\":\"\",\"padding\":\"\"},\"children\":[{\"type\":\"headline\",\"props\":{\"title_element\":\"h1\",\"title_style\":\"heading-small\",\"title_decoration\":\"\",\"title_font_family\":\"\",\"title_color\":\"\",\"position\":\"\",\"position_z_index\":\"\",\"margin\":\"\",\"maxwidth\":\"\",\"maxwidth_breakpoint\":\"\",\"block_align\":\"\",\"block_align_breakpoint\":\"\",\"block_align_fallback\":\"\",\"text_align\":\"\",\"text_align_breakpoint\":\"\",\"text_align_fallback\":\"\",\"animation\":\"\",\"visibility\":\"\",\"content\":\"Inscripci\\u00f3n Curso Orquesta\"}}]}]}]},{\"type\":\"section\",\"props\":{\"style\":\"primary\",\"width\":\"default\",\"vertical_align\":\"middle\",\"title_position\":\"top-left\",\"title_rotation\":\"left\",\"title_breakpoint\":\"xl\",\"image_position\":\"center-center\",\"text_color\":\"\",\"width_expand\":\"\",\"height\":\"\",\"padding\":\"xsmall\",\"header_transparent\":\"\",\"animation\":\"\",\"overlap\":true},\"children\":[{\"type\":\"row\",\"props\":{\"layout\":\"1-1\",\"breakpoint\":\"m\",\"fixed_width\":\"large\",\"column_gap\":\"\",\"row_gap\":\"\",\"width\":\"\",\"width_expand\":\"\",\"height\":\"\",\"margin\":\"\"},\"children\":[{\"type\":\"column\",\"props\":{\"image_position\":\"center-center\",\"media_overlay_gradient\":\"\",\"vertical_align\":\"\",\"style\":\"\",\"text_color\":\"\",\"padding\":\"\"},\"children\":[{\"type\":\"headline\",\"props\":{\"title_element\":\"h1\",\"title_style\":\"\",\"title_decoration\":\"\",\"title_font_family\":\"\",\"title_color\":\"\",\"position\":\"\",\"position_z_index\":\"\",\"margin\":\"\",\"maxwidth\":\"\",\"maxwidth_breakpoint\":\"\",\"block_align\":\"\",\"block_align_breakpoint\":\"\",\"block_align_fallback\":\"\",\"text_align\":\"\",\"text_align_breakpoint\":\"\",\"text_align_fallback\":\"\",\"animation\":\"\",\"visibility\":\"\",\"content\":\"Puede tramitar su solicitud:\"}},{\"type\":\"text\",\"props\":{\"margin\":\"default\",\"column_breakpoint\":\"m\",\"text_style\":\"\",\"text_color\":\"\",\"text_size\":\"\",\"column\":\"\",\"position\":\"\",\"position_z_index\":\"\",\"maxwidth\":\"\",\"maxwidth_breakpoint\":\"\",\"block_align\":\"\",\"block_align_breakpoint\":\"\",\"block_align_fallback\":\"\",\"text_align\":\"\",\"text_align_breakpoint\":\"\",\"text_align_fallback\":\"\",\"animation\":\"\",\"visibility\":\"\",\"content\":\"\n\n<p style=\\\"text-align: justify;\\\"><strong>Por internet rellenando el formulario de inscripci\\u00f3n en esta p\\u00e1gina (recomendado)<\\\/strong><\\\/p>\\n\n\n<p style=\\\"font-size: 12px;\\\">O excepcionalmente:\\n\n\n<ul>\\n\n\n<li style=\\\"font-size: 12px;\\\">Por correo electr\\u00f3nico a infocursos (arroba) musicaynaturaleza.com<\\\/li>\\n\n\n<li style=\\\"font-size: 12px;\\\">Por correo ordinario a: Cortijo de Fr\\u00edas, apdo. de correos N\\u00b0163 - 14940 - Cabra (C\\u00f3rdoba).<\\\/li>\\n<\\\/ul>\\n\n\n<p style=\\\"text-align: justify;\\\">Una vez le comuniquemos que su solicitud ha sido aceptada y tiene plaza en los cursos, puede realizar su ingreso en la cuenta bancaria que le facilitaremos.<\\\/p>\"}}]}]}]},{\"type\":\"section\",\"props\":{\"style\":\"default\",\"width\":\"default\",\"vertical_align\":\"middle\",\"title_position\":\"top-left\",\"title_rotation\":\"left\",\"title_breakpoint\":\"xl\",\"image_position\":\"center-center\",\"text_color\":\"\",\"width_expand\":\"\",\"height\":\"\",\"padding\":\"xsmall\",\"header_transparent\":\"\",\"animation\":\"\",\"overlap\":true},\"children\":[{\"type\":\"row\",\"props\":{\"layout\":\"1-1\",\"breakpoint\":\"m\",\"fixed_width\":\"large\",\"column_gap\":\"\",\"row_gap\":\"\",\"width\":\"\",\"width_expand\":\"\",\"height\":\"\",\"margin\":\"\"},\"children\":[{\"type\":\"column\",\"props\":{\"image_position\":\"center-center\",\"media_overlay_gradient\":\"\",\"vertical_align\":\"\",\"style\":\"\",\"text_color\":\"\",\"padding\":\"\"},\"children\":[{\"type\":\"html\",\"props\":{\"content\":\"[contact-form-7 id=\\\"1531\\\" title=\\\"Orquesta\\\"]\"}}]}]}]},{\"type\":\"section\",\"props\":{\"style\":\"secondary\",\"width\":\"default\",\"vertical_align\":\"middle\",\"title_position\":\"top-left\",\"title_rotation\":\"left\",\"title_breakpoint\":\"xl\",\"image_position\":\"center-center\",\"text_color\":\"\",\"width_expand\":\"\",\"height\":\"\",\"padding\":\"xsmall\",\"header_transparent\":\"\",\"animation\":\"\",\"overlap\":true},\"children\":[{\"type\":\"row\",\"props\":{\"layout\":\"1-1\",\"breakpoint\":\"m\",\"fixed_width\":\"large\",\"column_gap\":\"\",\"row_gap\":\"\",\"width\":\"\",\"width_expand\":\"\",\"height\":\"\",\"margin\":\"\"},\"children\":[{\"type\":\"column\",\"props\":{\"image_position\":\"center-center\",\"media_overlay_gradient\":\"\",\"vertical_align\":\"\",\"style\":\"\",\"text_color\":\"\",\"padding\":\"\"},\"children\":[{\"type\":\"headline\",\"props\":{\"title_element\":\"h1\",\"title_style\":\"\",\"title_decoration\":\"bullet\",\"title_font_family\":\"\",\"title_color\":\"\",\"position\":\"\",\"position_z_index\":\"\",\"margin\":\"\",\"maxwidth\":\"\",\"maxwidth_breakpoint\":\"\",\"block_align\":\"\",\"block_align_breakpoint\":\"\",\"block_align_fallback\":\"\",\"text_align\":\"\",\"text_align_breakpoint\":\"\",\"text_align_fallback\":\"\",\"animation\":\"\",\"visibility\":\"\",\"content\":\"Nota importante\"}},{\"type\":\"text\",\"props\":{\"margin\":\"default\",\"column_breakpoint\":\"m\",\"text_style\":\"\",\"text_color\":\"\",\"text_size\":\"\",\"column\":\"\",\"position\":\"\",\"position_z_index\":\"\",\"maxwidth\":\"\",\"maxwidth_breakpoint\":\"\",\"block_align\":\"\",\"block_align_breakpoint\":\"\",\"block_align_fallback\":\"\",\"text_align\":\"\",\"text_align_breakpoint\":\"\",\"text_align_fallback\":\"\",\"animation\":\"\",\"visibility\":\"\",\"content\":\"\n\n<p style=\\\"font-weight: 400; text-align: justify;\\\">Debido a la alta demanda en algunas especialidades de nuestros Cursos no podemos aceptar todas las solicitudes, por lo que rogamos pongan a sus hijo\\\/as\\u00a0en conocimiento de este posible hecho. Por la misma causa les pedimos que, en la medida de lo posible, antes de tramitar esta inscripcio\\u0301n prevean sus posibilidades reales de asistencia al Curso (por cuestiones de fecha, vacaciones, etc.). Si ya han tramitado la solicitud y finalmente no pueden asistir, comun\\u00edquenlo con la mayor brevedad posible a la organizacio\\u0301n para as\\u00ed poder avisar al alumnado en lista de espera. En el apartado matriculaci\\u00f3n tienen los criterios de devoluci\\u00f3n del\\u00a0importe de la matr\\u00edcula, en funci\\u00f3n de la fecha de comunicaci\\u00f3n de la anulaci\\u00f3n de la misma.\\u00a0<\\\/p>\\n\n\n<p style=\\\"font-weight: 400; text-align: justify;\\\">Todos los datos de cara\\u0301cter personal proporcionados quedara\\u0301n recogidos en archivo propiedad de Mu\\u0301sica y Naturaleza y sera\\u0301n utilizados u\\u0301nicamente para la gestio\\u0301n e informacio\\u0301n de nuestras convocatorias y servicios, pudiendo en todo caso solicitar la exclusio\\u0301n de dicho archivo.<\\\/p>\"}}]}]}]}],\"version\":\"1.22.8\",\"props\":[]} --><\/p>\n","protected":false},"excerpt":{"rendered":"<p>Inscripci\u00f3n Curso Orquesta Puede tramitar su solicitud: Por internet rellenando el formulario de inscripci\u00f3n en esta p\u00e1gina (recomendado) O excepcionalmente: Por correo electr\u00f3nico a infocursos (arroba) musicaynaturaleza.com Por correo ordinario a: Cortijo de Fr\u00edas, apdo. de correos N\u00b0163 &#8211; 14940 &#8211; Cabra (C\u00f3rdoba). Una vez le comuniquemos que su solicitud ha sido aceptada y tiene [&hellip;]<\/p>\n","protected":false},"author":1,"featured_media":0,"parent":0,"menu_order":0,"comment_status":"closed","ping_status":"closed","template":"","meta":{"footnotes":""},"_links":{"self":[{"href":"https:\/\/www.musicaynaturaleza.com\/index.php?rest_route=\/wp\/v2\/pages\/2068"}],"collection":[{"href":"https:\/\/www.musicaynaturaleza.com\/index.php?rest_route=\/wp\/v2\/pages"}],"about":[{"href":"https:\/\/www.musicaynaturaleza.com\/index.php?rest_route=\/wp\/v2\/types\/page"}],"author":[{"embeddable":true,"href":"https:\/\/www.musicaynaturaleza.com\/index.php?rest_route=\/wp\/v2\/users\/1"}],"replies":[{"embeddable":true,"href":"https:\/\/www.musicaynaturaleza.com\/index.php?rest_route=%2Fwp%2Fv2%2Fcomments&post=2068"}],"version-history":[{"count":4,"href":"https:\/\/www.musicaynaturaleza.com\/index.php?rest_route=\/wp\/v2\/pages\/2068\/revisions"}],"predecessor-version":[{"id":2170,"href":"https:\/\/www.musicaynaturaleza.com\/index.php?rest_route=\/wp\/v2\/pages\/2068\/revisions\/2170"}],"wp:attachment":[{"href":"https:\/\/www.musicaynaturaleza.com\/index.php?rest_route=%2Fwp%2Fv2%2Fmedia&parent=2068"}],"curies":[{"name":"wp","href":"https:\/\/api.w.org\/{rel}","templated":true}]}}