{"id":1970,"date":"2021-11-24T09:30:54","date_gmt":"2021-11-24T09:30:54","guid":{"rendered":"http:\/\/www.musicaynaturaleza.com\/?page_id=1970"},"modified":"2021-11-24T09:39:20","modified_gmt":"2021-11-24T09:39:20","slug":"galeria-camara","status":"publish","type":"page","link":"https:\/\/www.musicaynaturaleza.com\/?page_id=1970","title":{"rendered":"Galer\u00eda C\u00e1mara"},"content":{"rendered":"<h1>Galer\u00eda Curso de C\u00e1mara<\/h1>\n<ul>\n<li>\n<p>        <img decoding=\"async\" src=\"wp-content\/uploads\/2021\/11\/C005.jpg\" alt=\"\"><\/p>\n<h3>C005<\/h3>\n<\/li>\n<li>\n<p>        <img decoding=\"async\" src=\"wp-content\/uploads\/2021\/11\/C001.jpg\" alt=\"\"><\/p>\n<h3>C001<\/h3>\n<\/li>\n<li>\n<p>        <img decoding=\"async\" src=\"wp-content\/uploads\/2021\/11\/C002.jpg\" alt=\"\"><\/p>\n<h3>C002<\/h3>\n<\/li>\n<li>\n<p>        <img decoding=\"async\" src=\"wp-content\/uploads\/2021\/11\/C003.jpg\" alt=\"\"><\/p>\n<h3>C003<\/h3>\n<\/li>\n<li>\n<p>        <img decoding=\"async\" src=\"wp-content\/uploads\/2021\/11\/C004.jpg\" alt=\"\"><\/p>\n<h3>C004<\/h3>\n<\/li>\n<li>\n<p>        <img decoding=\"async\" src=\"wp-content\/uploads\/2021\/11\/C006.jpg\" alt=\"\"><\/p>\n<h3>C006<\/h3>\n<\/li>\n<li>\n<p>        <img decoding=\"async\" src=\"wp-content\/uploads\/2021\/11\/C007.jpg\" alt=\"\"><\/p>\n<h3>C007<\/h3>\n<\/li>\n<li>\n<p>        <img decoding=\"async\" src=\"wp-content\/uploads\/2021\/11\/C008.jpg\" alt=\"\"><\/p>\n<h3>C008<\/h3>\n<\/li>\n<li>\n<p>        <img decoding=\"async\" src=\"wp-content\/uploads\/2021\/11\/C009.jpg\" alt=\"\"><\/p>\n<h3>C009<\/h3>\n<\/li>\n<li>\n<p>        <img decoding=\"async\" src=\"wp-content\/uploads\/2021\/11\/C010.jpg\" alt=\"\"><\/p>\n<h3>C010<\/h3>\n<\/li>\n<li>\n<p>        <img decoding=\"async\" src=\"wp-content\/uploads\/2021\/11\/C011.jpg\" alt=\"\"><\/p>\n<h3>C011<\/h3>\n<\/li>\n<li>\n<p>        <img decoding=\"async\" src=\"wp-content\/uploads\/2021\/11\/C012.jpg\" alt=\"\"><\/p>\n<h3>C012<\/h3>\n<\/li>\n<li>\n<p>        <img decoding=\"async\" src=\"wp-content\/uploads\/2021\/11\/C013.jpg\" alt=\"\"><\/p>\n<h3>C013<\/h3>\n<\/li>\n<li>\n<p>        <img decoding=\"async\" src=\"wp-content\/uploads\/2021\/11\/C014.jpg\" alt=\"\"><\/p>\n<h3>C014<\/h3>\n<\/li>\n<li>\n<p>        <img decoding=\"async\" src=\"wp-content\/uploads\/2021\/11\/C015.jpg\" alt=\"\"><\/p>\n<h3>C015<\/h3>\n<\/li>\n<li>\n<p>        <img decoding=\"async\" src=\"wp-content\/uploads\/2021\/11\/C016.jpg\" alt=\"\"><\/p>\n<h3>C016<\/h3>\n<\/li>\n<li>\n<p>        <img decoding=\"async\" src=\"wp-content\/uploads\/2021\/11\/C017.jpg\" alt=\"\"><\/p>\n<h3>C017<\/h3>\n<\/li>\n<li>\n<p>        <img decoding=\"async\" src=\"wp-content\/uploads\/2021\/11\/C018.jpg\" alt=\"\"><\/p>\n<h3>C018<\/h3>\n<\/li>\n<li>\n<p>        <img decoding=\"async\" src=\"wp-content\/uploads\/2021\/11\/C019.jpg\" alt=\"\"><\/p>\n<h3>C019<\/h3>\n<\/li>\n<li>\n<p>        <img decoding=\"async\" src=\"wp-content\/uploads\/2021\/11\/C020.jpg\" alt=\"\"><\/p>\n<h3>C020<\/h3>\n<\/li>\n<li>\n<p>        <img decoding=\"async\" src=\"wp-content\/uploads\/2021\/11\/C021.jpg\" alt=\"\"><\/p>\n<h3>C021<\/h3>\n<\/li>\n<li>\n<p>        <img decoding=\"async\" src=\"wp-content\/uploads\/2021\/11\/C022.jpg\" alt=\"\"><\/p>\n<h3>C022<\/h3>\n<\/li>\n<li>\n<p>        <img decoding=\"async\" src=\"wp-content\/uploads\/2021\/11\/C023.jpg\" alt=\"\"><\/p>\n<h3>C023<\/h3>\n<\/li>\n<li>\n<p>        <img decoding=\"async\" src=\"wp-content\/uploads\/2021\/11\/C024.jpg\" alt=\"\"><\/p>\n<h3>C024<\/h3>\n<\/li>\n<li>\n<p>        <img decoding=\"async\" src=\"wp-content\/uploads\/2021\/11\/C025.jpg\" alt=\"\"><\/p>\n<h3>C025<\/h3>\n<\/li>\n<li>\n<p>        <img decoding=\"async\" src=\"wp-content\/uploads\/2021\/11\/C026.jpg\" alt=\"\"><\/p>\n<h3>C026<\/h3>\n<\/li>\n<li>\n<p>        <img decoding=\"async\" src=\"wp-content\/uploads\/2021\/11\/C027.jpg\" alt=\"\"><\/p>\n<h3>C027<\/h3>\n<\/li>\n<li>\n<p>        <img decoding=\"async\" src=\"wp-content\/uploads\/2021\/11\/C028.jpg\" alt=\"\"><\/p>\n<h3>C028<\/h3>\n<\/li>\n<li>\n<p>        <img decoding=\"async\" src=\"wp-content\/uploads\/2021\/11\/C029.jpg\" alt=\"\"><\/p>\n<h3>C029<\/h3>\n<\/li>\n<li>\n<p>        <img decoding=\"async\" src=\"wp-content\/uploads\/2021\/11\/C030.jpg\" alt=\"\"><\/p>\n<h3>C030<\/h3>\n<\/li>\n<li>\n<p>        <img decoding=\"async\" src=\"wp-content\/uploads\/2021\/11\/C031.jpg\" alt=\"\"><\/p>\n<h3>C031<\/h3>\n<\/li>\n<li>\n<p>        <img decoding=\"async\" src=\"wp-content\/uploads\/2021\/11\/C032.jpg\" alt=\"\"><\/p>\n<h3>C032<\/h3>\n<\/li>\n<li>\n<p>        <img decoding=\"async\" src=\"wp-content\/uploads\/2021\/11\/C033.jpg\" alt=\"\"><\/p>\n<h3>C033<\/h3>\n<\/li>\n<li>\n<p>        <img decoding=\"async\" src=\"wp-content\/uploads\/2021\/11\/C034.jpg\" alt=\"\"><\/p>\n<h3>C034<\/h3>\n<\/li>\n<li>\n<p>        <img decoding=\"async\" src=\"wp-content\/uploads\/2021\/11\/C035.jpg\" alt=\"\"><\/p>\n<h3>C035<\/h3>\n<\/li>\n<li>\n<p>        <img decoding=\"async\" src=\"wp-content\/uploads\/2021\/11\/C036.jpg\" alt=\"\"><\/p>\n<h3>C036<\/h3>\n<\/li>\n<li>\n<p>        <img decoding=\"async\" src=\"wp-content\/uploads\/2021\/11\/C037.jpg\" alt=\"\"><\/p>\n<h3>C037<\/h3>\n<\/li>\n<li>\n<p>        <img decoding=\"async\" src=\"wp-content\/uploads\/2021\/11\/C038.jpg\" alt=\"\"><\/p>\n<h3>C038<\/h3>\n<\/li>\n<li>\n<p>        <img decoding=\"async\" src=\"wp-content\/uploads\/2021\/11\/C039.jpg\" alt=\"\"><\/p>\n<h3>C039<\/h3>\n<\/li>\n<li>\n<p>        <img decoding=\"async\" src=\"wp-content\/uploads\/2021\/11\/C040.jpg\" alt=\"\"><\/p>\n<h3>C040<\/h3>\n<\/li>\n<li>\n<p>        <img decoding=\"async\" src=\"wp-content\/uploads\/2021\/11\/C041.jpg\" alt=\"\"><\/p>\n<h3>C041<\/h3>\n<\/li>\n<li>\n<p>        <img decoding=\"async\" src=\"wp-content\/uploads\/2021\/11\/C042.jpg\" alt=\"\"><\/p>\n<h3>C042<\/h3>\n<\/li>\n<li>\n<p>        <img decoding=\"async\" src=\"wp-content\/uploads\/2021\/11\/C043.jpg\" alt=\"\"><\/p>\n<h3>C043<\/h3>\n<\/li>\n<li>\n<p>        <img decoding=\"async\" src=\"wp-content\/uploads\/2021\/11\/C044.jpg\" alt=\"\"><\/p>\n<h3>C044<\/h3>\n<\/li>\n<li>\n<p>        <img decoding=\"async\" src=\"wp-content\/uploads\/2021\/11\/C045.jpg\" alt=\"\"><\/p>\n<h3>C045<\/h3>\n<\/li>\n<li>\n<p>        <img decoding=\"async\" src=\"wp-content\/uploads\/2021\/11\/C046.jpg\" alt=\"\"><\/p>\n<h3>C046<\/h3>\n<\/li>\n<li>\n<p>        <img decoding=\"async\" src=\"wp-content\/uploads\/2021\/11\/C047.jpg\" alt=\"\"><\/p>\n<h3>C047<\/h3>\n<\/li>\n<li>\n<p>        <img decoding=\"async\" src=\"wp-content\/uploads\/2021\/11\/C048.jpg\" alt=\"\"><\/p>\n<h3>C048<\/h3>\n<\/li>\n<li>\n<p>        <img decoding=\"async\" src=\"wp-content\/uploads\/2021\/11\/C049.jpg\" alt=\"\"><\/p>\n<h3>C049<\/h3>\n<\/li>\n<li>\n<p>        <img decoding=\"async\" src=\"wp-content\/uploads\/2021\/11\/C050.jpg\" alt=\"\"><\/p>\n<h3>C050<\/h3>\n<\/li>\n<li>\n<p>        <img decoding=\"async\" src=\"wp-content\/uploads\/2021\/11\/C051.jpg\" alt=\"\"><\/p>\n<h3>C051<\/h3>\n<\/li>\n<li>\n<p>        <img decoding=\"async\" src=\"wp-content\/uploads\/2021\/11\/C052.jpg\" alt=\"\"><\/p>\n<h3>C052<\/h3>\n<\/li>\n<li>\n<p>        <img decoding=\"async\" src=\"wp-content\/uploads\/2021\/11\/C053.jpg\" alt=\"\"><\/p>\n<h3>C053<\/h3>\n<\/li>\n<li>\n<p>        <img decoding=\"async\" src=\"wp-content\/uploads\/2021\/11\/C054.jpg\" alt=\"\"><\/p>\n<h3>C054<\/h3>\n<\/li>\n<li>\n<p>        <img decoding=\"async\" src=\"wp-content\/uploads\/2021\/11\/C055-scaled.jpg\" alt=\"\"><\/p>\n<h3>C055<\/h3>\n<\/li>\n<li>\n<p>        <img decoding=\"async\" src=\"wp-content\/uploads\/2021\/11\/C056-scaled.jpg\" alt=\"\"><\/p>\n<h3>C056<\/h3>\n<\/li>\n<li>\n<p>        <img decoding=\"async\" src=\"wp-content\/uploads\/2021\/11\/C057-scaled.jpg\" alt=\"\"><\/p>\n<h3>C057<\/h3>\n<\/li>\n<li>\n<p>        <img decoding=\"async\" src=\"wp-content\/uploads\/2021\/11\/C058-scaled.jpg\" alt=\"\"><\/p>\n<h3>C058<\/h3>\n<\/li>\n<li>\n<p>        <img decoding=\"async\" src=\"wp-content\/uploads\/2021\/11\/C059-scaled.jpg\" alt=\"\"><\/p>\n<h3>C059<\/h3>\n<\/li>\n<li>\n<p>        <img decoding=\"async\" src=\"wp-content\/uploads\/2021\/11\/C060.jpg\" alt=\"\"><\/p>\n<h3>C060<\/h3>\n<\/li>\n<\/ul>\n<p><!-- {\"type\":\"layout\",\"children\":[{\"type\":\"section\",\"props\":{\"style\":\"default\",\"width\":\"default\",\"vertical_align\":\"middle\",\"title_position\":\"top-left\",\"title_rotation\":\"left\",\"title_breakpoint\":\"xl\",\"image_position\":\"center-center\",\"text_color\":\"\",\"width_expand\":\"\",\"height\":\"\",\"padding\":\"xsmall\",\"header_transparent\":\"\",\"animation\":\"\",\"overlap\":true},\"children\":[{\"type\":\"row\",\"props\":{\"layout\":\"1-1\",\"breakpoint\":\"m\",\"fixed_width\":\"large\",\"column_gap\":\"\",\"row_gap\":\"\",\"width\":\"\",\"width_expand\":\"\",\"height\":\"\",\"margin\":\"\"},\"children\":[{\"type\":\"column\",\"props\":{\"image_position\":\"center-center\",\"media_overlay_gradient\":\"\",\"vertical_align\":\"\",\"style\":\"\",\"text_color\":\"\",\"padding\":\"\"},\"children\":[{\"type\":\"headline\",\"props\":{\"title_element\":\"h1\",\"title_style\":\"heading-small\",\"title_decoration\":\"\",\"title_font_family\":\"\",\"title_color\":\"\",\"position\":\"\",\"position_z_index\":\"\",\"margin\":\"\",\"maxwidth\":\"\",\"maxwidth_breakpoint\":\"\",\"block_align\":\"\",\"block_align_breakpoint\":\"\",\"block_align_fallback\":\"\",\"text_align\":\"\",\"text_align_breakpoint\":\"\",\"text_align_fallback\":\"\",\"animation\":\"\",\"visibility\":\"\",\"content\":\"Galer\\u00eda Curso de C\\u00e1mara\"}},{\"type\":\"gallery\",\"props\":{\"show_title\":false,\"show_meta\":false,\"show_content\":false,\"show_link\":true,\"show_hover_image\":false,\"grid_default\":\"2\",\"grid_medium\":\"6\",\"filter_style\":\"tab\",\"filter_all\":true,\"filter_position\":\"top\",\"filter_align\":\"left\",\"filter_grid_width\":\"auto\",\"filter_grid_breakpoint\":\"m\",\"overlay_mode\":\"cover\",\"overlay_hover\":true,\"overlay_style\":\"overlay-primary\",\"text_color\":\"\",\"overlay_position\":\"center\",\"overlay_transition\":\"fade\",\"title_element\":\"h3\",\"meta_style\":\"meta\",\"meta_align\":\"below-title\",\"link_text\":\"Ampliar\",\"link_style\":\"default\",\"text_align\":\"center\",\"margin\":\"default\",\"item_animation\":\"\",\"grid_column_gap\":\"small\",\"grid_row_gap\":\"small\",\"grid_small\":\"\",\"grid_large\":\"\",\"grid_xlarge\":\"\",\"filter_margin\":\"\",\"filter_grid_column_gap\":\"\",\"filter_grid_row_gap\":\"\",\"title_display\":\"\",\"content_display\":\"lightbox\",\"item_maxwidth\":\"\",\"overlay_padding\":\"small\",\"overlay_margin\":\"\",\"overlay_maxwidth\":\"\",\"image_transition\":\"scale-up\",\"image_box_shadow\":\"\",\"image_hover_box_shadow\":\"\",\"image_box_decoration\":\"mask\",\"title_transition\":\"\",\"title_style\":\"\",\"title_decoration\":\"\",\"title_font_family\":\"\",\"title_color\":\"\",\"title_margin\":\"\",\"meta_transition\":\"\",\"meta_color\":\"\",\"meta_margin\":\"\",\"content_transition\":\"\",\"content_style\":\"\",\"content_margin\":\"\",\"link_type\":\"element\",\"link_transition\":\"\",\"link_size\":\"small\",\"link_margin\":\"\",\"position\":\"\",\"position_z_index\":\"\",\"maxwidth\":\"\",\"maxwidth_breakpoint\":\"\",\"block_align\":\"\",\"block_align_breakpoint\":\"\",\"block_align_fallback\":\"\",\"text_align_breakpoint\":\"\",\"text_align_fallback\":\"\",\"visibility\":\"\",\"grid_masonry\":true,\"lightbox\":true,\"lightbox_image_orientation\":false,\"grid_parallax\":\"0\",\"filter\":false,\"lightbox_image_width\":\"\",\"lightbox_image_height\":\"\",\"image_width\":\"150\",\"image_height\":\"150\",\"grid_divider\":false},\"children\":[{\"type\":\"gallery_item\",\"props\":{\"title\":\"C005\",\"image\":\"wp-content\\\/uploads\\\/2021\\\/11\\\/C005.jpg\"}},{\"type\":\"gallery_item\",\"props\":{\"title\":\"C001\",\"image\":\"wp-content\\\/uploads\\\/2021\\\/11\\\/C001.jpg\"}},{\"type\":\"gallery_item\",\"props\":{\"title\":\"C002\",\"image\":\"wp-content\\\/uploads\\\/2021\\\/11\\\/C002.jpg\"}},{\"type\":\"gallery_item\",\"props\":{\"title\":\"C003\",\"image\":\"wp-content\\\/uploads\\\/2021\\\/11\\\/C003.jpg\"}},{\"type\":\"gallery_item\",\"props\":{\"title\":\"C004\",\"image\":\"wp-content\\\/uploads\\\/2021\\\/11\\\/C004.jpg\"}},{\"type\":\"gallery_item\",\"props\":{\"title\":\"C006\",\"image\":\"wp-content\\\/uploads\\\/2021\\\/11\\\/C006.jpg\"}},{\"type\":\"gallery_item\",\"props\":{\"title\":\"C007\",\"image\":\"wp-content\\\/uploads\\\/2021\\\/11\\\/C007.jpg\"}},{\"type\":\"gallery_item\",\"props\":{\"title\":\"C008\",\"image\":\"wp-content\\\/uploads\\\/2021\\\/11\\\/C008.jpg\"}},{\"type\":\"gallery_item\",\"props\":{\"title\":\"C009\",\"image\":\"wp-content\\\/uploads\\\/2021\\\/11\\\/C009.jpg\"}},{\"type\":\"gallery_item\",\"props\":{\"title\":\"C010\",\"image\":\"wp-content\\\/uploads\\\/2021\\\/11\\\/C010.jpg\"}},{\"type\":\"gallery_item\",\"props\":{\"title\":\"C011\",\"image\":\"wp-content\\\/uploads\\\/2021\\\/11\\\/C011.jpg\"}},{\"type\":\"gallery_item\",\"props\":{\"title\":\"C012\",\"image\":\"wp-content\\\/uploads\\\/2021\\\/11\\\/C012.jpg\"}},{\"type\":\"gallery_item\",\"props\":{\"title\":\"C013\",\"image\":\"wp-content\\\/uploads\\\/2021\\\/11\\\/C013.jpg\"}},{\"type\":\"gallery_item\",\"props\":{\"title\":\"C014\",\"image\":\"wp-content\\\/uploads\\\/2021\\\/11\\\/C014.jpg\"}},{\"type\":\"gallery_item\",\"props\":{\"title\":\"C015\",\"image\":\"wp-content\\\/uploads\\\/2021\\\/11\\\/C015.jpg\"}},{\"type\":\"gallery_item\",\"props\":{\"title\":\"C016\",\"image\":\"wp-content\\\/uploads\\\/2021\\\/11\\\/C016.jpg\"}},{\"type\":\"gallery_item\",\"props\":{\"title\":\"C017\",\"image\":\"wp-content\\\/uploads\\\/2021\\\/11\\\/C017.jpg\"}},{\"type\":\"gallery_item\",\"props\":{\"title\":\"C018\",\"image\":\"wp-content\\\/uploads\\\/2021\\\/11\\\/C018.jpg\"}},{\"type\":\"gallery_item\",\"props\":{\"title\":\"C019\",\"image\":\"wp-content\\\/uploads\\\/2021\\\/11\\\/C019.jpg\"}},{\"type\":\"gallery_item\",\"props\":{\"title\":\"C020\",\"image\":\"wp-content\\\/uploads\\\/2021\\\/11\\\/C020.jpg\"}},{\"type\":\"gallery_item\",\"props\":{\"title\":\"C021\",\"image\":\"wp-content\\\/uploads\\\/2021\\\/11\\\/C021.jpg\"}},{\"type\":\"gallery_item\",\"props\":{\"title\":\"C022\",\"image\":\"wp-content\\\/uploads\\\/2021\\\/11\\\/C022.jpg\"}},{\"type\":\"gallery_item\",\"props\":{\"title\":\"C023\",\"image\":\"wp-content\\\/uploads\\\/2021\\\/11\\\/C023.jpg\"}},{\"type\":\"gallery_item\",\"props\":{\"title\":\"C024\",\"image\":\"wp-content\\\/uploads\\\/2021\\\/11\\\/C024.jpg\"}},{\"type\":\"gallery_item\",\"props\":{\"title\":\"C025\",\"image\":\"wp-content\\\/uploads\\\/2021\\\/11\\\/C025.jpg\"}},{\"type\":\"gallery_item\",\"props\":{\"title\":\"C026\",\"image\":\"wp-content\\\/uploads\\\/2021\\\/11\\\/C026.jpg\"}},{\"type\":\"gallery_item\",\"props\":{\"title\":\"C027\",\"image\":\"wp-content\\\/uploads\\\/2021\\\/11\\\/C027.jpg\"}},{\"type\":\"gallery_item\",\"props\":{\"title\":\"C028\",\"image\":\"wp-content\\\/uploads\\\/2021\\\/11\\\/C028.jpg\"}},{\"type\":\"gallery_item\",\"props\":{\"title\":\"C029\",\"image\":\"wp-content\\\/uploads\\\/2021\\\/11\\\/C029.jpg\"}},{\"type\":\"gallery_item\",\"props\":{\"title\":\"C030\",\"image\":\"wp-content\\\/uploads\\\/2021\\\/11\\\/C030.jpg\"}},{\"type\":\"gallery_item\",\"props\":{\"title\":\"C031\",\"image\":\"wp-content\\\/uploads\\\/2021\\\/11\\\/C031.jpg\"}},{\"type\":\"gallery_item\",\"props\":{\"title\":\"C032\",\"image\":\"wp-content\\\/uploads\\\/2021\\\/11\\\/C032.jpg\"}},{\"type\":\"gallery_item\",\"props\":{\"title\":\"C033\",\"image\":\"wp-content\\\/uploads\\\/2021\\\/11\\\/C033.jpg\"}},{\"type\":\"gallery_item\",\"props\":{\"title\":\"C034\",\"image\":\"wp-content\\\/uploads\\\/2021\\\/11\\\/C034.jpg\"}},{\"type\":\"gallery_item\",\"props\":{\"title\":\"C035\",\"image\":\"wp-content\\\/uploads\\\/2021\\\/11\\\/C035.jpg\"}},{\"type\":\"gallery_item\",\"props\":{\"title\":\"C036\",\"image\":\"wp-content\\\/uploads\\\/2021\\\/11\\\/C036.jpg\"}},{\"type\":\"gallery_item\",\"props\":{\"title\":\"C037\",\"image\":\"wp-content\\\/uploads\\\/2021\\\/11\\\/C037.jpg\"}},{\"type\":\"gallery_item\",\"props\":{\"title\":\"C038\",\"image\":\"wp-content\\\/uploads\\\/2021\\\/11\\\/C038.jpg\"}},{\"type\":\"gallery_item\",\"props\":{\"title\":\"C039\",\"image\":\"wp-content\\\/uploads\\\/2021\\\/11\\\/C039.jpg\"}},{\"type\":\"gallery_item\",\"props\":{\"title\":\"C040\",\"image\":\"wp-content\\\/uploads\\\/2021\\\/11\\\/C040.jpg\"}},{\"type\":\"gallery_item\",\"props\":{\"title\":\"C041\",\"image\":\"wp-content\\\/uploads\\\/2021\\\/11\\\/C041.jpg\"}},{\"type\":\"gallery_item\",\"props\":{\"title\":\"C042\",\"image\":\"wp-content\\\/uploads\\\/2021\\\/11\\\/C042.jpg\"}},{\"type\":\"gallery_item\",\"props\":{\"title\":\"C043\",\"image\":\"wp-content\\\/uploads\\\/2021\\\/11\\\/C043.jpg\"}},{\"type\":\"gallery_item\",\"props\":{\"title\":\"C044\",\"image\":\"wp-content\\\/uploads\\\/2021\\\/11\\\/C044.jpg\"}},{\"type\":\"gallery_item\",\"props\":{\"title\":\"C045\",\"image\":\"wp-content\\\/uploads\\\/2021\\\/11\\\/C045.jpg\"}},{\"type\":\"gallery_item\",\"props\":{\"title\":\"C046\",\"image\":\"wp-content\\\/uploads\\\/2021\\\/11\\\/C046.jpg\"}},{\"type\":\"gallery_item\",\"props\":{\"title\":\"C047\",\"image\":\"wp-content\\\/uploads\\\/2021\\\/11\\\/C047.jpg\"}},{\"type\":\"gallery_item\",\"props\":{\"title\":\"C048\",\"image\":\"wp-content\\\/uploads\\\/2021\\\/11\\\/C048.jpg\"}},{\"type\":\"gallery_item\",\"props\":{\"title\":\"C049\",\"image\":\"wp-content\\\/uploads\\\/2021\\\/11\\\/C049.jpg\"}},{\"type\":\"gallery_item\",\"props\":{\"title\":\"C050\",\"image\":\"wp-content\\\/uploads\\\/2021\\\/11\\\/C050.jpg\"}},{\"type\":\"gallery_item\",\"props\":{\"title\":\"C051\",\"image\":\"wp-content\\\/uploads\\\/2021\\\/11\\\/C051.jpg\"}},{\"type\":\"gallery_item\",\"props\":{\"title\":\"C052\",\"image\":\"wp-content\\\/uploads\\\/2021\\\/11\\\/C052.jpg\"}},{\"type\":\"gallery_item\",\"props\":{\"title\":\"C053\",\"image\":\"wp-content\\\/uploads\\\/2021\\\/11\\\/C053.jpg\"}},{\"type\":\"gallery_item\",\"props\":{\"title\":\"C054\",\"image\":\"wp-content\\\/uploads\\\/2021\\\/11\\\/C054.jpg\"}},{\"type\":\"gallery_item\",\"props\":{\"title\":\"C055\",\"image\":\"wp-content\\\/uploads\\\/2021\\\/11\\\/C055-scaled.jpg\"}},{\"type\":\"gallery_item\",\"props\":{\"title\":\"C056\",\"image\":\"wp-content\\\/uploads\\\/2021\\\/11\\\/C056-scaled.jpg\"}},{\"type\":\"gallery_item\",\"props\":{\"title\":\"C057\",\"image\":\"wp-content\\\/uploads\\\/2021\\\/11\\\/C057-scaled.jpg\"}},{\"type\":\"gallery_item\",\"props\":{\"title\":\"C058\",\"image\":\"wp-content\\\/uploads\\\/2021\\\/11\\\/C058-scaled.jpg\"}},{\"type\":\"gallery_item\",\"props\":{\"title\":\"C059\",\"image\":\"wp-content\\\/uploads\\\/2021\\\/11\\\/C059-scaled.jpg\"}},{\"type\":\"gallery_item\",\"props\":{\"title\":\"C060\",\"image\":\"wp-content\\\/uploads\\\/2021\\\/11\\\/C060.jpg\"}}]}]}]}],\"name\":\"titularygaleria\"}],\"version\":\"1.22.8\"} --><\/p>\n","protected":false},"excerpt":{"rendered":"<p>Galer\u00eda Curso de C\u00e1mara C005 C001 C002 C003 C004 C006 C007 C008 C009 C010 C011 C012 C013 C014 C015 C016 C017 C018 C019 C020 C021 C022 C023 C024 C025 C026 C027 C028 C029 C030 C031 C032 C033 C034 C035 C036 C037 C038 C039 C040 C041 C042 C043 C044 C045 C046 C047 C048 C049 C050 C051 [&hellip;]<\/p>\n","protected":false},"author":1,"featured_media":0,"parent":0,"menu_order":0,"comment_status":"closed","ping_status":"closed","template":"","meta":{"footnotes":""},"_links":{"self":[{"href":"https:\/\/www.musicaynaturaleza.com\/index.php?rest_route=\/wp\/v2\/pages\/1970"}],"collection":[{"href":"https:\/\/www.musicaynaturaleza.com\/index.php?rest_route=\/wp\/v2\/pages"}],"about":[{"href":"https:\/\/www.musicaynaturaleza.com\/index.php?rest_route=\/wp\/v2\/types\/page"}],"author":[{"embeddable":true,"href":"https:\/\/www.musicaynaturaleza.com\/index.php?rest_route=\/wp\/v2\/users\/1"}],"replies":[{"embeddable":true,"href":"https:\/\/www.musicaynaturaleza.com\/index.php?rest_route=%2Fwp%2Fv2%2Fcomments&post=1970"}],"version-history":[{"count":2,"href":"https:\/\/www.musicaynaturaleza.com\/index.php?rest_route=\/wp\/v2\/pages\/1970\/revisions"}],"predecessor-version":[{"id":1983,"href":"https:\/\/www.musicaynaturaleza.com\/index.php?rest_route=\/wp\/v2\/pages\/1970\/revisions\/1983"}],"wp:attachment":[{"href":"https:\/\/www.musicaynaturaleza.com\/index.php?rest_route=%2Fwp%2Fv2%2Fmedia&parent=1970"}],"curies":[{"name":"wp","href":"https:\/\/api.w.org\/{rel}","templated":true}]}}