{"id":1788,"date":"2021-11-23T18:53:24","date_gmt":"2021-11-23T18:53:24","guid":{"rendered":"http:\/\/www.musicaynaturaleza.com\/?page_id=1788"},"modified":"2021-11-23T19:00:32","modified_gmt":"2021-11-23T19:00:32","slug":"caracteristicas-del-curso-de-orquesta","status":"publish","type":"page","link":"https:\/\/www.musicaynaturaleza.com\/?page_id=1788","title":{"rendered":"Actividades Orquesta"},"content":{"rendered":"<h1>Actividades<\/h1>\n<div>\n<p style=\"text-align: justify;\"><strong>Horario y plan de trabajo del curso de Orquesta.<\/strong><\/p>\n<h3 style=\"text-align: justify;\"><b>8\u00b430 &#8211;\u00a0<\/b><b>DIANA- \u00a1\u00a1A LEVANTARSE!!<\/b><\/h3>\n<hr \/>\n<h2 style=\"text-align: justify;\">MA\u00d1ANAS<\/h2>\n<hr \/>\n<ul>\n<li><b>DESAYUNO<\/b><\/li>\n<li><b>ENSAYO ORQUESTA<\/b><\/li>\n<li><b>PARCIAL ORQUESTA<\/b><\/li>\n<li><b>TENTEMPI\u00c9<\/b><\/li>\n<li><b>CLASES INDIVIDUALES\/C\u00c1MARA \/ ESTUDIO<\/b><\/li>\n<li><b>PARCIAL ORQUESTA<\/b><\/li>\n<li><b>Clases individuales \/ Refuerzo \/ Libre disposici\u00f3n<\/b><\/li>\n<li><b>PISCINA,\u00a0 DEPORTE Y TIEMPO LIBRE<\/b><\/li>\n<\/ul>\n<hr \/>\n<p style=\"text-align: justify;\"><b>14\u00b400 &#8211; \u00a0<b>ALMUERZO<\/b><\/b><\/p>\n<hr \/>\n<h2 style=\"text-align: justify;\">TARDES<\/h2>\n<hr \/>\n<ul>\n<li><b>SIESTA \/ VIDEO-Silencio\u2026..<\/b><\/li>\n<li><b>PISCINA<\/b><\/li>\n<li><b>CLASES INDIVIDUALES, COLECTIVAS, M\u00daSICA DE C\u00c1MARA \/ESTUDIO<\/b><\/li>\n<li><b>ENSAYOS PIANISTA ACOMPA\u00d1ANTE\/ PREPARACI\u00d3N DE CONCIERTOS<\/b><\/li>\n<li><b>MERIENDA<\/b><\/li>\n<li><b>TALLERES EXTRAESCOLARES, DEPORTES o Refuerzo musical<\/b><\/li>\n<li><b>DUCHAS<\/b><\/li>\n<\/ul>\n<hr \/>\n<ul>\n<li><b><b>21\u00b415-<\/b>CENA<\/b><\/li>\n<li><b>22\u00b415-<b>CONCIERTOS, ACTIVIDADES L\u00daDICAS PROGRAMADAS<\/b><\/b><\/li>\n<li><b>23\u00b445-<b>SILENCIO \u00a1\u00a1A DORMIR!!<\/b><\/b><span style=\"line-height: 1.5em;\">\u00a0<\/span><\/li>\n<\/ul>\n<hr \/>\n<p style=\"text-align: justify;\">OTRAS ACTIVIDADES PROGRAMADAS:<\/p>\n<ul style=\"text-align: justify;\">\n<li>BARBACOA NOCTURNA<\/li>\n<li>JUEGOS COLECTIVOS SOCIABILIZADORES<\/li>\n<li>CONCIERTO P\u00daBLICO:\u00a0d\u00eda 7 a las 22\u00b415 horas<\/li>\n<li>GRABACI\u00d3N DEL CD: (tarde del d\u00eda 9)<\/li>\n<li>FIESTA DE FIN DE CURSO: (noche del d\u00eda 9)<\/li>\n<li>CONCIERTO DE CLAUSURA: (d\u00eda 10 a las 12 \u00b400 horas en el Teatro \u201cEl Jardinito\u201d)<\/li>\n<\/ul>\n<p style=\"text-align: justify;\">TALLERES: musicoterapia y miedo esc\u00e9nico, agricultura, ganader\u00eda, transformaci\u00f3n de productos, cocina, excursiones, deportes colectivos e individuales etc.<\/p>\n<p style=\"padding-left: 30px; text-align: right;\"><span style=\"font-size: small;\"><em>NOTA: este horario y plan de trabajo puede verse modificado en funci\u00f3n de circunstancias imprevistas.<\/em><\/span><\/p>\n<\/div>\n<p><!-- {\"type\":\"layout\",\"children\":[{\"type\":\"section\",\"props\":{\"style\":\"default\",\"width\":\"default\",\"vertical_align\":\"middle\",\"title_position\":\"top-left\",\"title_rotation\":\"left\",\"title_breakpoint\":\"xl\",\"image_position\":\"center-center\",\"text_color\":\"\",\"width_expand\":\"\",\"height\":\"\",\"padding\":\"xsmall\",\"header_transparent\":\"\",\"animation\":\"\",\"overlap\":true},\"children\":[{\"type\":\"row\",\"props\":{\"layout\":\"1-1\",\"breakpoint\":\"m\",\"fixed_width\":\"large\",\"column_gap\":\"\",\"row_gap\":\"\",\"width\":\"\",\"width_expand\":\"\",\"height\":\"\",\"margin\":\"small\",\"margin_remove_bottom\":true,\"margin_remove_top\":true},\"children\":[{\"type\":\"column\",\"props\":{\"image_position\":\"center-center\",\"media_overlay_gradient\":\"\",\"vertical_align\":\"\",\"style\":\"\",\"text_color\":\"\",\"padding\":\"\"},\"children\":[{\"type\":\"headline\",\"props\":{\"title_element\":\"h1\",\"title_style\":\"heading-small\",\"title_decoration\":\"\",\"title_font_family\":\"\",\"title_color\":\"\",\"position\":\"\",\"position_z_index\":\"\",\"margin\":\"\",\"maxwidth\":\"\",\"maxwidth_breakpoint\":\"\",\"block_align\":\"\",\"block_align_breakpoint\":\"\",\"block_align_fallback\":\"\",\"text_align\":\"\",\"text_align_breakpoint\":\"\",\"text_align_fallback\":\"\",\"animation\":\"\",\"visibility\":\"\",\"content\":\"Actividades\"}},{\"type\":\"text\",\"props\":{\"margin\":\"default\",\"column_breakpoint\":\"m\",\"text_style\":\"\",\"text_color\":\"\",\"text_size\":\"\",\"column\":\"\",\"position\":\"\",\"position_z_index\":\"\",\"maxwidth\":\"\",\"maxwidth_breakpoint\":\"\",\"block_align\":\"\",\"block_align_breakpoint\":\"\",\"block_align_fallback\":\"\",\"text_align\":\"\",\"text_align_breakpoint\":\"\",\"text_align_fallback\":\"\",\"animation\":\"\",\"visibility\":\"\",\"content\":\"\n\n<p style=\\\"text-align: justify;\\\"><strong>Horario y plan de trabajo del curso de Orquesta.<\\\/strong><\\\/p>\\n\n\n<h3 style=\\\"text-align: justify;\\\"><b>8\\u00b430 -\\u00a0<\\\/b><b>DIANA- \\u00a1\\u00a1A LEVANTARSE!!<\\\/b><\\\/h3>\\n\n\n<hr \\\/>\\n\n\n<h2 style=\\\"text-align: justify;\\\">MA\\u00d1ANAS<\\\/h2>\\n\n\n<hr \\\/>\\n\n\n<ul>\\n\n\n<li><b>DESAYUNO<\\\/b><\\\/li>\\n\n\n<li><b>ENSAYO ORQUESTA<\\\/b><\\\/li>\\n\n\n<li><b>PARCIAL ORQUESTA<\\\/b><\\\/li>\\n\n\n<li><b>TENTEMPI\\u00c9<\\\/b><\\\/li>\\n\n\n<li><b>CLASES INDIVIDUALES\\\/C\\u00c1MARA \\\/ ESTUDIO<\\\/b><\\\/li>\\n\n\n<li><b>PARCIAL ORQUESTA<\\\/b><\\\/li>\\n\n\n<li><b>Clases individuales \\\/ Refuerzo \\\/ Libre disposici\\u00f3n<\\\/b><\\\/li>\\n\n\n<li><b>PISCINA,\\u00a0 DEPORTE Y TIEMPO LIBRE<\\\/b><\\\/li>\\n<\\\/ul>\\n\n\n<hr \\\/>\\n\n\n<p style=\\\"text-align: justify;\\\"><b>14\\u00b400 - \\u00a0<b>ALMUERZO<\\\/b><\\\/b><\\\/p>\\n\n\n<hr \\\/>\\n\n\n<h2 style=\\\"text-align: justify;\\\">TARDES<\\\/h2>\\n\n\n<hr \\\/>\\n\n\n<ul>\\n\n\n<li><b>SIESTA \\\/ VIDEO-Silencio\\u2026..<\\\/b><\\\/li>\\n\n\n<li><b>PISCINA<\\\/b><\\\/li>\\n\n\n<li><b>CLASES INDIVIDUALES, COLECTIVAS, M\\u00daSICA DE C\\u00c1MARA \\\/ESTUDIO<\\\/b><\\\/li>\\n\n\n<li><b>ENSAYOS PIANISTA ACOMPA\\u00d1ANTE\\\/ PREPARACI\\u00d3N DE CONCIERTOS<\\\/b><\\\/li>\\n\n\n<li><b>MERIENDA<\\\/b><\\\/li>\\n\n\n<li><b>TALLERES EXTRAESCOLARES, DEPORTES o Refuerzo musical<\\\/b><\\\/li>\\n\n\n<li><b>DUCHAS<\\\/b><\\\/li>\\n<\\\/ul>\\n\n\n<hr \\\/>\\n\n\n<ul>\\n\n\n<li><b><b>21\\u00b415-<\\\/b>CENA<\\\/b><\\\/li>\\n\n\n<li><b>22\\u00b415-<b>CONCIERTOS, ACTIVIDADES L\\u00daDICAS PROGRAMADAS<\\\/b><\\\/b><\\\/li>\\n\n\n<li><b>23\\u00b445-<b>SILENCIO \\u00a1\\u00a1A DORMIR!!<\\\/b><\\\/b><span style=\\\"line-height: 1.5em;\\\">\\u00a0<\\\/span><\\\/li>\\n<\\\/ul>\\n\n\n<hr \\\/>\\n\n\n<p style=\\\"text-align: justify;\\\">OTRAS ACTIVIDADES PROGRAMADAS:<\\\/p>\\n\n\n<ul style=\\\"text-align: justify;\\\">\\n\n\n<li>BARBACOA NOCTURNA<\\\/li>\\n\n\n<li>JUEGOS COLECTIVOS SOCIABILIZADORES<\\\/li>\\n\n\n<li>CONCIERTO P\\u00daBLICO:\\u00a0d\\u00eda 7 a las 22\\u00b415 horas<\\\/li>\\n\n\n<li>GRABACI\\u00d3N DEL CD: (tarde del d\\u00eda 9)<\\\/li>\\n\n\n<li>FIESTA DE FIN DE CURSO: (noche del d\\u00eda 9)<\\\/li>\\n\n\n<li>CONCIERTO DE CLAUSURA: (d\\u00eda 10 a las 12 \\u00b400 horas en el Teatro \\u201cEl Jardinito\\u201d)<\\\/li>\\n<\\\/ul>\\n\n\n<p style=\\\"text-align: justify;\\\">TALLERES: musicoterapia y miedo esc\\u00e9nico, agricultura, ganader\\u00eda, transformaci\\u00f3n de productos, cocina, excursiones, deportes colectivos e individuales etc.<\\\/p>\\n\n\n<p style=\\\"padding-left: 30px; text-align: right;\\\"><span style=\\\"font-size: small;\\\"><em>NOTA: este horario y plan de trabajo puede verse modificado en funci\\u00f3n de circunstancias imprevistas.<\\\/em><\\\/span><\\\/p>\"}}]}]}]}],\"version\":\"1.22.8\"} --><\/p>\n","protected":false},"excerpt":{"rendered":"<p>Actividades Horario y plan de trabajo del curso de Orquesta. 8\u00b430 &#8211;\u00a0DIANA- \u00a1\u00a1A LEVANTARSE!! MA\u00d1ANAS DESAYUNO ENSAYO ORQUESTA PARCIAL ORQUESTA TENTEMPI\u00c9 CLASES INDIVIDUALES\/C\u00c1MARA \/ ESTUDIO PARCIAL ORQUESTA Clases individuales \/ Refuerzo \/ Libre disposici\u00f3n PISCINA,\u00a0 DEPORTE Y TIEMPO LIBRE 14\u00b400 &#8211; \u00a0ALMUERZO TARDES SIESTA \/ VIDEO-Silencio\u2026.. PISCINA CLASES INDIVIDUALES, COLECTIVAS, M\u00daSICA DE C\u00c1MARA \/ESTUDIO ENSAYOS [&hellip;]<\/p>\n","protected":false},"author":1,"featured_media":0,"parent":0,"menu_order":0,"comment_status":"closed","ping_status":"closed","template":"","meta":{"footnotes":""},"_links":{"self":[{"href":"https:\/\/www.musicaynaturaleza.com\/index.php?rest_route=\/wp\/v2\/pages\/1788"}],"collection":[{"href":"https:\/\/www.musicaynaturaleza.com\/index.php?rest_route=\/wp\/v2\/pages"}],"about":[{"href":"https:\/\/www.musicaynaturaleza.com\/index.php?rest_route=\/wp\/v2\/types\/page"}],"author":[{"embeddable":true,"href":"https:\/\/www.musicaynaturaleza.com\/index.php?rest_route=\/wp\/v2\/users\/1"}],"replies":[{"embeddable":true,"href":"https:\/\/www.musicaynaturaleza.com\/index.php?rest_route=%2Fwp%2Fv2%2Fcomments&post=1788"}],"version-history":[{"count":5,"href":"https:\/\/www.musicaynaturaleza.com\/index.php?rest_route=\/wp\/v2\/pages\/1788\/revisions"}],"predecessor-version":[{"id":1797,"href":"https:\/\/www.musicaynaturaleza.com\/index.php?rest_route=\/wp\/v2\/pages\/1788\/revisions\/1797"}],"wp:attachment":[{"href":"https:\/\/www.musicaynaturaleza.com\/index.php?rest_route=%2Fwp%2Fv2%2Fmedia&parent=1788"}],"curies":[{"name":"wp","href":"https:\/\/api.w.org\/{rel}","templated":true}]}}