{"id":1706,"date":"2021-11-01T20:29:41","date_gmt":"2021-11-01T20:29:41","guid":{"rendered":"http:\/\/web.musicaynaturaleza.com\/?page_id=1706"},"modified":"2025-12-24T17:34:31","modified_gmt":"2025-12-24T16:34:31","slug":"matriculacion","status":"publish","type":"page","link":"https:\/\/www.musicaynaturaleza.com\/?page_id=1706","title":{"rendered":"Matriculaci\u00f3n"},"content":{"rendered":"<h1>\n<h1 class=\"uk-article-title\">Matriculaci\u00f3n y admisi\u00f3n<\/h1>\n<\/h1>\n<div>\n<h3 style=\"text-align: justify;\">Matr\u00edcula<\/h3>\n<p style=\"text-align: justify;\"><span style=\"font-weight: 400;\">Importe de la matr\u00edcula para cualquiera de los cursos:<\/span><\/p>\n<p style=\"padding-left: 40px; text-align: justify;\"><span style=\"font-weight: 400;\">-A) Matr\u00edcula general: <\/span><b>560<\/b><span style=\"font-weight: 400;\">\u20ac<\/span><\/p>\n<p style=\"padding-left: 40px; text-align: justify;\"><span style=\"font-weight: 400;\">-B) Matr\u00edcula residentes en Cabra y Lucena: <\/span><b>545<\/b><span style=\"font-weight: 400;\">\u20ac<\/span><\/p>\n<p style=\"padding-left: 40px; text-align: justify;\"><span style=\"font-weight: 400;\">-C) Descuento por dos o m\u00e1s hermanos: <\/span><b>535<\/b><span style=\"font-weight: 400;\">\u20ac cada uno<\/span><\/p>\n<p style=\"text-align: justify;\"><span style=\"font-weight: 400;\">En estos precios se incluye la manutenci\u00f3n (5 comidas diarias), alojamiento, clases de instrumento, de orquesta, de c\u00e1mara, partituras, monitores, actividades de ocio y tiempo libre, piscina, seguros, traslado al teatro, etc.\u00a0<\/span><b>\u00a0<\/b><\/p>\n<h3 style=\"text-align: justify;\">Plazo de inscripci\u00f3n<\/h3>\n<div style=\"text-align: justify;\"><span style=\"font-weight: 400;\">El plazo de solicitud de plazas se abrir\u00e1 en la fecha indicada en la portada de la web, <\/span><b>15 de enero<\/b><span style=\"font-weight: 400;\">, hasta agotar vacantes.<\/span><\/div>\n<div style=\"text-align: justify;\">\u00a0<\/div>\n<h3 style=\"text-align: justify;\">Criterios de admisi\u00f3n<\/h3>\n<p style=\"text-align: justify;\"><span style=\"font-weight: 400;\">1. Las <\/span><b>necesidades organizativas y pedag\u00f3gicas <\/b><span style=\"font-weight: 400;\">propias de cada uno de los cursos ser\u00e1n prioritarias para, entre otros objetivos, conseguir los mejores resultados en el alumnado mediante la id\u00f3nea composici\u00f3n de la plantilla orquestal, de c\u00e1mara u otros grupos instrumentales.<\/span><\/p>\n<p style=\"text-align: justify;\">2. Tendr\u00e1n preferencia los alumnos\/as con edades comprendidas entre los<b> 8 y 16 a\u00f1os,<\/b><span> cumplidos antes de comenzar el curso solicitado (1 de agosto Curso de Orquesta, 10 de agosto de C\u00e1mara, 20 de agosto de Piano y cuerda). <\/span>Para edades diferentes a las recomendadas deber\u00e1 indicarse en las observaciones del bolet\u00edn de inscripci\u00f3n, y la admisi\u00f3n estar\u00e1 supeditada tanto a la disponibilidad de plazas como a las necesidades organizativas de cada curso.\u00a0<\/p>\n<p style=\"text-align: justify;\"><span style=\"font-weight: 400;\">3. El alumnado deber\u00e1 disponer de las <\/span><b>nociones b\u00e1sicas<\/b><span style=\"font-weight: 400;\"> de lenguaje musical y de iniciaci\u00f3n en el instrumento musical solicitado. Se tendr\u00e1 en cuenta por tanto que se hayan cursado en un Conservatorio o Academia musical ense\u00f1anzas oficiales de ese instrumento (en el caso del curso de piano y cuerda, para la especialidad de piano no servir\u00eda haber cursado la asignatura de piano complementario). Igualmente, se tendr\u00e1 en cuenta que la relaci\u00f3n edad\/curso sea la m\u00e1s id\u00f3nea.\u00a0<\/span><\/p>\n<p style=\"text-align: justify;\">4.<b> La selecci\u00f3n<\/b><span style=\"font-weight: 400;\"> del alumnado se realizar\u00e1 aplicando los criterios descritos, comenzando por el primero y sucesivos, teniendo en cuenta en cada uno de ellos el orden de recepci\u00f3n de solicitudes.<\/span><\/p>\n<ol style=\"text-align: justify;\"><\/ol>\n<p style=\"text-align: justify;\">\n<ul style=\"text-align: justify;\">\n<li style=\"list-style-type: none;\">\n<ul>\n<li style=\"font-weight: 400;\" aria-level=\"1\"><b>El comit\u00e9 de selecci\u00f3n<\/b><span style=\"font-weight: 400;\"> estar\u00e1 compuesto por representantes de la organizaci\u00f3n,\u00a0 profesores y directores de cada uno de los cursos, siendo inapelable su decisi\u00f3n definitiva.<\/span><\/li>\n<li style=\"font-weight: 400;\" aria-level=\"1\"><b>Formalizar la solicitud de inscripci\u00f3n supone la aceptaci\u00f3n de estos criterios<\/b><span style=\"font-weight: 400;\"> de admisi\u00f3n, as\u00ed como el resultado del proceso de selecci\u00f3n del alumnado.<\/span><\/li>\n<\/ul>\n<\/li>\n<\/ul>\n<h3 style=\"text-align: justify;\">Notas sobre matriculaci\u00f3n<\/h3>\n<ul style=\"text-align: justify;\">\n<li aria-level=\"1\"><b>La solicitud de matr\u00edcula <\/b><span style=\"font-weight: 400;\"><span style=\"font-weight: 400;\">se realizar\u00e1 cumplimentando el formulario de inscripci\u00f3n* que se habilitar\u00e1 en esta Web, tras la fecha de apertura, en cada uno de los cursos.<\/span><\/span>\n<p style=\"font-size: 12px; text-align: justify; padding-left: 40px;\">*Este\u00a0formulario es un software de administraci\u00f3n de encuestas que se incluye como parte del conjunto <em>Google Docs;<\/em>\u00a0\u00abM\u00fasica y Naturaleza\u00bb no se hace responsable de posibles errores en la tramitaci\u00f3n\/env\u00edo de solicitudes puesto que se realiza desde una plataforma ajena a nuestra organizaci\u00f3n.<\/p>\n<\/li>\n<\/ul>\n<p style=\"text-align: justify;\">\n<ul style=\"text-align: justify;\">\n<li aria-level=\"1\"><b>La tramitaci\u00f3n de la solicitud de inscripci\u00f3n no presupone en ning\u00fan caso la admisi\u00f3n en los cursos.\u00a0<\/b><\/li>\n<\/ul>\n<p style=\"text-align: justify;\">\n<ul style=\"text-align: justify;\">\n<li aria-level=\"1\"><span style=\"font-weight: 400;\">Una vez terminado el proceso de selecci\u00f3n, se enviar\u00e1 un <\/span><b>correo electr\u00f3nico al alumnado admitido<\/b><span style=\"font-weight: 400;\"> junto con <\/span><b>informaci\u00f3n complementaria<\/b><span style=\"font-weight: 400;\"> del curso (horarios, equipaje, actividades y conciertos, etc.), as\u00ed como la forma de pago de los derechos de asistencia al mismo (hay posibilidad de efectuar el abono del importe de la matr\u00edcula fraccionado en <\/span><b>varios plazos<\/b><span style=\"font-weight: 400;\">).<\/span><\/li>\n<\/ul>\n<p style=\"text-align: justify;\">\n<ul style=\"text-align: justify;\">\n<li style=\"font-weight: 400;\" aria-level=\"1\"><b>El plazo<\/b><span> de la comunicaci\u00f3n de admitidos se estima entre una y dos semanas desde la solicitud, aunque podr\u00e1 variar en funci\u00f3n de las necesidades de cada curso y alumnado solicitante.\u00a0<\/span><\/li>\n<\/ul>\n<p style=\"text-align: justify;\">\n<ul style=\"text-align: justify;\">\n<li style=\"font-weight: 400;\" aria-level=\"1\"><b>El alumnado no admitido <\/b><span style=\"font-weight: 400;\">tambi\u00e9n recibir\u00e1 un correo electr\u00f3nico indicando que se encuentra en la lista de reserva ante posibles renuncias.<\/span><\/li>\n<\/ul>\n<ul style=\"text-align: justify;\"><\/ul>\n<h3 style=\"text-align: justify;\">Criterios de devoluci\u00f3n de matr\u00edcula<\/h3>\n<p style=\"text-align: justify;\"><span style=\"font-weight: 400;\">En caso de no poder asistir o renunciar por cualquier causa al curso, se puede solicitar la devoluci\u00f3n del *importe restante a la reserva de matr\u00edcula, si se ha <\/span><span style=\"font-weight: 400;\">comunicado el hecho dentro de estos plazos:\u00a0<\/span><\/p>\n<ul style=\"text-align: justify;\">\n<li aria-level=\"1\"><b>\u00a0Curso de Orquesta:\u00a0<\/b><\/li>\n<\/ul>\n<p style=\"padding-left: 40px; text-align: justify;\"><span style=\"font-weight: 400;\">\u2013 Devoluci\u00f3n del 100%, comunicado con anterioridad al 1 de junio.\u00a0<\/span><\/p>\n<p style=\"padding-left: 40px; text-align: justify;\"><span style=\"font-weight: 400;\">\u2013 Devoluci\u00f3n del 50%, comunicado del 1 al 15 junio.\u00a0<\/span><\/p>\n<p style=\"text-align: justify;\">\n<ul style=\"text-align: justify;\">\n<li aria-level=\"1\"><b>Curso de M\u00fasica de c\u00e1mara:<\/b><\/li>\n<\/ul>\n<p style=\"padding-left: 40px; text-align: justify;\"><span style=\"font-weight: 400;\">\u2013 Devoluci\u00f3n del 100%, comunicado con anterioridad al 15 de junio.<\/span><\/p>\n<p style=\"padding-left: 40px; text-align: justify;\"><span style=\"font-weight: 400;\">\u2013 Devoluci\u00f3n del 50% comunicado del 15 al 30 de junio.<\/span><\/p>\n<p style=\"text-align: justify;\">\n<ul style=\"text-align: justify;\">\n<li aria-level=\"1\"><b>Curso de Piano y cuerda:<\/b><\/li>\n<\/ul>\n<p style=\"padding-left: 40px; text-align: justify;\"><span style=\"font-weight: 400;\">\u2013 Devoluci\u00f3n del 100%, comunicado con anterioridad al 30 de junio de 2023.<\/span><\/p>\n<p style=\"padding-left: 40px; text-align: justify;\"><span style=\"font-weight: 400;\">\u2013 Devoluci\u00f3n del 50% comunicado del 1 al 15 de julio.<\/span><\/p>\n<ul style=\"text-align: justify;\"><\/ul>\n<\/div>\n<div>\n<div>\n<ul>\n<li style=\"font-size: 12px; text-align: justify;\">*El importe en concepto de reserva de matr\u00edcula (100\u20ac) no est\u00e1 sujeto a devoluci\u00f3n y se descontar\u00e1 de los porcentajes descritos.\u00a0<\/li>\n<li style=\"font-size: 12px; text-align: justify;\">No se contemplan otros plazos ni porcentajes de reembolso.<\/li>\n<li style=\"font-size: 12px; text-align: justify;\">En las devoluciones de la matr\u00edcula mediante transferencia bancaria se descontar\u00e1 del total la comisi\u00f3n que el banco aplique a dicha operaci\u00f3n.<\/li>\n<\/ul>\n<\/div>\n<\/div>\n<p><!--more--><br \/>\n<!-- {\"type\":\"layout\",\"children\":[{\"type\":\"section\",\"props\":{\"image_position\":\"center-center\",\"overlap\":true,\"padding_remove_top\":true,\"style\":\"default\",\"title_breakpoint\":\"xl\",\"title_position\":\"top-left\",\"title_rotation\":\"left\",\"vertical_align\":\"middle\",\"width\":\"large\"},\"children\":[{\"type\":\"row\",\"children\":[{\"type\":\"column\",\"props\":{\"image_position\":\"center-center\",\"media_overlay_gradient\":\"\",\"position_sticky_breakpoint\":\"m\",\"width_medium\":\"1-1\"},\"children\":[{\"type\":\"headline\",\"props\":{\"content\":\"\n\n<h1 class=\\\"uk-article-title\\\">Matriculaci\\u00f3n y admisi\\u00f3n<\\\/h1>\",\"margin_remove_top\":true,\"title_element\":\"h1\"}},{\"type\":\"text\",\"props\":{\"column_breakpoint\":\"m\",\"content\":\"\n\n<h3 style=\\\"text-align: justify;\\\">Matr\\u00edcula<\\\/h3>\\n\n\n<p style=\\\"text-align: justify;\\\"><span style=\\\"font-weight: 400;\\\">Importe de la matr\\u00edcula para cualquiera de los cursos:<\\\/span><\\\/p>\\n\n\n<p style=\\\"padding-left: 40px; text-align: justify;\\\"><span style=\\\"font-weight: 400;\\\">-A) Matr\\u00edcula general: <\\\/span><b>560<\\\/b><span style=\\\"font-weight: 400;\\\">\\u20ac<\\\/span><\\\/p>\\n\n\n<p style=\\\"padding-left: 40px; text-align: justify;\\\"><span style=\\\"font-weight: 400;\\\">-B) Matr\\u00edcula residentes en Cabra y Lucena: <\\\/span><b>545<\\\/b><span style=\\\"font-weight: 400;\\\">\\u20ac<\\\/span><\\\/p>\\n\n\n<p style=\\\"padding-left: 40px; text-align: justify;\\\"><span style=\\\"font-weight: 400;\\\">-C) Descuento por dos o m\\u00e1s hermanos: <\\\/span><b>535<\\\/b><span style=\\\"font-weight: 400;\\\">\\u20ac cada uno<\\\/span><\\\/p>\\n\n\n<p style=\\\"text-align: justify;\\\"><span style=\\\"font-weight: 400;\\\">En estos precios se incluye la manutenci\\u00f3n (5 comidas diarias), alojamiento, clases de instrumento, de orquesta, de c\\u00e1mara, partituras, monitores, actividades de ocio y tiempo libre, piscina, seguros, traslado al teatro, etc.\\u00a0<\\\/span><b>\\u00a0<\\\/b><\\\/p>\\n\n\n<h3 style=\\\"text-align: justify;\\\">Plazo de inscripci\\u00f3n<\\\/h3>\\n\n\n<div style=\\\"text-align: justify;\\\"><span style=\\\"font-weight: 400;\\\">El plazo de solicitud de plazas se abrir\\u00e1 en la fecha indicada en la portada de la web, <\\\/span><b>15 de enero<\\\/b><span style=\\\"font-weight: 400;\\\">, hasta agotar vacantes.<\\\/span><\\\/div>\\n\n\n<div style=\\\"text-align: justify;\\\">\\u00a0<\\\/div>\\n\n\n<h3 style=\\\"text-align: justify;\\\">Criterios de admisi\\u00f3n<\\\/h3>\\n\n\n<p style=\\\"text-align: justify;\\\"><span style=\\\"font-weight: 400;\\\">1. Las <\\\/span><b>necesidades organizativas y pedag\\u00f3gicas <\\\/b><span style=\\\"font-weight: 400;\\\">propias de cada uno de los cursos ser\\u00e1n prioritarias para, entre otros objetivos, conseguir los mejores resultados en el alumnado mediante la id\\u00f3nea composici\\u00f3n de la plantilla orquestal, de c\\u00e1mara u otros grupos instrumentales.<\\\/span><\\\/p>\\n\n\n<p style=\\\"text-align: justify;\\\">2. Tendr\\u00e1n preferencia los alumnos\\\/as con edades comprendidas entre los<b> 8 y 16 a\\u00f1os,<\\\/b><span> cumplidos antes de comenzar el curso solicitado (1 de agosto Curso de Orquesta, 10 de agosto de C\\u00e1mara, 20 de agosto de Piano y cuerda). <\\\/span>Para edades diferentes a las recomendadas deber\\u00e1 indicarse en las observaciones del bolet\\u00edn de inscripci\\u00f3n, y la admisi\\u00f3n estar\\u00e1 supeditada tanto a la disponibilidad de plazas como a las necesidades organizativas de cada curso.\\u00a0<\\\/p>\\n\n\n<p style=\\\"text-align: justify;\\\"><span style=\\\"font-weight: 400;\\\">3. El alumnado deber\\u00e1 disponer de las <\\\/span><b>nociones b\\u00e1sicas<\\\/b><span style=\\\"font-weight: 400;\\\"> de lenguaje musical y de iniciaci\\u00f3n en el instrumento musical solicitado. Se tendr\\u00e1 en cuenta por tanto que se hayan cursado en un Conservatorio o Academia musical ense\\u00f1anzas oficiales de ese instrumento (en el caso del curso de piano y cuerda, para la especialidad de piano no servir\\u00eda haber cursado la asignatura de piano complementario). Igualmente, se tendr\\u00e1 en cuenta que la relaci\\u00f3n edad\\\/curso sea la m\\u00e1s id\\u00f3nea.\\u00a0<\\\/span><\\\/p>\\n\n\n<p style=\\\"text-align: justify;\\\">4.<b> La selecci\\u00f3n<\\\/b><span style=\\\"font-weight: 400;\\\"> del alumnado se realizar\\u00e1 aplicando los criterios descritos, comenzando por el primero y sucesivos, teniendo en cuenta en cada uno de ellos el orden de recepci\\u00f3n de solicitudes.<\\\/span><\\\/p>\\n\n\n<ol style=\\\"text-align: justify;\\\"><\\\/ol>\\n\n\n<p style=\\\"text-align: justify;\\\"><\\\/p>\\n\n\n<ul style=\\\"text-align: justify;\\\">\\n\n\n<li style=\\\"list-style-type: none;\\\">\\n\n\n<ul>\\n\n\n<li style=\\\"font-weight: 400;\\\" aria-level=\\\"1\\\"><b>El comit\\u00e9 de selecci\\u00f3n<\\\/b><span style=\\\"font-weight: 400;\\\"> estar\\u00e1 compuesto por representantes de la organizaci\\u00f3n,\\u00a0 profesores y directores de cada uno de los cursos, siendo inapelable su decisi\\u00f3n definitiva.<\\\/span><\\\/li>\\n\n\n<li style=\\\"font-weight: 400;\\\" aria-level=\\\"1\\\"><b>Formalizar la solicitud de inscripci\\u00f3n supone la aceptaci\\u00f3n de estos criterios<\\\/b><span style=\\\"font-weight: 400;\\\"> de admisi\\u00f3n, as\\u00ed como el resultado del proceso de selecci\\u00f3n del alumnado.<\\\/span><\\\/li>\\n<\\\/ul>\\n<\\\/li>\\n<\\\/ul>\\n\n\n<h3 style=\\\"text-align: justify;\\\">Notas sobre matriculaci\\u00f3n<\\\/h3>\\n\n\n<ul style=\\\"text-align: justify;\\\">\\n\n\n<li aria-level=\\\"1\\\"><b>La solicitud de matr\\u00edcula <\\\/b><span style=\\\"font-weight: 400;\\\"><span style=\\\"font-weight: 400;\\\">se realizar\\u00e1 cumplimentando el formulario de inscripci\\u00f3n* que se habilitar\\u00e1 en esta Web, tras la fecha de apertura, en cada uno de los cursos.<\\\/span><\\\/span>\\n\n\n<p style=\\\"font-size: 12px; text-align: justify; padding-left: 40px;\\\">*Este\\u00a0formulario es un software de administraci\\u00f3n de encuestas que se incluye como parte del conjunto <em>Google Docs;<\\\/em>\\u00a0\\\"M\\u00fasica y Naturaleza\\\" no se hace responsable de posibles errores en la tramitaci\\u00f3n\\\/env\\u00edo de solicitudes puesto que se realiza desde una plataforma ajena a nuestra organizaci\\u00f3n.<\\\/p>\\n<\\\/li>\\n<\\\/ul>\\n\n\n<p style=\\\"text-align: justify;\\\"><\\\/p>\\n\n\n<ul style=\\\"text-align: justify;\\\">\\n\n\n<li aria-level=\\\"1\\\"><b>La tramitaci\\u00f3n de la solicitud de inscripci\\u00f3n no presupone en ning\\u00fan caso la admisi\\u00f3n en los cursos.\\u00a0<\\\/b><\\\/li>\\n<\\\/ul>\\n\n\n<p style=\\\"text-align: justify;\\\"><\\\/p>\\n\n\n<ul style=\\\"text-align: justify;\\\">\\n\n\n<li aria-level=\\\"1\\\"><span style=\\\"font-weight: 400;\\\">Una vez terminado el proceso de selecci\\u00f3n, se enviar\\u00e1 un <\\\/span><b>correo electr\\u00f3nico al alumnado admitido<\\\/b><span style=\\\"font-weight: 400;\\\"> junto con <\\\/span><b>informaci\\u00f3n complementaria<\\\/b><span style=\\\"font-weight: 400;\\\"> del curso (horarios, equipaje, actividades y conciertos, etc.), as\\u00ed como la forma de pago de los derechos de asistencia al mismo (hay posibilidad de efectuar el abono del importe de la matr\\u00edcula fraccionado en <\\\/span><b>varios plazos<\\\/b><span style=\\\"font-weight: 400;\\\">).<\\\/span><\\\/li>\\n<\\\/ul>\\n\n\n<p style=\\\"text-align: justify;\\\"><\\\/p>\\n\n\n<ul style=\\\"text-align: justify;\\\">\\n\n\n<li style=\\\"font-weight: 400;\\\" aria-level=\\\"1\\\"><b>El plazo<\\\/b><span> de la comunicaci\\u00f3n de admitidos se estima entre una y dos semanas desde la solicitud, aunque podr\\u00e1 variar en funci\\u00f3n de las necesidades de cada curso y alumnado solicitante.\\u00a0<\\\/span><\\\/li>\\n<\\\/ul>\\n\n\n<p style=\\\"text-align: justify;\\\"><\\\/p>\\n\n\n<ul style=\\\"text-align: justify;\\\">\\n\n\n<li style=\\\"font-weight: 400;\\\" aria-level=\\\"1\\\"><b>El alumnado no admitido <\\\/b><span style=\\\"font-weight: 400;\\\">tambi\\u00e9n recibir\\u00e1 un correo electr\\u00f3nico indicando que se encuentra en la lista de reserva ante posibles renuncias.<\\\/span><\\\/li>\\n<\\\/ul>\\n\n\n<ul style=\\\"text-align: justify;\\\"><\\\/ul>\\n\n\n<h3 style=\\\"text-align: justify;\\\">Criterios de devoluci\\u00f3n de matr\\u00edcula<\\\/h3>\\n\n\n<p style=\\\"text-align: justify;\\\"><span style=\\\"font-weight: 400;\\\">En caso de no poder asistir o renunciar por cualquier causa al curso, se puede solicitar la devoluci\\u00f3n del *importe restante a la reserva de matr\\u00edcula, si se ha <\\\/span><span style=\\\"font-weight: 400;\\\">comunicado el hecho dentro de estos plazos:\\u00a0<\\\/span><\\\/p>\\n\n\n<ul style=\\\"text-align: justify;\\\">\\n\n\n<li aria-level=\\\"1\\\"><b>\\u00a0Curso de Orquesta:\\u00a0<\\\/b><\\\/li>\\n<\\\/ul>\\n\n\n<p style=\\\"padding-left: 40px; text-align: justify;\\\"><span style=\\\"font-weight: 400;\\\">\\u2013 Devoluci\\u00f3n del 100%, comunicado con anterioridad al 1 de junio.\\u00a0<\\\/span><\\\/p>\\n\n\n<p style=\\\"padding-left: 40px; text-align: justify;\\\"><span style=\\\"font-weight: 400;\\\">\\u2013 Devoluci\\u00f3n del 50%, comunicado del 1 al 15 junio.\\u00a0<\\\/span><\\\/p>\\n\n\n<p style=\\\"text-align: justify;\\\"><\\\/p>\\n\n\n<ul style=\\\"text-align: justify;\\\">\\n\n\n<li aria-level=\\\"1\\\"><b>Curso de M\\u00fasica de c\\u00e1mara:<\\\/b><\\\/li>\\n<\\\/ul>\\n\n\n<p style=\\\"padding-left: 40px; text-align: justify;\\\"><span style=\\\"font-weight: 400;\\\">\\u2013 Devoluci\\u00f3n del 100%, comunicado con anterioridad al 15 de junio.<\\\/span><\\\/p>\\n\n\n<p style=\\\"padding-left: 40px; text-align: justify;\\\"><span style=\\\"font-weight: 400;\\\">\\u2013 Devoluci\\u00f3n del 50% comunicado del 15 al 30 de junio.<\\\/span><\\\/p>\\n\n\n<p style=\\\"text-align: justify;\\\"><\\\/p>\\n\n\n<ul style=\\\"text-align: justify;\\\">\\n\n\n<li aria-level=\\\"1\\\"><b>Curso de Piano y cuerda:<\\\/b><\\\/li>\\n<\\\/ul>\\n\n\n<p style=\\\"padding-left: 40px; text-align: justify;\\\"><span style=\\\"font-weight: 400;\\\">\\u2013 Devoluci\\u00f3n del 100%, comunicado con anterioridad al 30 de junio de 2023.<\\\/span><\\\/p>\\n\n\n<p style=\\\"padding-left: 40px; text-align: justify;\\\"><span style=\\\"font-weight: 400;\\\">\\u2013 Devoluci\\u00f3n del 50% comunicado del 1 al 15 de julio.<\\\/span><\\\/p>\\n\n\n<ul style=\\\"text-align: justify;\\\"><\\\/ul>\",\"margin\":\"default\"}},{\"type\":\"alert\",\"props\":{\"alert_style\":\"\",\"content\":\"\n\n<ul>\\n\n\n<li style=\\\"font-size: 12px; text-align: justify;\\\">*El importe en concepto de reserva de matr\\u00edcula (100\\u20ac) no est\\u00e1 sujeto a devoluci\\u00f3n y se descontar\\u00e1 de los porcentajes descritos.\\u00a0<\\\/li>\\n\n\n<li style=\\\"font-size: 12px; text-align: justify;\\\">No se contemplan otros plazos ni porcentajes de reembolso.<\\\/li>\\n\n\n<li style=\\\"font-size: 12px; text-align: justify;\\\">En las devoluciones de la matr\\u00edcula mediante transferencia bancaria se descontar\\u00e1 del total la comisi\\u00f3n que el banco aplique a dicha operaci\\u00f3n.<\\\/li>\\n<\\\/ul>\",\"title_element\":\"h3\"}}]}]}]}],\"version\":\"3.0.20\"} --><\/p>\n","protected":false},"excerpt":{"rendered":"<p>Matriculaci\u00f3n y admisi\u00f3n Matr\u00edcula Importe de la matr\u00edcula para cualquiera de los cursos: -A) Matr\u00edcula general: 560\u20ac -B) Matr\u00edcula residentes en Cabra y Lucena: 545\u20ac -C) Descuento por dos o m\u00e1s hermanos: 535\u20ac cada uno En estos precios se incluye la manutenci\u00f3n (5 comidas diarias), alojamiento, clases de instrumento, de orquesta, de c\u00e1mara, partituras, monitores, [&hellip;]<\/p>\n","protected":false},"author":1,"featured_media":0,"parent":0,"menu_order":0,"comment_status":"closed","ping_status":"closed","template":"","meta":{"footnotes":""},"_links":{"self":[{"href":"https:\/\/www.musicaynaturaleza.com\/index.php?rest_route=\/wp\/v2\/pages\/1706"}],"collection":[{"href":"https:\/\/www.musicaynaturaleza.com\/index.php?rest_route=\/wp\/v2\/pages"}],"about":[{"href":"https:\/\/www.musicaynaturaleza.com\/index.php?rest_route=\/wp\/v2\/types\/page"}],"author":[{"embeddable":true,"href":"https:\/\/www.musicaynaturaleza.com\/index.php?rest_route=\/wp\/v2\/users\/1"}],"replies":[{"embeddable":true,"href":"https:\/\/www.musicaynaturaleza.com\/index.php?rest_route=%2Fwp%2Fv2%2Fcomments&post=1706"}],"version-history":[{"count":20,"href":"https:\/\/www.musicaynaturaleza.com\/index.php?rest_route=\/wp\/v2\/pages\/1706\/revisions"}],"predecessor-version":[{"id":2353,"href":"https:\/\/www.musicaynaturaleza.com\/index.php?rest_route=\/wp\/v2\/pages\/1706\/revisions\/2353"}],"wp:attachment":[{"href":"https:\/\/www.musicaynaturaleza.com\/index.php?rest_route=%2Fwp%2Fv2%2Fmedia&parent=1706"}],"curies":[{"name":"wp","href":"https:\/\/api.w.org\/{rel}","templated":true}]}}