{"id":1703,"date":"2021-11-01T20:27:45","date_gmt":"2021-11-01T20:27:45","guid":{"rendered":"http:\/\/web.musicaynaturaleza.com\/?page_id=1703"},"modified":"2022-01-03T11:20:05","modified_gmt":"2022-01-03T11:20:05","slug":"garantias","status":"publish","type":"page","link":"https:\/\/www.musicaynaturaleza.com\/?page_id=1703","title":{"rendered":"Garant\u00edas"},"content":{"rendered":"<h1>\n<h1 class=\"uk-article-title\" style=\"text-align: justify;\">Garant\u00edas<\/h1>\n<\/h1>\n<div>\n<h3 style=\"text-align: justify;\">\u00bfPor qu\u00e9 elegir los Cursos M\u00fasica y Naturaleza?<\/h3>\n<div style=\"text-align: justify;\">Porque:<\/div>\n<div style=\"text-align: justify;\">\u2013 Nos avala la experiencia de 25 a\u00f1os consecutivos con la total satisfacci\u00f3n de la comunidad educativa.<\/div>\n<div style=\"text-align: justify;\">\u2013 \u00abM\u00fasica y Naturaleza\u00bb es una actividad de referencia en Espa\u00f1a pues somos uno de los cursos pioneros y\u00a0posiblemente el m\u00e1s veterano en este tipo de experiencias musicales espec\u00edficas.<\/div>\n<div style=\"text-align: justify;\">\u2013 En todos estos a\u00f1os\u00a0han pasado por nuestros cursos miles de ni\u00f1os\/as m\u00fasicos que en su mayor\u00eda han repetido la experiencia a\u00f1o tras a\u00f1o.<\/div>\n<div style=\"text-align: justify;\">\u2013 Disponemos de un profesorado de alta cualificaci\u00f3n, con profesionales titulados superiores en cada una de las especialidades instrumentales \u00a0y con amplia experiencia docente.<\/div>\n<div style=\"text-align: justify;\">\u2013 Preparamos 6 conciertos de c\u00e1mara y 3 conciertos de clausura en el Teatro municipal de car\u00e1cter p\u00fablico donde se demuestra el trabajo realizado en menos de 10 d\u00edas.<\/div>\n<div style=\"text-align: justify;\">\u2013 El trabajo intensivo musical es el eje fundamental de los cursos, con clases ma\u00f1ana y tarde con el profesor\u00a0 de su especialidad. \u2013 Alternamos, para un mayor aprovechamiento, la actividad musical con el complemento de talleres como transformaci\u00f3n, deportes, ecolog\u00eda, excursiones, juegos colectivos, creatividad, agricultura, ganader\u00eda\u2026<\/div>\n<div style=\"text-align: justify;\">\u00a0<\/div>\n<h3 style=\"text-align: justify;\">\u00a0\u00bfPor qu\u00e9 la Granja Escuela \u00abCortijo de Fr\u00edas\u00bb?<\/h3>\n<div style=\"text-align: justify;\">Porque:<\/div>\n<div style=\"text-align: justify;\">\u2013 Nuestra sede lleva cerca de 25 a\u00f1os trabajando con grupos de ni\u00f1os\/as, siendo esta su principal actividad econ\u00f3mica.<\/div>\n<div style=\"text-align: justify;\">\u2013 Contamos con un equipo de monitores titulados y especializados en el trato con ni\u00f1os y en actividades de ocio y aire libre<\/div>\n<div style=\"text-align: justify;\">\u2013 El cortijo es un recinto cerrado, y no se permite la salida del alumnado a la ciudad, con la consiguiente seguridad que este hecho conlleva<\/div>\n<div style=\"text-align: justify;\">\u2013 Cada apartamento tiene un monitor responsable espec\u00edfico<\/div>\n<div style=\"text-align: justify;\">\u2013 Hay un monitor de guardia la 24 horas para cualquier eventualidad<\/div>\n<div style=\"text-align: justify;\">\u2013 Los profesores especialistas de m\u00fasica y los monitores tambi\u00e9n residen internos en el Cortijo durante los Cursos<\/div>\n<div style=\"text-align: justify;\">\u2013 El Cortijo dispone de Cocina propia, con un experto equipo de\u00a0cocineras\u00a0que realizan diariamente los men\u00fas de forma casera y con alimentos frescos de primera calidad, muchos de ellos de nuestro propio huerto.<\/div>\n<div style=\"text-align: justify;\">\u2013 Los men\u00fas diarios est\u00e1n dise\u00f1ados por especialistas para ni\u00f1os\/as de estas edades y reciben 5 comidas al d\u00eda.<\/div>\n<div style=\"text-align: justify;\">\u2013 El cortijo dispone de todos los seguros y permisos pertinentes para esta actividad, adem\u00e1s de los certificados de calidad europeos ISO 9001: 2000 \u00a0e ISO 14001:2004,\u00a0est\u00e1ndar internacional de gesti\u00f3n ambiental,<\/div>\n<div style=\"text-align: justify;\">\u00a0<\/div>\n<h3 style=\"text-align: justify;\">\u00bfPor qu\u00e9 en Cabra?<\/h3>\n<div style=\"text-align: justify;\">Pues porque<\/div>\n<div style=\"text-align: justify;\">\u2013 Cabra es una ciudad dotada de todos los servicios, comercios, tienda de m\u00fasica, etc. que incluso dispone de un hospital comarcal que se encuentra aproximadamente a 10 minutos del cortijo.<\/div>\n<div style=\"text-align: justify;\">\u2013 Est\u00e1 bien comunicada y en el centro geogr\u00e1fico de Andaluc\u00eda.<\/div>\n<div style=\"text-align: justify;\">\u2013 Contamos con el apoyo del Ayuntamiento de Cabra que patrocina los Cursos M\u00fasica y Naturaleza desde sus inicios, siendo una de las actividades culturales m\u00e1s importantes de la Ciudad.<\/div>\n<\/div>\n<p><!-- {\"type\":\"layout\",\"children\":[{\"type\":\"section\",\"props\":{\"style\":\"default\",\"width\":\"default\",\"vertical_align\":\"middle\",\"title_position\":\"top-left\",\"title_rotation\":\"left\",\"title_breakpoint\":\"xl\",\"image_position\":\"center-center\",\"text_color\":\"\",\"width_expand\":\"\",\"height\":\"\",\"padding\":\"\",\"header_transparent\":\"\",\"animation\":\"\",\"overlap\":true,\"padding_remove_top\":true},\"children\":[{\"type\":\"row\",\"props\":{\"layout\":\"1-1\",\"breakpoint\":\"m\",\"fixed_width\":\"large\",\"column_gap\":\"\",\"row_gap\":\"\",\"width\":\"\",\"width_expand\":\"\",\"height\":\"\",\"margin\":\"\",\"margin_remove_top\":true},\"children\":[{\"type\":\"column\",\"props\":{\"image_position\":\"center-center\",\"media_overlay_gradient\":\"\",\"vertical_align\":\"\",\"style\":\"\",\"text_color\":\"\",\"padding\":\"\"},\"children\":[{\"type\":\"headline\",\"props\":{\"title_element\":\"h1\",\"title_style\":\"\",\"title_decoration\":\"\",\"title_font_family\":\"\",\"title_color\":\"\",\"position\":\"\",\"position_z_index\":\"\",\"margin\":\"\",\"maxwidth\":\"\",\"maxwidth_breakpoint\":\"\",\"block_align\":\"\",\"block_align_breakpoint\":\"\",\"block_align_fallback\":\"\",\"text_align\":\"\",\"text_align_breakpoint\":\"\",\"text_align_fallback\":\"\",\"animation\":\"\",\"visibility\":\"\",\"content\":\"\n\n<h1 class=\\\"uk-article-title\\\" style=\\\"text-align: justify;\\\">Garant\\u00edas<\\\/h1>\"}},{\"type\":\"text\",\"props\":{\"margin\":\"default\",\"column_breakpoint\":\"m\",\"text_style\":\"\",\"text_color\":\"\",\"text_size\":\"\",\"column\":\"\",\"position\":\"\",\"position_z_index\":\"\",\"maxwidth\":\"\",\"maxwidth_breakpoint\":\"\",\"block_align\":\"\",\"block_align_breakpoint\":\"\",\"block_align_fallback\":\"\",\"text_align\":\"\",\"text_align_breakpoint\":\"\",\"text_align_fallback\":\"\",\"animation\":\"\",\"visibility\":\"\",\"content\":\"\n\n<h3 style=\\\"text-align: justify;\\\">\\u00bfPor qu\\u00e9 elegir los Cursos M\\u00fasica y Naturaleza?<\\\/h3>\\n\n\n<div style=\\\"text-align: justify;\\\">Porque:<\\\/div>\\n\n\n<div style=\\\"text-align: justify;\\\">\\u2013 Nos avala la experiencia de 25 a\\u00f1os consecutivos con la total satisfacci\\u00f3n de la comunidad educativa.<\\\/div>\\n\n\n<div style=\\\"text-align: justify;\\\">\\u2013 \\u00abM\\u00fasica y Naturaleza\\u00bb es una actividad de referencia en Espa\\u00f1a pues somos uno de los cursos pioneros y\\u00a0posiblemente el m\\u00e1s veterano en este tipo de experiencias musicales espec\\u00edficas.<\\\/div>\\n\n\n<div style=\\\"text-align: justify;\\\">\\u2013 En todos estos a\\u00f1os\\u00a0han pasado por nuestros cursos miles de ni\\u00f1os\\\/as m\\u00fasicos que en su mayor\\u00eda han repetido la experiencia a\\u00f1o tras a\\u00f1o.<\\\/div>\\n\n\n<div style=\\\"text-align: justify;\\\">\\u2013 Disponemos de un profesorado de alta cualificaci\\u00f3n, con profesionales titulados superiores en cada una de las especialidades instrumentales \\u00a0y con amplia experiencia docente.<\\\/div>\\n\n\n<div style=\\\"text-align: justify;\\\">\\u2013 Preparamos 6 conciertos de c\\u00e1mara y 3 conciertos de clausura en el Teatro municipal de car\\u00e1cter p\\u00fablico donde se demuestra el trabajo realizado en menos de 10 d\\u00edas.<\\\/div>\\n\n\n<div style=\\\"text-align: justify;\\\">\\u2013 El trabajo intensivo musical es el eje fundamental de los cursos, con clases ma\\u00f1ana y tarde con el profesor\\u00a0 de su especialidad. \\u2013 Alternamos, para un mayor aprovechamiento, la actividad musical con el complemento de talleres como transformaci\\u00f3n, deportes, ecolog\\u00eda, excursiones, juegos colectivos, creatividad, agricultura, ganader\\u00eda\\u2026<\\\/div>\\n\n\n<div style=\\\"text-align: justify;\\\">\\u00a0<\\\/div>\\n\n\n<h3 style=\\\"text-align: justify;\\\">\\u00a0\\u00bfPor qu\\u00e9 la Granja Escuela \\u00abCortijo de Fr\\u00edas\\u00bb?<\\\/h3>\\n\n\n<div style=\\\"text-align: justify;\\\">Porque:<\\\/div>\\n\n\n<div style=\\\"text-align: justify;\\\">\\u2013 Nuestra sede lleva cerca de 25 a\\u00f1os trabajando con grupos de ni\\u00f1os\\\/as, siendo esta su principal actividad econ\\u00f3mica.<\\\/div>\\n\n\n<div style=\\\"text-align: justify;\\\">\\u2013 Contamos con un equipo de monitores titulados y especializados en el trato con ni\\u00f1os y en actividades de ocio y aire libre<\\\/div>\\n\n\n<div style=\\\"text-align: justify;\\\">\\u2013 El cortijo es un recinto cerrado, y no se permite la salida del alumnado a la ciudad, con la consiguiente seguridad que este hecho conlleva<\\\/div>\\n\n\n<div style=\\\"text-align: justify;\\\">\\u2013 Cada apartamento tiene un monitor responsable espec\\u00edfico<\\\/div>\\n\n\n<div style=\\\"text-align: justify;\\\">\\u2013 Hay un monitor de guardia la 24 horas para cualquier eventualidad<\\\/div>\\n\n\n<div style=\\\"text-align: justify;\\\">\\u2013 Los profesores especialistas de m\\u00fasica y los monitores tambi\\u00e9n residen internos en el Cortijo durante los Cursos<\\\/div>\\n\n\n<div style=\\\"text-align: justify;\\\">\\u2013 El Cortijo dispone de Cocina propia, con un experto equipo de\\u00a0cocineras\\u00a0que realizan diariamente los men\\u00fas de forma casera y con alimentos frescos de primera calidad, muchos de ellos de nuestro propio huerto.<\\\/div>\\n\n\n<div style=\\\"text-align: justify;\\\">\\u2013 Los men\\u00fas diarios est\\u00e1n dise\\u00f1ados por especialistas para ni\\u00f1os\\\/as de estas edades y reciben 5 comidas al d\\u00eda.<\\\/div>\\n\n\n<div style=\\\"text-align: justify;\\\">\\u2013 El cortijo dispone de todos los seguros y permisos pertinentes para esta actividad, adem\\u00e1s de los certificados de calidad europeos ISO 9001: 2000 \\u00a0e ISO 14001:2004,\\u00a0est\\u00e1ndar internacional de gesti\\u00f3n ambiental,<\\\/div>\\n\n\n<div style=\\\"text-align: justify;\\\">\\u00a0<\\\/div>\\n\n\n<h3 style=\\\"text-align: justify;\\\">\\u00bfPor qu\\u00e9 en Cabra?<\\\/h3>\\n\n\n<div style=\\\"text-align: justify;\\\">Pues porque<\\\/div>\\n\n\n<div style=\\\"text-align: justify;\\\">\\u2013 Cabra es una ciudad dotada de todos los servicios, comercios, tienda de m\\u00fasica, etc. que incluso dispone de un hospital comarcal que se encuentra aproximadamente a 10 minutos del cortijo.<\\\/div>\\n\n\n<div style=\\\"text-align: justify;\\\">\\u2013 Est\\u00e1 bien comunicada y en el centro geogr\\u00e1fico de Andaluc\\u00eda.<\\\/div>\\n\n\n<div style=\\\"text-align: justify;\\\">\\u2013 Contamos con el apoyo del Ayuntamiento de Cabra que patrocina los Cursos M\\u00fasica y Naturaleza desde sus inicios, siendo una de las actividades culturales m\\u00e1s importantes de la Ciudad.<\\\/div>\"}}]}]}]}],\"version\":\"1.22.8\",\"props\":[]} --><\/p>\n","protected":false},"excerpt":{"rendered":"<p>Garant\u00edas \u00bfPor qu\u00e9 elegir los Cursos M\u00fasica y Naturaleza? Porque: \u2013 Nos avala la experiencia de 25 a\u00f1os consecutivos con la total satisfacci\u00f3n de la comunidad educativa. \u2013 \u00abM\u00fasica y Naturaleza\u00bb es una actividad de referencia en Espa\u00f1a pues somos uno de los cursos pioneros y\u00a0posiblemente el m\u00e1s veterano en este tipo de experiencias musicales [&hellip;]<\/p>\n","protected":false},"author":1,"featured_media":0,"parent":0,"menu_order":0,"comment_status":"closed","ping_status":"closed","template":"","meta":{"footnotes":""},"_links":{"self":[{"href":"https:\/\/www.musicaynaturaleza.com\/index.php?rest_route=\/wp\/v2\/pages\/1703"}],"collection":[{"href":"https:\/\/www.musicaynaturaleza.com\/index.php?rest_route=\/wp\/v2\/pages"}],"about":[{"href":"https:\/\/www.musicaynaturaleza.com\/index.php?rest_route=\/wp\/v2\/types\/page"}],"author":[{"embeddable":true,"href":"https:\/\/www.musicaynaturaleza.com\/index.php?rest_route=\/wp\/v2\/users\/1"}],"replies":[{"embeddable":true,"href":"https:\/\/www.musicaynaturaleza.com\/index.php?rest_route=%2Fwp%2Fv2%2Fcomments&post=1703"}],"version-history":[{"count":4,"href":"https:\/\/www.musicaynaturaleza.com\/index.php?rest_route=\/wp\/v2\/pages\/1703\/revisions"}],"predecessor-version":[{"id":2102,"href":"https:\/\/www.musicaynaturaleza.com\/index.php?rest_route=\/wp\/v2\/pages\/1703\/revisions\/2102"}],"wp:attachment":[{"href":"https:\/\/www.musicaynaturaleza.com\/index.php?rest_route=%2Fwp%2Fv2%2Fmedia&parent=1703"}],"curies":[{"name":"wp","href":"https:\/\/api.w.org\/{rel}","templated":true}]}}