{"id":1683,"date":"2021-11-01T19:50:21","date_gmt":"2021-11-01T19:50:21","guid":{"rendered":"http:\/\/web.musicaynaturaleza.com\/?page_id=1683"},"modified":"2026-01-13T12:13:58","modified_gmt":"2026-01-13T11:13:58","slug":"organizacion-y-lugar","status":"publish","type":"page","link":"https:\/\/www.musicaynaturaleza.com\/?page_id=1683","title":{"rendered":"Organizaci\u00f3n y lugar"},"content":{"rendered":"<h1>Organizaci\u00f3n y datos de inter\u00e9s<\/h1>\n<ul>\n<li>\n<p>        <img decoding=\"async\" src=\"\/wp-content\/uploads\/frias\/00.jpg\" alt=\"\"><\/p>\n<h3>Cortijo de Fr\u00edas<\/h3>\n<\/li>\n<li>\n<p>        <img decoding=\"async\" src=\"\/wp-content\/uploads\/frias\/01.jpg\" alt=\"\"><\/p>\n<h3>Contacto con la naturaleza<\/h3>\n<\/li>\n<li>\n<p>        <img decoding=\"async\" src=\"\/wp-content\/uploads\/frias\/02.jpg\" alt=\"\"><\/p>\n<h3>Campamentos de verano<\/h3>\n<\/li>\n<li>\n<p>        <img decoding=\"async\" src=\"\/wp-content\/uploads\/frias\/03.jpg\" alt=\"\"><\/p>\n<h3>Granja Escuela<\/h3>\n<\/li>\n<li>\n<p>        <img decoding=\"async\" src=\"\/wp-content\/uploads\/frias\/04.jpg\" alt=\"\"><\/p>\n<h3>Entorno natural<\/h3>\n<\/li>\n<li>\n<p>        <img decoding=\"async\" src=\"\/wp-content\/uploads\/frias\/05.jpg\" alt=\"\"><\/p>\n<h3>Instalaciones<\/h3>\n<\/li>\n<\/ul>\n<div>\n<div title=\"Page 1\">\n<h4 style=\"text-align: justify;\">Organniza:<\/h4>\n<div style=\"text-align: justify;\"><strong>Asociaci\u00f3n Cultural \u00abM\u00fasica entre Olivos\u00bb<\/strong><\/div>\n<h4 style=\"text-align: justify;\">Direcci\u00f3n del curso de orquesta:<\/h4>\n<div style=\"text-align: justify;\"><strong>Manuel Ruiz Rodr\u00edguez<\/strong><\/div>\n<h4 style=\"text-align: justify;\">Direcci\u00f3n del Curso de M\u00fasica de C\u00e1mara:<\/h4>\n<div style=\"text-align: justify;\"><strong>Mar\u00eda Fern\u00e1ndez Bueno<\/strong><\/div>\n<h4 style=\"text-align: justify;\">Direcci\u00f3n del Curso de Piano y Cuerda:<\/h4>\n<div style=\"text-align: justify;\"><strong>Antonio Gonz\u00e1lez \u00c9cija<\/strong><\/div>\n<div>\u00a0<\/div>\n<\/div>\n<div style=\"text-align: justify;\" title=\"Page 1\">\n<hr \/>\n<h4>Coordinadora de monitores de tiempo libre:<\/h4>\n<p><strong>M\u00aa \u00c1ngeles Moreno Moreno<\/strong><\/p>\n<h3>Lugar de realizaci\u00f3n<\/h3>\n<p>El lugar destinado para los Cursos de Verano \u00abM\u00fasica y Naturaleza\u00bb es la Granja-Escuela denominada \u00abCortijo de Fr\u00edas\u00bb (Ctra. de Cabra a Nueva Carteya, km. 4,500), situada en las cercan\u00edas del Parque Natural de las Sierras Subb\u00e9ticas y la ciudad cordobesa de Cabra.<\/p><\/div>\n<div title=\"Page 1\">\u00a0<\/div>\n<div style=\"text-align: justify;\" title=\"Page 1\">Es un Centro perfectamente equipado para este tipo de actividades, dotado de un equipo de monitores especializados en la atenci\u00f3n y trabajo con ni\u00f1os\/as.<\/div>\n<\/div>\n<div>\n<div>\n<div title=\"Page 1\">\n<ul>\n<li class=\"info_row\">Tel\u00e9fono: 957 334 005<\/li>\n<li class=\"info_row\">M\u00f3vil: 608 555 581<\/li>\n<li class=\"info_row\"><a href=\"mailto:cortijofrias@cortijofrias.com\">cortijofrias@cortijofrias.com<\/a><\/li>\n<li class=\"info_row\"><span style=\"text-decoration: underline;\"><a class=\"customize-unpreviewable\" href=\"http:\/\/https\/\/www.facebook.com\/Cortijodefrias\" target=\"_blank\" rel=\"noopener\">https:\/\/www.facebook.com\/Cortijodefrias<\/a><\/span><\/li>\n<li class=\"info_row\"><span style=\"text-decoration: underline;\"><a class=\"customize-unpreviewable\" href=\"http:\/\/https\/\/twitter.com\/cortijofrias\" target=\"_blank\" rel=\"noopener\">https:\/\/twitter.com\/cortijofrias<\/a><\/span><\/li>\n<li class=\"info_row\"><span style=\"text-decoration: underline;\"><a class=\"customize-unpreviewable\" href=\"http:\/\/www.cortijofrias.com\/\" target=\"_blank\" rel=\"noopener\">http:\/\/www.cortijofrias.<wbr \/>com\/<\/a><\/span><\/li>\n<\/ul>\n<\/div>\n<\/div>\n<\/div>\n<div>\n<h3>Orquesta<\/h3>\n<div>\n<p style=\"text-align: justify;\">La posibilidad de participar en esta agrupaci\u00f3n constituye una ocasi\u00f3n especial as\u00ed como una experiencia \u00fanica, sobre todo en edades tan tempranas.<\/p>\n<\/div>\n<\/div>\n<div>\n<h3>M\u00fasica de C\u00e1mara<\/h3>\n<div>\n<p align=\"justify\">La esencia de la m\u00fasica de c\u00e1mara reside en la igualdad de importancia de los diversos instrumentos y para ello se requiere un buen trabajo individual, tanto t\u00e9cnico como art\u00edstico, que garantice la correcta interpretaci\u00f3n del conjunto.<\/p>\n<\/div>\n<\/div>\n<div>\n<h3>Piano &#038; Cuerda<\/h3>\n<div>\n<p style=\"text-align: justify;\">Este Curso tiene como objetivo prioritario el trabajo individual intensivo para el perfeccionamiento de la t\u00e9cnica instrumental y el repertorio de cada una de estas especialidades.<\/p>\n<\/div>\n<\/div>\n<p>\n    <a href=\"\/index.php?page_id=1628\">Curso de Orquesta<\/a>\n<\/p>\n<p>\n    <a href=\"\/index.php?page_id=1644\">Curso de M\u00fasica de C\u00e1mara<\/a>\n<\/p>\n<p>\n    <a href=\"\/index.php?page_id=1650\">Curso de Piano y Cuerda<\/a>\n<\/p>\n<h3>Situaci\u00f3n del Cortijo de Fr\u00edas, Cabra (C\u00f3rdoba)<\/h3>\n<div>\n<p>37.5274,-4.4584<\/p>\n<h3>Cortijo de Fr\u00edas, Cabra<\/h3>\n<div>\n<p>Crta. Cabra-Nueva Carteya Km. 6<br \/>14940 Cabra, Andalucia, Spain<\/p>\n<div>37.52729298789331, -4.4584628174383845<\/div>\n<\/div>\n<\/div>\n<p><!--more--><br \/>\n<!-- {\"type\":\"layout\",\"children\":[{\"type\":\"section\",\"props\":{\"image_position\":\"center-center\",\"overlap\":true,\"padding_remove_bottom\":true,\"style\":\"default\",\"title_breakpoint\":\"xl\",\"title_position\":\"top-left\",\"title_rotation\":\"left\",\"vertical_align\":\"middle\",\"width\":\"large\"},\"children\":[{\"type\":\"row\",\"props\":{\"margin\":\"small\",\"margin_remove_bottom\":true,\"margin_remove_top\":true},\"children\":[{\"type\":\"column\",\"props\":{\"image_position\":\"center-center\",\"media_overlay_gradient\":\"\",\"position_sticky_breakpoint\":\"m\",\"width_medium\":\"1-1\"},\"children\":[{\"type\":\"headline\",\"props\":{\"content\":\"Organizaci\\u00f3n y datos de inter\\u00e9s\",\"title_element\":\"h1\",\"title_style\":\"heading-small\"}}]}]}]},{\"type\":\"section\",\"props\":{\"image_position\":\"center-center\",\"overlap\":true,\"padding_remove_bottom\":true,\"padding_remove_top\":true,\"style\":\"default\",\"title_breakpoint\":\"xl\",\"title_position\":\"top-left\",\"title_rotation\":\"left\",\"vertical_align\":\"middle\",\"width\":\"large\"},\"children\":[{\"type\":\"row\",\"props\":{\"layout\":\"1-3,2-3\",\"margin_remove_top\":true},\"children\":[{\"type\":\"column\",\"props\":{\"image_position\":\"center-center\",\"media_overlay_gradient\":\"\",\"position_sticky_breakpoint\":\"m\",\"width_medium\":\"1-3\"},\"children\":[{\"type\":\"gallery\",\"props\":{\"filter_align\":\"left\",\"filter_all\":true,\"filter_grid_breakpoint\":\"m\",\"filter_grid_width\":\"auto\",\"filter_position\":\"top\",\"filter_style\":\"tab\",\"grid_column_gap\":\"small\",\"grid_default\":\"1\",\"grid_masonry\":false,\"grid_medium\":\"1\",\"grid_row_gap\":\"small\",\"item_animation\":true,\"link_style\":\"default\",\"link_text\":\"Read more\",\"margin\":\"default\",\"meta_align\":\"below-title\",\"meta_element\":\"div\",\"meta_style\":\"text-meta\",\"overlay_hover\":true,\"overlay_mode\":\"cover\",\"overlay_position\":\"center\",\"overlay_style\":\"overlay-primary\",\"overlay_transition\":\"fade\",\"parallax_easing\":\"1\",\"show_content\":true,\"show_hover_image\":true,\"show_link\":true,\"show_meta\":true,\"show_title\":true,\"text_align\":\"center\",\"text_color\":\"light\",\"title_element\":\"h3\",\"title_hover_style\":\"reset\"},\"children\":[{\"type\":\"gallery_item\",\"props\":{\"image\":\"wp-content\\\/uploads\\\/frias\\\/00.jpg\",\"title\":\"Cortijo de Fr\\u00edas\"}},{\"type\":\"gallery_item\",\"props\":{\"image\":\"wp-content\\\/uploads\\\/frias\\\/01.jpg\",\"title\":\"Contacto con la naturaleza\"}},{\"type\":\"gallery_item\",\"props\":{\"image\":\"wp-content\\\/uploads\\\/frias\\\/02.jpg\",\"title\":\"Campamentos de verano\"}},{\"type\":\"gallery_item\",\"props\":{\"image\":\"wp-content\\\/uploads\\\/frias\\\/03.jpg\",\"title\":\"Granja Escuela\"}},{\"type\":\"gallery_item\",\"props\":{\"image\":\"wp-content\\\/uploads\\\/frias\\\/04.jpg\",\"title\":\"Entorno natural\"}},{\"type\":\"gallery_item\",\"props\":{\"image\":\"wp-content\\\/uploads\\\/frias\\\/05.jpg\",\"title\":\"Instalaciones\"}}]}]},{\"type\":\"column\",\"props\":{\"image_position\":\"center-center\",\"media_overlay_gradient\":\"\",\"position_sticky_breakpoint\":\"m\",\"width_medium\":\"2-3\"},\"children\":[{\"type\":\"text\",\"props\":{\"column_breakpoint\":\"m\",\"content\":\"\n\n<div title=\\\"Page 1\\\">\\n\n\n<h4 style=\\\"text-align: justify;\\\">Organniza:<\\\/h4>\\n\n\n<div style=\\\"text-align: justify;\\\"><strong>Asociaci\\u00f3n Cultural \\\"M\\u00fasica entre Olivos\\\"<\\\/strong><\\\/div>\\n\n\n<h4 style=\\\"text-align: justify;\\\">Direcci\\u00f3n del curso de orquesta:<\\\/h4>\\n\n\n<div style=\\\"text-align: justify;\\\"><strong>Manuel Ruiz Rodr\\u00edguez<\\\/strong><\\\/div>\\n\n\n<h4 style=\\\"text-align: justify;\\\">Direcci\\u00f3n del Curso de M\\u00fasica de C\\u00e1mara:<\\\/h4>\\n\n\n<div style=\\\"text-align: justify;\\\"><strong>Mar\\u00eda Fern\\u00e1ndez Bueno<\\\/strong><\\\/div>\\n\n\n<h4 style=\\\"text-align: justify;\\\">Direcci\\u00f3n del Curso de Piano y Cuerda:<\\\/h4>\\n\n\n<div style=\\\"text-align: justify;\\\"><strong>Antonio Gonz\\u00e1lez \\u00c9cija<\\\/strong><\\\/div>\\n\n\n<div>\\u00a0<\\\/div>\\n<\\\/div>\\n\n\n<div style=\\\"text-align: justify;\\\" title=\\\"Page 1\\\">\n\n<hr \\\/>\\n\n\n<h4>Coordinadora de monitores de tiempo libre:<\\\/h4>\\n\n\n<p><strong>M\\u00aa \\u00c1ngeles Moreno Moreno<\\\/strong><\\\/p>\\n\n\n<h3>Lugar de realizaci\\u00f3n<\\\/h3>\\nEl lugar destinado para los Cursos de Verano \\u00abM\\u00fasica y Naturaleza\\u00bb es la Granja-Escuela denominada \\u00abCortijo de Fr\\u00edas\\u00bb (Ctra. de Cabra a Nueva Carteya, km. 4,500), situada en las cercan\\u00edas del Parque Natural de las Sierras Subb\\u00e9ticas y la ciudad cordobesa de Cabra.<\\\/div>\\n\n\n<div title=\\\"Page 1\\\">\\u00a0<\\\/div>\\n\n\n<div style=\\\"text-align: justify;\\\" title=\\\"Page 1\\\">Es un Centro perfectamente equipado para este tipo de actividades, dotado de un equipo de monitores especializados en la atenci\\u00f3n y trabajo con ni\\u00f1os\\\/as.<\\\/div>\",\"margin\":\"default\"}},{\"type\":\"alert\",\"props\":{\"alert_style\":\"\",\"content\":\"\n\n<div title=\\\"Page 1\\\">\\n\n\n<ul>\\n\n\n<li class=\\\"info_row\\\">Tel\\u00e9fono: 957 334 005<\\\/li>\\n\n\n<li class=\\\"info_row\\\">M\\u00f3vil: 608 555 581<\\\/li>\\n\n\n<li class=\\\"info_row\\\"><a href=\\\"mailto:cortijofrias@cortijofrias.com\\\">cortijofrias@cortijofrias.com<\\\/a><\\\/li>\\n\n\n<li class=\\\"info_row\\\"><span style=\\\"text-decoration: underline;\\\"><a class=\\\"customize-unpreviewable\\\" href=\\\"http:\\\/\\\/https\\\/\\\/www.facebook.com\\\/Cortijodefrias\\\" target=\\\"_blank\\\" rel=\\\"noopener\\\">https:\\\/\\\/www.facebook.com\\\/Cortijodefrias<\\\/a><\\\/span><\\\/li>\\n\n\n<li class=\\\"info_row\\\"><span style=\\\"text-decoration: underline;\\\"><a class=\\\"customize-unpreviewable\\\" href=\\\"http:\\\/\\\/https\\\/\\\/twitter.com\\\/cortijofrias\\\" target=\\\"_blank\\\" rel=\\\"noopener\\\">https:\\\/\\\/twitter.com\\\/cortijofrias<\\\/a><\\\/span><\\\/li>\\n\n\n<li class=\\\"info_row\\\"><span style=\\\"text-decoration: underline;\\\"><a class=\\\"customize-unpreviewable\\\" href=\\\"http:\\\/\\\/www.cortijofrias.com\\\/\\\" target=\\\"_blank\\\" rel=\\\"noopener\\\">http:\\\/\\\/www.cortijofrias.<wbr \\\/>com\\\/<\\\/a><\\\/span><\\\/li>\\n<\\\/ul>\\n<\\\/div>\",\"title_element\":\"h3\"}}]}]},{\"type\":\"row\",\"props\":{\"layout\":\"1-3,1-3,1-3\",\"margin\":\"default\",\"margin_remove_bottom\":false,\"margin_remove_top\":false,\"match\":false,\"width\":\"large\"},\"children\":[{\"type\":\"column\",\"props\":{\"image_position\":\"center-center\",\"media_overlay_gradient\":\"\",\"padding\":\"xsmall\",\"position_sticky_breakpoint\":\"m\",\"style\":\"primary\",\"width_medium\":\"1-3\"},\"children\":[{\"type\":\"panel\",\"props\":{\"content\":\"\n\n<p style=\\\"text-align: justify;\\\">La posibilidad de participar en esta agrupaci\\u00f3n constituye una ocasi\\u00f3n especial as\\u00ed como una experiencia \\u00fanica, sobre todo en edades tan tempranas.<\\\/p>\",\"content_column_breakpoint\":\"m\",\"icon_width\":80,\"image_align\":\"top\",\"image_grid_breakpoint\":\"m\",\"image_grid_width\":\"1-2\",\"image_svg_color\":\"emphasis\",\"link_style\":\"default\",\"link_text\":\"Read more\",\"margin\":\"default\",\"meta_align\":\"below-title\",\"meta_element\":\"div\",\"meta_style\":\"text-meta\",\"panel_card_size\":\"\",\"panel_padding\":\"\",\"title\":\"Orquesta\",\"title_align\":\"top\",\"title_element\":\"h3\",\"title_grid_breakpoint\":\"m\",\"title_grid_width\":\"1-2\",\"title_hover_style\":\"reset\"}}]},{\"type\":\"column\",\"props\":{\"image_position\":\"center-center\",\"media_overlay_gradient\":\"\",\"padding\":\"xsmall\",\"position_sticky_breakpoint\":\"m\",\"style\":\"primary\",\"width_medium\":\"1-3\"},\"children\":[{\"type\":\"panel\",\"props\":{\"content\":\"\n\n<p align=\\\"justify\\\">La esencia de la m\\u00fasica de c\\u00e1mara reside en la igualdad de importancia de los diversos instrumentos y para ello se requiere un buen trabajo individual, tanto t\\u00e9cnico como art\\u00edstico, que garantice la correcta interpretaci\\u00f3n del conjunto.<\\\/p>\",\"content_column_breakpoint\":\"m\",\"icon_width\":80,\"image_align\":\"top\",\"image_grid_breakpoint\":\"m\",\"image_grid_width\":\"1-2\",\"image_svg_color\":\"emphasis\",\"link_style\":\"default\",\"link_text\":\"Read more\",\"margin\":\"default\",\"meta_align\":\"below-title\",\"meta_element\":\"div\",\"meta_style\":\"text-meta\",\"panel_card_size\":\"\",\"panel_padding\":\"\",\"title\":\"M\\u00fasica de C\\u00e1mara\",\"title_align\":\"top\",\"title_element\":\"h3\",\"title_grid_breakpoint\":\"m\",\"title_grid_width\":\"1-2\",\"title_hover_style\":\"reset\"}}]},{\"type\":\"column\",\"props\":{\"image_position\":\"center-center\",\"media_overlay_gradient\":\"\",\"padding\":\"xsmall\",\"position_sticky_breakpoint\":\"m\",\"style\":\"primary\",\"width_medium\":\"1-3\"},\"children\":[{\"type\":\"panel\",\"props\":{\"content\":\"\n\n<p style=\\\"text-align: justify;\\\">Este Curso tiene como objetivo prioritario el trabajo individual intensivo para el perfeccionamiento de la t\\u00e9cnica instrumental y el repertorio de cada una de estas especialidades.<\\\/p>\",\"content_column_breakpoint\":\"m\",\"icon_width\":80,\"image_align\":\"top\",\"image_grid_breakpoint\":\"m\",\"image_grid_width\":\"1-2\",\"image_svg_color\":\"emphasis\",\"link_style\":\"default\",\"link_text\":\"Read more\",\"margin\":\"default\",\"meta_align\":\"below-title\",\"meta_element\":\"div\",\"meta_style\":\"text-meta\",\"panel_card_size\":\"\",\"panel_padding\":\"\",\"title\":\"Piano & Cuerda\",\"title_align\":\"top\",\"title_element\":\"h3\",\"title_grid_breakpoint\":\"m\",\"title_grid_width\":\"1-2\",\"title_hover_style\":\"reset\"}}]}]},{\"type\":\"row\",\"props\":{\"layout\":\"1-3,1-3,1-3\"},\"children\":[{\"type\":\"column\",\"props\":{\"image_position\":\"center-center\",\"media_overlay_gradient\":\"\",\"position_sticky_breakpoint\":\"m\",\"width_medium\":\"1-3\"},\"children\":[{\"type\":\"button\",\"props\":{\"fullwidth\":true,\"grid_column_gap\":\"small\",\"grid_row_gap\":\"small\",\"margin\":\"small\"},\"children\":[{\"type\":\"button_item\",\"props\":{\"button_style\":\"default\",\"content\":\"Curso de Orquesta\",\"icon\":\"info\",\"icon_align\":\"left\",\"link\":\"index.php?page_id=1628\"}}]}]},{\"type\":\"column\",\"props\":{\"image_position\":\"center-center\",\"media_overlay_gradient\":\"\",\"position_sticky_breakpoint\":\"m\",\"width_medium\":\"1-3\"},\"children\":[{\"type\":\"button\",\"props\":{\"fullwidth\":true,\"grid_column_gap\":\"small\",\"grid_row_gap\":\"small\",\"margin\":\"small\"},\"children\":[{\"type\":\"button_item\",\"props\":{\"button_style\":\"default\",\"content\":\"Curso de M\\u00fasica de C\\u00e1mara\",\"icon\":\"info\",\"icon_align\":\"left\",\"link\":\"index.php?page_id=1644\"}}]}]},{\"type\":\"column\",\"props\":{\"image_position\":\"center-center\",\"media_overlay_gradient\":\"\",\"position_sticky_breakpoint\":\"m\",\"width_medium\":\"1-3\"},\"children\":[{\"type\":\"button\",\"props\":{\"fullwidth\":true,\"grid_column_gap\":\"small\",\"grid_row_gap\":\"small\",\"margin\":\"small\"},\"children\":[{\"type\":\"button_item\",\"props\":{\"button_style\":\"default\",\"content\":\"Curso de Piano y Cuerda\",\"icon\":\"info\",\"icon_align\":\"left\",\"link\":\"index.php?page_id=1650\"}}]}]}]}]},{\"type\":\"section\",\"props\":{\"image\":\"\",\"image_position\":\"center-center\",\"image_size\":\"cover\",\"overlap\":true,\"style\":\"muted\",\"title_breakpoint\":\"xl\",\"title_position\":\"top-left\",\"title_rotation\":\"left\",\"vertical_align\":\"middle\",\"width\":\"large\"},\"children\":[{\"type\":\"row\",\"props\":{\"margin\":\"small\",\"margin_remove_top\":false},\"children\":[{\"type\":\"column\",\"props\":{\"image_position\":\"center-center\",\"media_overlay_gradient\":\"\",\"position_sticky_breakpoint\":\"m\",\"width_medium\":\"1-1\"},\"children\":[{\"type\":\"headline\",\"props\":{\"content\":\"Situaci\\u00f3n del Cortijo de Fr\\u00edas, Cabra (C\\u00f3rdoba)\",\"title_element\":\"h3\"}},{\"type\":\"map\",\"props\":{\"container_padding_remove\":true,\"controls\":true,\"dragging\":true,\"image_svg_color\":\"emphasis\",\"link_style\":\"default\",\"link_text\":\"Read more\",\"margin\":\"\",\"max_zoom\":18,\"meta_align\":\"below-title\",\"meta_element\":\"div\",\"meta_style\":\"text-meta\",\"min_zoom\":0,\"poi\":false,\"show_content\":true,\"show_image\":true,\"show_link\":true,\"show_meta\":true,\"show_title\":true,\"title_element\":\"h3\",\"title_hover_style\":\"reset\",\"type\":\"satellite\",\"zoom\":\"15\",\"zooming\":true},\"children\":[{\"type\":\"map_item\",\"props\":{\"content\":\"\n\n<p>Crta. Cabra-Nueva Carteya Km. 6<br \\\/>14940 Cabra, Andalucia, Spain<\\\/p>\\n\n\n<div>37.52729298789331, -4.4584628174383845<\\\/div>\",\"location\":\"37.5274,-4.4584\",\"title\":\"Cortijo de Fr\\u00edas, Cabra\"}}]}]}]}]}],\"version\":\"3.0.20\"} --><\/p>\n","protected":false},"excerpt":{"rendered":"<p>Organizaci\u00f3n y datos de inter\u00e9s Cortijo de Fr\u00edas Contacto con la naturaleza Campamentos de verano Granja Escuela Entorno natural Instalaciones Organniza: Asociaci\u00f3n Cultural \u00abM\u00fasica entre Olivos\u00bb Direcci\u00f3n del curso de orquesta: Manuel Ruiz Rodr\u00edguez Direcci\u00f3n del Curso de M\u00fasica de C\u00e1mara: Mar\u00eda Fern\u00e1ndez Bueno Direcci\u00f3n del Curso de Piano y Cuerda: Antonio Gonz\u00e1lez \u00c9cija \u00a0 [&hellip;]<\/p>\n","protected":false},"author":1,"featured_media":0,"parent":0,"menu_order":0,"comment_status":"closed","ping_status":"closed","template":"","meta":{"footnotes":""},"_links":{"self":[{"href":"https:\/\/www.musicaynaturaleza.com\/index.php?rest_route=\/wp\/v2\/pages\/1683"}],"collection":[{"href":"https:\/\/www.musicaynaturaleza.com\/index.php?rest_route=\/wp\/v2\/pages"}],"about":[{"href":"https:\/\/www.musicaynaturaleza.com\/index.php?rest_route=\/wp\/v2\/types\/page"}],"author":[{"embeddable":true,"href":"https:\/\/www.musicaynaturaleza.com\/index.php?rest_route=\/wp\/v2\/users\/1"}],"replies":[{"embeddable":true,"href":"https:\/\/www.musicaynaturaleza.com\/index.php?rest_route=%2Fwp%2Fv2%2Fcomments&post=1683"}],"version-history":[{"count":25,"href":"https:\/\/www.musicaynaturaleza.com\/index.php?rest_route=\/wp\/v2\/pages\/1683\/revisions"}],"predecessor-version":[{"id":2355,"href":"https:\/\/www.musicaynaturaleza.com\/index.php?rest_route=\/wp\/v2\/pages\/1683\/revisions\/2355"}],"wp:attachment":[{"href":"https:\/\/www.musicaynaturaleza.com\/index.php?rest_route=%2Fwp%2Fv2%2Fmedia&parent=1683"}],"curies":[{"name":"wp","href":"https:\/\/api.w.org\/{rel}","templated":true}]}}