{"id":1650,"date":"2021-10-29T08:31:47","date_gmt":"2021-10-29T08:31:47","guid":{"rendered":"http:\/\/web.musicaynaturaleza.com\/?page_id=1650"},"modified":"2021-11-23T22:01:35","modified_gmt":"2021-11-23T22:01:35","slug":"piano-y-cuerda","status":"publish","type":"page","link":"https:\/\/www.musicaynaturaleza.com\/?page_id=1650","title":{"rendered":"Piano y Cuerda"},"content":{"rendered":"<div>\n<h1 class=\"uk-article-title\" style=\"text-align: justify;\">Curso de piano y cuerda<\/h1>\n<div style=\"text-align: justify;\" title=\"Page 1\">\n<p>Este Curso tiene como objetivo prioritario el trabajo individual e intensivo para el perfeccionamiento de la t\u00e9cnica instrumental y el repertorio de cada una de las especialidades instrumentales que lo componen. Tambi\u00e9n se trabajar\u00e1n clases de grupo en agrupaciones instrumentales. En el acto de clausura y entrega de diplomas se ofrecer\u00e1 un concierto con una selecci\u00f3n de agrupaciones y solistas.<\/p>\n<\/div>\n<h2 style=\"text-align: justify;\">Fecha<\/h2>\n<p style=\"text-align: justify;\">El Curso se realizara\u0301 entre los di\u0301as\u00a0<strong>21 al 30 de agosto<\/strong>, ambos inclusive.<\/p>\n<h2 style=\"text-align: justify;\">Plazas y especialidades<\/h2>\n<p style=\"text-align: justify;\">Para esta edicio\u0301n se ofertan 80 plazas, distribuidas de la siguiente forma:<\/p>\n<ul>\n<li><i class=\"uk-icon uk-icon-check\"><\/i>\u00a040 alumnos\/as de piano.<\/li>\n<li><i class=\"uk-icon uk-icon-check\"><\/i>40 alumnos\/as de cuerda: guitarra cl\u00e1sica, viol\u00edn y violonchelo<\/li>\n<\/ul>\n<h2 style=\"text-align: justify;\">Profesorado<\/h2>\n<p style=\"text-align: justify;\">Disponemos de un profesorado con gran cualificacio\u0301n y experiencia, demostrada en todas nuestras anteriores ediciones, siendo especialistas reconocidos en su instrumento tanto a nivel dida\u0301ctico como concerti\u0301stico.<\/p>\n<\/div>\n<ul>\n<li>\n        <a href=\"index.php?page_id=1777\">Conoce m\u00e1s acerca de nuestro equipo docente<\/a>\n    <\/li>\n<li>\n        <a href=\"index.php?page_id=1703\">Garant\u00edas<\/a>\n    <\/li>\n<li>\n        <a href=\"index.php?page_id=1818\">Actividades<\/a>\n    <\/li>\n<\/ul>\n<p><!-- {\"type\":\"layout\",\"children\":[{\"type\":\"section\",\"props\":{\"style\":\"default\",\"width\":\"default\",\"vertical_align\":\"middle\",\"title_position\":\"top-left\",\"title_rotation\":\"left\",\"title_breakpoint\":\"xl\",\"image_position\":\"center-center\",\"text_color\":\"\",\"width_expand\":\"\",\"height\":\"\",\"padding\":\"xsmall\",\"header_transparent\":\"\",\"animation\":\"\",\"overlap\":true},\"children\":[{\"type\":\"row\",\"props\":{\"layout\":\"1-1\",\"breakpoint\":\"m\",\"fixed_width\":\"large\",\"column_gap\":\"\",\"row_gap\":\"\",\"width\":\"\",\"width_expand\":\"\",\"height\":\"\",\"margin\":\"\"},\"children\":[{\"type\":\"column\",\"props\":{\"image_position\":\"center-center\",\"media_overlay_gradient\":\"\",\"vertical_align\":\"\",\"style\":\"\",\"text_color\":\"\",\"padding\":\"\"},\"children\":[{\"type\":\"text\",\"props\":{\"margin\":\"default\",\"column_breakpoint\":\"m\",\"text_style\":\"\",\"text_color\":\"\",\"text_size\":\"\",\"column\":\"\",\"position\":\"\",\"position_z_index\":\"\",\"maxwidth\":\"\",\"maxwidth_breakpoint\":\"\",\"block_align\":\"\",\"block_align_breakpoint\":\"\",\"block_align_fallback\":\"\",\"text_align\":\"\",\"text_align_breakpoint\":\"\",\"text_align_fallback\":\"\",\"animation\":\"\",\"visibility\":\"\",\"content\":\"\n\n<h1 class=\\\"uk-article-title\\\" style=\\\"text-align: justify;\\\">Curso de piano y cuerda<\\\/h1>\\n\n\n<div style=\\\"text-align: justify;\\\" title=\\\"Page 1\\\">\\n\n\n<p>Este Curso tiene como objetivo prioritario el trabajo individual e intensivo para el perfeccionamiento de la t\\u00e9cnica instrumental y el repertorio de cada una de las especialidades instrumentales que lo componen. Tambi\\u00e9n se trabajar\\u00e1n clases de grupo en agrupaciones instrumentales. En el acto de clausura y entrega de diplomas se ofrecer\\u00e1 un concierto con una selecci\\u00f3n de agrupaciones y solistas.<\\\/p>\\n<\\\/div>\\n\n\n<h2 style=\\\"text-align: justify;\\\">Fecha<\\\/h2>\\n\n\n<p style=\\\"text-align: justify;\\\">El Curso se realizara\\u0301 entre los di\\u0301as\\u00a0<strong>21 al 30 de agosto<\\\/strong>, ambos inclusive.<\\\/p>\\n\n\n<h2 style=\\\"text-align: justify;\\\">Plazas y especialidades<\\\/h2>\\n\n\n<p style=\\\"text-align: justify;\\\">Para esta edicio\\u0301n se ofertan 80 plazas, distribuidas de la siguiente forma:<\\\/p>\\n\n\n<ul>\\n\n\n<li><i class=\\\"uk-icon uk-icon-check\\\"><\\\/i>\\u00a040 alumnos\\\/as de piano.<\\\/li>\\n\n\n<li><i class=\\\"uk-icon uk-icon-check\\\"><\\\/i>40 alumnos\\\/as de cuerda: guitarra cl\\u00e1sica, viol\\u00edn y violonchelo<\\\/li>\\n<\\\/ul>\\n\n\n<h2 style=\\\"text-align: justify;\\\">Profesorado<\\\/h2>\\n\n\n<p style=\\\"text-align: justify;\\\">Disponemos de un profesorado con gran cualificacio\\u0301n y experiencia, demostrada en todas nuestras anteriores ediciones, siendo especialistas reconocidos en su instrumento tanto a nivel dida\\u0301ctico como concerti\\u0301stico.<\\\/p>\"}},{\"type\":\"button\",\"props\":{\"grid_column_gap\":\"small\",\"grid_row_gap\":\"small\",\"margin\":\"default\",\"button_size\":\"\",\"position\":\"\",\"position_z_index\":\"\",\"maxwidth\":\"\",\"maxwidth_breakpoint\":\"\",\"block_align\":\"\",\"block_align_breakpoint\":\"\",\"block_align_fallback\":\"\",\"text_align\":\"center\",\"text_align_breakpoint\":\"\",\"text_align_fallback\":\"\",\"animation\":\"\",\"visibility\":\"\"},\"children\":[{\"type\":\"button_item\",\"props\":{\"button_style\":\"default\",\"icon_align\":\"left\",\"link_target\":\"\",\"content\":\"Conoce m\\u00e1s acerca de nuestro equipo docente\",\"link\":\"index.php?page_id=1777\"}},{\"type\":\"button_item\",\"props\":{\"button_style\":\"default\",\"icon_align\":\"left\",\"link_target\":\"\",\"content\":\"Garant\\u00edas\",\"link\":\"index.php?page_id=1703\"}},{\"type\":\"button_item\",\"props\":{\"button_style\":\"default\",\"icon_align\":\"left\",\"link_target\":\"\",\"content\":\"Actividades\",\"link\":\"index.php?page_id=1818\"}}]}]}]}]}],\"version\":\"1.22.8\",\"props\":[]} --><\/p>\n","protected":false},"excerpt":{"rendered":"<p>Curso de piano y cuerda Este Curso tiene como objetivo prioritario el trabajo individual e intensivo para el perfeccionamiento de la t\u00e9cnica instrumental y el repertorio de cada una de las especialidades instrumentales que lo componen. Tambi\u00e9n se trabajar\u00e1n clases de grupo en agrupaciones instrumentales. En el acto de clausura y entrega de diplomas se [&hellip;]<\/p>\n","protected":false},"author":1,"featured_media":0,"parent":0,"menu_order":0,"comment_status":"closed","ping_status":"closed","template":"","meta":{"footnotes":""},"_links":{"self":[{"href":"https:\/\/www.musicaynaturaleza.com\/index.php?rest_route=\/wp\/v2\/pages\/1650"}],"collection":[{"href":"https:\/\/www.musicaynaturaleza.com\/index.php?rest_route=\/wp\/v2\/pages"}],"about":[{"href":"https:\/\/www.musicaynaturaleza.com\/index.php?rest_route=\/wp\/v2\/types\/page"}],"author":[{"embeddable":true,"href":"https:\/\/www.musicaynaturaleza.com\/index.php?rest_route=\/wp\/v2\/users\/1"}],"replies":[{"embeddable":true,"href":"https:\/\/www.musicaynaturaleza.com\/index.php?rest_route=%2Fwp%2Fv2%2Fcomments&post=1650"}],"version-history":[{"count":6,"href":"https:\/\/www.musicaynaturaleza.com\/index.php?rest_route=\/wp\/v2\/pages\/1650\/revisions"}],"predecessor-version":[{"id":1840,"href":"https:\/\/www.musicaynaturaleza.com\/index.php?rest_route=\/wp\/v2\/pages\/1650\/revisions\/1840"}],"wp:attachment":[{"href":"https:\/\/www.musicaynaturaleza.com\/index.php?rest_route=%2Fwp%2Fv2%2Fmedia&parent=1650"}],"curies":[{"name":"wp","href":"https:\/\/api.w.org\/{rel}","templated":true}]}}