{"id":1644,"date":"2021-10-29T08:26:07","date_gmt":"2021-10-29T08:26:07","guid":{"rendered":"http:\/\/web.musicaynaturaleza.com\/?page_id=1644"},"modified":"2022-01-20T08:11:49","modified_gmt":"2022-01-20T08:11:49","slug":"portada","status":"publish","type":"page","link":"https:\/\/www.musicaynaturaleza.com\/?page_id=1644","title":{"rendered":"C\u00e1mara"},"content":{"rendered":"<div>\n<h1 class=\"uk-article-title\" style=\"text-align: justify;\">Curso de M\u00fasica de C\u00e1mara<\/h1>\n<div style=\"text-align: justify;\" title=\"Page 1\">\n<p class=\"p1\"><span class=\"s1\">La pr\u00e1ctica de la m\u00fasica de c\u00e1mara aporta al estudiante de m\u00fasica innumerables beneficios y su pr\u00e1ctica desde edades tempranas, facilita m\u00e1s r\u00e1pidamente la adquisici\u00f3n de la t\u00e9cnica y musicalidad necesarias para la ejecuci\u00f3n instrumental. El prop\u00f3sito del Curso de C\u00e1mara es, por tanto, trabajar habilidades como el sentido del ritmo, el fraseo, el o\u00eddo, la afinaci\u00f3n, los gestos necesarios para la comunicaci\u00f3n sin director, el equilibrio y coordinaci\u00f3n del grupo, as\u00ed como un riguroso estudio individual que garantice la correcta interpretaci\u00f3n dentro del conjunto.<\/span><\/p>\n<p>En el acto de clausura y entrega de diplomas se ofrecera\u0301 un concierto con una seleccio\u0301n de grupos instrumentales de mu\u0301sica de ca\u0301mara.<\/p>\n<\/div>\n<h2 style=\"text-align: justify;\">Fecha<\/h2>\n<p style=\"text-align: justify;\">El Curso se realizara\u0301 entre los di\u0301as\u00a0<strong>11 al 20 de agosto<\/strong>, ambos inclusive.<\/p>\n<h2 style=\"text-align: justify;\">Plazas y especialidades<\/h2>\n<p style=\"text-align: justify;\">Para esta edicio\u0301n se ofertan 80 plazas, distribuidas entre las especialidades de:<\/p>\n<ul>\n<li><i class=\"uk-icon uk-icon-check\"><\/i>\u00a0viol\u00edn<\/li>\n<li><i class=\"uk-icon uk-icon-check\"><\/i>\u00a0viola<\/li>\n<li><i class=\"uk-icon uk-icon-check\"><\/i>\u00a0violonchelo<\/li>\n<li><i class=\"uk-icon uk-icon-check\"><\/i>\u00a0fagot<\/li>\n<li>flauta travesera<\/li>\n<li><i class=\"uk-icon uk-icon-check\"><\/i>\u00a0oboe<\/li>\n<li><i class=\"uk-icon uk-icon-check\"><\/i>\u00a0clarinete<\/li>\n<li><i class=\"uk-icon uk-icon-check\"><\/i>\u00a0saxof\u00f3n<\/li>\n<li><i class=\"uk-icon uk-icon-check\"><\/i>\u00a0instrumentos de viento metal (trompeta, trompa, tromb\u00f3n)<\/li>\n<li><i class=\"uk-icon uk-icon-check\"><\/i>\u00a0piano<\/li>\n<\/ul>\n<h2 style=\"text-align: justify;\">Profesorado<\/h2>\n<p style=\"text-align: justify;\">Disponemos de un profesorado con gran cualificacio\u0301n y experiencia, demostrada en todas nuestras anteriores ediciones, siendo especialistas reconocidos en su instrumento tanto a nivel dida\u0301ctico como concerti\u0301stico.<\/p>\n<\/div>\n<ul>\n<li>\n        <a href=\"index.php?page_id=1773\">Conoce m\u00e1s acerca de nuestro equipo docente<\/a>\n    <\/li>\n<li>\n        <a href=\"index.php?page_id=1703\">Garant\u00edas<\/a>\n    <\/li>\n<li>\n        <a href=\"index.php?page_id=1814\">Actividades<\/a>\n    <\/li>\n<\/ul>\n<p><!-- {\"type\":\"layout\",\"children\":[{\"type\":\"section\",\"props\":{\"style\":\"default\",\"width\":\"default\",\"vertical_align\":\"middle\",\"title_position\":\"top-left\",\"title_rotation\":\"left\",\"title_breakpoint\":\"xl\",\"image_position\":\"center-center\",\"text_color\":\"\",\"width_expand\":\"\",\"height\":\"\",\"padding\":\"xsmall\",\"header_transparent\":\"\",\"animation\":\"\",\"overlap\":true,\"padding_remove_top\":false},\"children\":[{\"type\":\"row\",\"props\":{\"layout\":\"1-1\",\"breakpoint\":\"m\",\"fixed_width\":\"large\",\"column_gap\":\"\",\"row_gap\":\"\",\"width\":\"\",\"width_expand\":\"\",\"height\":\"\",\"margin\":\"\"},\"children\":[{\"type\":\"column\",\"props\":{\"image_position\":\"center-center\",\"media_overlay_gradient\":\"\",\"vertical_align\":\"\",\"style\":\"\",\"text_color\":\"\",\"padding\":\"\"},\"children\":[{\"type\":\"text\",\"props\":{\"margin\":\"default\",\"column_breakpoint\":\"m\",\"text_style\":\"\",\"text_color\":\"\",\"text_size\":\"\",\"column\":\"\",\"position\":\"\",\"position_z_index\":\"\",\"maxwidth\":\"\",\"maxwidth_breakpoint\":\"\",\"block_align\":\"\",\"block_align_breakpoint\":\"\",\"block_align_fallback\":\"\",\"text_align\":\"\",\"text_align_breakpoint\":\"\",\"text_align_fallback\":\"\",\"animation\":\"\",\"visibility\":\"\",\"content\":\"\n\n<h1 class=\\\"uk-article-title\\\" style=\\\"text-align: justify;\\\">Curso de M\\u00fasica de C\\u00e1mara<\\\/h1>\\n\n\n<div style=\\\"text-align: justify;\\\" title=\\\"Page 1\\\">\\n\n\n<p class=\\\"p1\\\"><span class=\\\"s1\\\">La pr\\u00e1ctica de la m\\u00fasica de c\\u00e1mara aporta al estudiante de m\\u00fasica innumerables beneficios y su pr\\u00e1ctica desde edades tempranas, facilita m\\u00e1s r\\u00e1pidamente la adquisici\\u00f3n de la t\\u00e9cnica y musicalidad necesarias para la ejecuci\\u00f3n instrumental. El prop\\u00f3sito del Curso de C\\u00e1mara es, por tanto, trabajar habilidades como el sentido del ritmo, el fraseo, el o\\u00eddo, la afinaci\\u00f3n, los gestos necesarios para la comunicaci\\u00f3n sin director, el equilibrio y coordinaci\\u00f3n del grupo, as\\u00ed como un riguroso estudio individual que garantice la correcta interpretaci\\u00f3n dentro del conjunto.<\\\/span><\\\/p>\\n\n\n<p>En el acto de clausura y entrega de diplomas se ofrecera\\u0301 un concierto con una seleccio\\u0301n de grupos instrumentales de mu\\u0301sica de ca\\u0301mara.<\\\/p>\\n<\\\/div>\\n\n\n<h2 style=\\\"text-align: justify;\\\">Fecha<\\\/h2>\\n\n\n<p style=\\\"text-align: justify;\\\">El Curso se realizara\\u0301 entre los di\\u0301as\\u00a0<strong>11 al 20 de agosto<\\\/strong>, ambos inclusive.<\\\/p>\\n\n\n<h2 style=\\\"text-align: justify;\\\">Plazas y especialidades<\\\/h2>\\n\n\n<p style=\\\"text-align: justify;\\\">Para esta edicio\\u0301n se ofertan 80 plazas, distribuidas entre las especialidades de:<\\\/p>\\n\n\n<ul>\\n\n\n<li><i class=\\\"uk-icon uk-icon-check\\\"><\\\/i>\\u00a0viol\\u00edn<\\\/li>\\n\n\n<li><i class=\\\"uk-icon uk-icon-check\\\"><\\\/i>\\u00a0viola<\\\/li>\\n\n\n<li><i class=\\\"uk-icon uk-icon-check\\\"><\\\/i>\\u00a0violonchelo<\\\/li>\\n\n\n<li><i class=\\\"uk-icon uk-icon-check\\\"><\\\/i>\\u00a0fagot<\\\/li>\\n\n\n<li>flauta travesera<\\\/li>\\n\n\n<li><i class=\\\"uk-icon uk-icon-check\\\"><\\\/i>\\u00a0oboe<\\\/li>\\n\n\n<li><i class=\\\"uk-icon uk-icon-check\\\"><\\\/i>\\u00a0clarinete<\\\/li>\\n\n\n<li><i class=\\\"uk-icon uk-icon-check\\\"><\\\/i>\\u00a0saxof\\u00f3n<\\\/li>\\n\n\n<li><i class=\\\"uk-icon uk-icon-check\\\"><\\\/i>\\u00a0instrumentos de viento metal (trompeta, trompa, tromb\\u00f3n)<\\\/li>\\n\n\n<li><i class=\\\"uk-icon uk-icon-check\\\"><\\\/i>\\u00a0piano<\\\/li>\\n<\\\/ul>\\n\n\n<h2 style=\\\"text-align: justify;\\\">Profesorado<\\\/h2>\\n\n\n<p style=\\\"text-align: justify;\\\">Disponemos de un profesorado con gran cualificacio\\u0301n y experiencia, demostrada en todas nuestras anteriores ediciones, siendo especialistas reconocidos en su instrumento tanto a nivel dida\\u0301ctico como concerti\\u0301stico.<\\\/p>\"}},{\"type\":\"button\",\"props\":{\"grid_column_gap\":\"small\",\"grid_row_gap\":\"small\",\"margin\":\"default\",\"button_size\":\"\",\"position\":\"\",\"position_z_index\":\"\",\"maxwidth\":\"\",\"maxwidth_breakpoint\":\"\",\"block_align\":\"\",\"block_align_breakpoint\":\"\",\"block_align_fallback\":\"\",\"text_align\":\"center\",\"text_align_breakpoint\":\"\",\"text_align_fallback\":\"\",\"animation\":\"\",\"visibility\":\"\",\"fullwidth\":false,\"margin_remove_bottom\":false},\"children\":[{\"type\":\"button_item\",\"props\":{\"button_style\":\"default\",\"icon_align\":\"left\",\"link_target\":\"\",\"content\":\"Conoce m\\u00e1s acerca de nuestro equipo docente\",\"link\":\"index.php?page_id=1773\"}},{\"type\":\"button_item\",\"props\":{\"button_style\":\"default\",\"icon_align\":\"left\",\"link_target\":\"\",\"content\":\"Garant\\u00edas\",\"link\":\"index.php?page_id=1703\"}},{\"type\":\"button_item\",\"props\":{\"button_style\":\"default\",\"icon_align\":\"left\",\"link_target\":\"\",\"content\":\"Actividades\",\"link\":\"index.php?page_id=1814\"}}]}]}]}]}],\"version\":\"1.22.8\",\"props\":[]} --><\/p>\n","protected":false},"excerpt":{"rendered":"<p>Curso de M\u00fasica de C\u00e1mara La pr\u00e1ctica de la m\u00fasica de c\u00e1mara aporta al estudiante de m\u00fasica innumerables beneficios y su pr\u00e1ctica desde edades tempranas, facilita m\u00e1s r\u00e1pidamente la adquisici\u00f3n de la t\u00e9cnica y musicalidad necesarias para la ejecuci\u00f3n instrumental. El prop\u00f3sito del Curso de C\u00e1mara es, por tanto, trabajar habilidades como el sentido del [&hellip;]<\/p>\n","protected":false},"author":1,"featured_media":0,"parent":0,"menu_order":0,"comment_status":"closed","ping_status":"closed","template":"","meta":{"footnotes":""},"_links":{"self":[{"href":"https:\/\/www.musicaynaturaleza.com\/index.php?rest_route=\/wp\/v2\/pages\/1644"}],"collection":[{"href":"https:\/\/www.musicaynaturaleza.com\/index.php?rest_route=\/wp\/v2\/pages"}],"about":[{"href":"https:\/\/www.musicaynaturaleza.com\/index.php?rest_route=\/wp\/v2\/types\/page"}],"author":[{"embeddable":true,"href":"https:\/\/www.musicaynaturaleza.com\/index.php?rest_route=\/wp\/v2\/users\/1"}],"replies":[{"embeddable":true,"href":"https:\/\/www.musicaynaturaleza.com\/index.php?rest_route=%2Fwp%2Fv2%2Fcomments&post=1644"}],"version-history":[{"count":9,"href":"https:\/\/www.musicaynaturaleza.com\/index.php?rest_route=\/wp\/v2\/pages\/1644\/revisions"}],"predecessor-version":[{"id":2129,"href":"https:\/\/www.musicaynaturaleza.com\/index.php?rest_route=\/wp\/v2\/pages\/1644\/revisions\/2129"}],"wp:attachment":[{"href":"https:\/\/www.musicaynaturaleza.com\/index.php?rest_route=%2Fwp%2Fv2%2Fmedia&parent=1644"}],"curies":[{"name":"wp","href":"https:\/\/api.w.org\/{rel}","templated":true}]}}