{"id":1628,"date":"2021-10-28T19:40:42","date_gmt":"2021-10-28T19:40:42","guid":{"rendered":"http:\/\/web.musicaynaturaleza.com\/?page_id=1628"},"modified":"2026-01-27T23:35:40","modified_gmt":"2026-01-27T22:35:40","slug":"orquesta","status":"publish","type":"page","link":"https:\/\/www.musicaynaturaleza.com\/?page_id=1628","title":{"rendered":"Orquesta"},"content":{"rendered":"<div>\n<h1 class=\"uk-article-title\" style=\"text-align: justify;\">Curso de Orquesta<\/h1>\n<p style=\"text-align: justify;\">La orquesta es el conjunto instrumental m\u00e1s completo y variado que existe, donde se incluyen la mayor\u00eda de especialidades instrumentales. La posibilidad de participar\u00a0\u00a0en una agrupaci\u00f3n de estas caracter\u00edsticas constituye para el joven m\u00fasico una ocasi\u00f3n y experiencia \u00fanica y enriquecedora, donde se trabajan aspectos tan importantes como la disciplina de conjunto, la coordinaci\u00f3n, interpretaci\u00f3n, expresi\u00f3n, t\u00e9cnica instrumental, an\u00e1lisis de partituras, g\u00e9neros y estilos de las distintas \u00e9pocas,\u00a0 etc. Adem\u00e1s, la orquesta aporta otros valores important\u00edsimos como son el refuerzo del respeto, desarrollo de la inteligencia emocional, fomenta la sociabilidad creando nexos sociales, la tolerancia, la empat\u00eda, fortalece la autoestima y el trabajo en equipo.\u00a0\u00a0<\/p>\n<p style=\"text-align: justify;\">La finalidad de nuestro Curso es, por tanto, conseguir el progreso t\u00e9cnico y personal del alumnado a trav\u00e9s del trabajo exigente de\u00a0la t\u00e9cnica instrumental\u00a0en las clases individuales, \u00a0la conjunci\u00f3n en ensayos de grupos instrumentales reducidos y, finalmente, la pr\u00e1ctica con la orquesta completa, agrupaci\u00f3n con la cual ofreceremos\u00a0un concierto p\u00fablico en la Clausura del Curso con un repertorio propio adaptado a las posibilidades individuales. Tras el concierto se\u00a0realizar\u00e1 una jornada de convivencia al final de curso,\u00a0 y tendremos una tutor\u00eda de padres\/madres a los que se entregar\u00e1 un informe personal del trabajo realizado y comentaremos la evoluci\u00f3n del alumnado.<\/p>\n<p style=\"text-align: justify;\">En este turno de orquesta se incluyen todos los instrumentos habituales en esta formaci\u00f3n,\u00a0 adem\u00e1s del saxof\u00f3n,\u00a0 y se incorpora la especialidad de iniciaci\u00f3n musical, orientada a un alumnado sin estudios previos de m\u00fasica y que est\u00e9 interesado en adquirir conocimientos r\u00edtmicos, de psicomotricidad y lectura musical elementales con los instrumentos de percusi\u00f3n del curso.<\/p>\n<h2 style=\"text-align: justify;\">Fecha<\/h2>\n<p style=\"text-align: justify;\">El Curso se realizar\u00e1 entre los di\u0301as\u00a0<strong>1 al 10 de agosto<\/strong>, ambos inclusive.<\/p>\n<h2 style=\"text-align: justify;\">Plazas y especialidades<\/h2>\n<p style=\"text-align: justify;\">Para esta edici\u00f3n se ofertan 80 plazas, distribuidas entre las especialidades de:<\/p>\n<ul style=\"text-align: justify;\">\n<li><strong><i class=\"uk-icon uk-icon-check\"><\/i>\u00a0viol\u00edn<\/strong><\/li>\n<li><strong><i class=\"uk-icon uk-icon-check\"><\/i>\u00a0viola<\/strong><\/li>\n<li><strong><i class=\"uk-icon uk-icon-check\"><\/i>\u00a0violonchelo<\/strong><\/li>\n<li><strong><i class=\"uk-icon uk-icon-check\"><\/i>\u00a0contrabajo<\/strong><\/li>\n<li><strong><i class=\"uk-icon uk-icon-check\"><\/i>\u00a0clarinete<\/strong><\/li>\n<li><strong><i class=\"uk-icon uk-icon-check\"><\/i>\u00a0saxof\u00f3n<\/strong><\/li>\n<li><strong><i class=\"uk-icon uk-icon-check\"><\/i>\u00a0flauta travesera<\/strong><\/li>\n<li><strong><i class=\"uk-icon uk-icon-check\"><\/i>\u00a0fagot<\/strong><\/li>\n<li><strong><i class=\"uk-icon uk-icon-check\"><\/i>\u00a0trompeta<\/strong><\/li>\n<li><strong><i class=\"uk-icon uk-icon-check\"><\/i>\u00a0tromb\u00f3n<\/strong><\/li>\n<li><strong><i class=\"uk-icon uk-icon-check\"><\/i>\u00a0trompa<\/strong><\/li>\n<li><strong><i class=\"uk-icon uk-icon-check\"><\/i>\u00a0percusi\u00f3n<\/strong><\/li>\n<li><strong><i class=\"uk-icon uk-icon-check\"><\/i>\u00a0iniciaci\u00f3n musical<\/strong><\/li>\n<\/ul>\n<h2 style=\"text-align: justify;\">Profesorado<\/h2>\n<p style=\"text-align: justify;\">Disponemos de un profesorado con gran cualificaci\u00f3n y experiencia, demostrada en todas nuestras anteriores ediciones, siendo especialistas reconocidos en su instrumento tanto a nivel did\u00e1ctico como concert\u00edstico.<\/p>\n<\/div>\n<ul>\n<li>\n        <a href=\"\/index.php?page_id=1738\">Conoce m\u00e1s acerca de nuestro equipo docente<\/a>\n    <\/li>\n<li>\n        <a href=\"\/index.php?page_id=1703\">Garant\u00edas<\/a>\n    <\/li>\n<li>\n        <a href=\"\/index.php?page_id=1788\">Actividades<\/a>\n    <\/li>\n<\/ul>\n<p><!--more--><br \/>\n<!-- {\"type\":\"layout\",\"children\":[{\"type\":\"section\",\"props\":{\"image_position\":\"center-center\",\"overlap\":true,\"padding\":\"xsmall\",\"padding_remove_top\":false,\"style\":\"default\",\"title_breakpoint\":\"xl\",\"title_position\":\"top-left\",\"title_rotation\":\"left\",\"vertical_align\":\"middle\",\"width\":\"large\"},\"children\":[{\"type\":\"row\",\"children\":[{\"type\":\"column\",\"props\":{\"image_position\":\"center-center\",\"media_overlay_gradient\":\"\",\"position_sticky_breakpoint\":\"m\",\"width_medium\":\"1-1\"},\"children\":[{\"type\":\"text\",\"props\":{\"column_breakpoint\":\"m\",\"content\":\"\n\n<h1 class=\\\"uk-article-title\\\" style=\\\"text-align: justify;\\\">Curso de Orquesta<\\\/h1>\\n\n\n<p style=\\\"text-align: justify;\\\">La orquesta es el conjunto instrumental m\\u00e1s completo y variado que existe, donde se incluyen la mayor\\u00eda de especialidades instrumentales. La posibilidad de participar\\u00a0\\u00a0en una agrupaci\\u00f3n de estas caracter\\u00edsticas constituye para el joven m\\u00fasico una ocasi\\u00f3n y experiencia \\u00fanica y enriquecedora, donde se trabajan aspectos tan importantes como la disciplina de conjunto, la coordinaci\\u00f3n, interpretaci\\u00f3n, expresi\\u00f3n, t\\u00e9cnica instrumental, an\\u00e1lisis de partituras, g\\u00e9neros y estilos de las distintas \\u00e9pocas,\\u00a0 etc. Adem\\u00e1s, la orquesta aporta otros valores important\\u00edsimos como son el refuerzo del respeto, desarrollo de la inteligencia emocional, fomenta la sociabilidad creando nexos sociales, la tolerancia, la empat\\u00eda, fortalece la autoestima y el trabajo en equipo.\\u00a0\\u00a0<\\\/p>\\n\n\n<p style=\\\"text-align: justify;\\\">La finalidad de nuestro Curso es, por tanto, conseguir el progreso t\\u00e9cnico y personal del alumnado a trav\\u00e9s del trabajo exigente de\\u00a0la t\\u00e9cnica instrumental\\u00a0en las clases individuales, \\u00a0la conjunci\\u00f3n en ensayos de grupos instrumentales reducidos y, finalmente, la pr\\u00e1ctica con la orquesta completa, agrupaci\\u00f3n con la cual ofreceremos\\u00a0un concierto p\\u00fablico en la Clausura del Curso con un repertorio propio adaptado a las posibilidades individuales. Tras el concierto se\\u00a0realizar\\u00e1 una jornada de convivencia al final de curso,\\u00a0 y tendremos una tutor\\u00eda de padres\\\/madres a los que se entregar\\u00e1 un informe personal del trabajo realizado y comentaremos la evoluci\\u00f3n del alumnado.<\\\/p>\\n\n\n<p style=\\\"text-align: justify;\\\">En este turno de orquesta se incluyen todos los instrumentos habituales en esta formaci\\u00f3n,\\u00a0 adem\\u00e1s del saxof\\u00f3n,\\u00a0 y se incorpora la especialidad de iniciaci\\u00f3n musical, orientada a un alumnado sin estudios previos de m\\u00fasica y que est\\u00e9 interesado en adquirir conocimientos r\\u00edtmicos, de psicomotricidad y lectura musical elementales con los instrumentos de percusi\\u00f3n del curso.<\\\/p>\\n\n\n<h2 style=\\\"text-align: justify;\\\">Fecha<\\\/h2>\\n\n\n<p style=\\\"text-align: justify;\\\">El Curso se realizar\\u00e1 entre los di\\u0301as\\u00a0<strong>1 al 10 de agosto<\\\/strong>, ambos inclusive.<\\\/p>\\n\n\n<h2 style=\\\"text-align: justify;\\\">Plazas y especialidades<\\\/h2>\\n\n\n<p style=\\\"text-align: justify;\\\">Para esta edici\\u00f3n se ofertan 80 plazas, distribuidas entre las especialidades de:<\\\/p>\\n\n\n<ul style=\\\"text-align: justify;\\\">\\n\n\n<li><strong><i class=\\\"uk-icon uk-icon-check\\\"><\\\/i>\\u00a0viol\\u00edn<\\\/strong><\\\/li>\\n\n\n<li><strong><i class=\\\"uk-icon uk-icon-check\\\"><\\\/i>\\u00a0viola<\\\/strong><\\\/li>\\n\n\n<li><strong><i class=\\\"uk-icon uk-icon-check\\\"><\\\/i>\\u00a0violonchelo<\\\/strong><\\\/li>\\n\n\n<li><strong><i class=\\\"uk-icon uk-icon-check\\\"><\\\/i>\\u00a0contrabajo<\\\/strong><\\\/li>\\n\n\n<li><strong><i class=\\\"uk-icon uk-icon-check\\\"><\\\/i>\\u00a0clarinete<\\\/strong><\\\/li>\\n\n\n<li><strong><i class=\\\"uk-icon uk-icon-check\\\"><\\\/i>\\u00a0saxof\\u00f3n<\\\/strong><\\\/li>\\n\n\n<li><strong><i class=\\\"uk-icon uk-icon-check\\\"><\\\/i>\\u00a0flauta travesera<\\\/strong><\\\/li>\\n\n\n<li><strong><i class=\\\"uk-icon uk-icon-check\\\"><\\\/i>\\u00a0fagot<\\\/strong><\\\/li>\\n\n\n<li><strong><i class=\\\"uk-icon uk-icon-check\\\"><\\\/i>\\u00a0trompeta<\\\/strong><\\\/li>\\n\n\n<li><strong><i class=\\\"uk-icon uk-icon-check\\\"><\\\/i>\\u00a0tromb\\u00f3n<\\\/strong><\\\/li>\\n\n\n<li><strong><i class=\\\"uk-icon uk-icon-check\\\"><\\\/i>\\u00a0trompa<\\\/strong><\\\/li>\\n\n\n<li><strong><i class=\\\"uk-icon uk-icon-check\\\"><\\\/i>\\u00a0percusi\\u00f3n<\\\/strong><\\\/li>\\n\n\n<li><strong><i class=\\\"uk-icon uk-icon-check\\\"><\\\/i>\\u00a0iniciaci\\u00f3n musical<\\\/strong><\\\/li>\\n<\\\/ul>\\n\n\n<h2 style=\\\"text-align: justify;\\\">Profesorado<\\\/h2>\\n\n\n<p style=\\\"text-align: justify;\\\">Disponemos de un profesorado con gran cualificaci\\u00f3n y experiencia, demostrada en todas nuestras anteriores ediciones, siendo especialistas reconocidos en su instrumento tanto a nivel did\\u00e1ctico como concert\\u00edstico.<\\\/p>\",\"margin\":\"default\"}},{\"type\":\"button\",\"props\":{\"grid_column_gap\":\"small\",\"grid_row_gap\":\"small\",\"margin\":\"default\",\"text_align\":\"center\"},\"children\":[{\"type\":\"button_item\",\"props\":{\"button_style\":\"default\",\"content\":\"Conoce m\\u00e1s acerca de nuestro equipo docente\",\"icon_align\":\"left\",\"link\":\"index.php?page_id=1738\"}},{\"type\":\"button_item\",\"props\":{\"button_style\":\"default\",\"content\":\"Garant\\u00edas\",\"icon_align\":\"left\",\"link\":\"index.php?page_id=1703\"}},{\"type\":\"button_item\",\"props\":{\"button_style\":\"default\",\"content\":\"Actividades\",\"icon_align\":\"left\",\"link\":\"index.php?page_id=1788\"}}]}]}]}]}],\"version\":\"3.0.20\"} --><\/p>\n","protected":false},"excerpt":{"rendered":"<p>Curso de Orquesta La orquesta es el conjunto instrumental m\u00e1s completo y variado que existe, donde se incluyen la mayor\u00eda de especialidades instrumentales. La posibilidad de participar\u00a0\u00a0en una agrupaci\u00f3n de estas caracter\u00edsticas constituye para el joven m\u00fasico una ocasi\u00f3n y experiencia \u00fanica y enriquecedora, donde se trabajan aspectos tan importantes como la disciplina de conjunto, [&hellip;]<\/p>\n","protected":false},"author":1,"featured_media":0,"parent":0,"menu_order":0,"comment_status":"closed","ping_status":"closed","template":"","meta":{"footnotes":""},"_links":{"self":[{"href":"https:\/\/www.musicaynaturaleza.com\/index.php?rest_route=\/wp\/v2\/pages\/1628"}],"collection":[{"href":"https:\/\/www.musicaynaturaleza.com\/index.php?rest_route=\/wp\/v2\/pages"}],"about":[{"href":"https:\/\/www.musicaynaturaleza.com\/index.php?rest_route=\/wp\/v2\/types\/page"}],"author":[{"embeddable":true,"href":"https:\/\/www.musicaynaturaleza.com\/index.php?rest_route=\/wp\/v2\/users\/1"}],"replies":[{"embeddable":true,"href":"https:\/\/www.musicaynaturaleza.com\/index.php?rest_route=%2Fwp%2Fv2%2Fcomments&post=1628"}],"version-history":[{"count":10,"href":"https:\/\/www.musicaynaturaleza.com\/index.php?rest_route=\/wp\/v2\/pages\/1628\/revisions"}],"predecessor-version":[{"id":2359,"href":"https:\/\/www.musicaynaturaleza.com\/index.php?rest_route=\/wp\/v2\/pages\/1628\/revisions\/2359"}],"wp:attachment":[{"href":"https:\/\/www.musicaynaturaleza.com\/index.php?rest_route=%2Fwp%2Fv2%2Fmedia&parent=1628"}],"curies":[{"name":"wp","href":"https:\/\/api.w.org\/{rel}","templated":true}]}}