{"id":1590,"date":"2021-10-27T09:19:42","date_gmt":"2021-10-27T09:19:42","guid":{"rendered":"http:\/\/web.musicaynaturaleza.com\/?page_id=1590"},"modified":"2022-01-03T11:18:30","modified_gmt":"2022-01-03T11:18:30","slug":"presentacion","status":"publish","type":"page","link":"https:\/\/www.musicaynaturaleza.com\/?page_id=1590","title":{"rendered":"Presentaci\u00f3n"},"content":{"rendered":"<h1>\n<h1 class=\"uk-article-title\" style=\"text-align: justify;\">Presentaci\u00f3n<\/h1>\n<\/h1>\n<div>\n<p style=\"text-align: justify;\">Nueva edici\u00f3n de los Cursos de Verano \u00abM\u00daSICA Y NATURALEZA\u00bb para j\u00f3venes instrumentistas.<\/p>\n<p style=\"text-align: justify;\"><span lang=\"ES-TRAD\">Un a\u00f1o m\u00e1s nuestros Cursos ocupan una de las ofertas de formaci\u00f3n m\u00e1s completa y longeva del panorama musical espa\u00f1ol. Divididos en tres turnos, est\u00e1n destinados al perfeccionamiento de la t\u00e9cnica instrumental de j\u00f3venes m\u00fasicos con edades comprendidas entre los<b>\u00a08 y los 16 a\u00f1os preferentemente<\/b>, todo ello en un entorno privilegiado y seguro, con actividades de naturaleza y aventura que procurar\u00e1n el m\u00e1ximo aprovechamiento, diversi\u00f3n, amistad y la adquisici\u00f3n de una serie de valores personales y art\u00edsticos fundamentales en la vida.<\/span><\/p>\n<p style=\"text-align: justify;\"><em><b><span lang=\"ES-TRAD\">25 a\u00f1os de experiencia exitosa son nuestro mayor aval y la mejor garant\u00eda para tus hijos.<\/span><\/b><\/em><\/p>\n<h2 style=\"text-align: justify;\">Sobre los cursos<\/h2>\n<ul>\n<li style=\"text-align: justify;\">Entre los tres turnos, ofertamos las distintas especialidades de cuerda (viol\u00edn, viola, violonchelo, contrabajo), viento madera (clarinete, oboe, fagot, saxof\u00f3n), viento metal (trompeta, trompa, tromb\u00f3n, tuba), as\u00ed como piano y guitarra (cl\u00e1sica y flamenca), adem\u00e1s de iniciaci\u00f3n musical.<\/li>\n<li style=\"text-align: justify;\">El objetivo principal es trabajar la t\u00e9cnica instrumental en las clases individuales, en la orquesta, y mediante la m\u00fasica de c\u00e1mara o de conjunto, para lo cual tambi\u00e9n se trabaja en agrupaciones instrumentales.<\/li>\n<li style=\"text-align: justify;\">La finalidad del Curso es conseguir el m\u00e1ximo aprovechamiento del alumnado mediante la combinaci\u00f3n de actividades musicales con actividades de ocio y naturaleza como manualidades, deportes, actividades al aire libre, multiaventura, ecolog\u00eda, ganader\u00eda, agricultura\u2026 para lo que contamos con profesores especialistas de gran experiencia.<\/li>\n<li style=\"text-align: justify;\">Son intensivos; el alumno\/a recibe todos los d\u00edas clases individuales de perfeccionamiento instrumental, c\u00e1mara, conjuntos instrumentales, orquesta y talleres especializados seg\u00fan el curso elegido.<\/li>\n<li style=\"text-align: justify;\">La atenci\u00f3n del alumno\/a es personalizada. Cada profesor tendr\u00e1 generalmente ocho alumnos\/as, a los que se dedicar\u00e1 durante toda la jornada lectiva organizados seg\u00fan nivel y edad. Pueden solicitar la admisi\u00f3n en nuestros cursos alumnos con de edades diferentes a las recomendadas, en cuyo caso la organizaci\u00f3n se reserva el derecho de admisi\u00f3n por motivos organizativos y pedag\u00f3gicos.<\/li>\n<li style=\"text-align: justify;\">Durante cada curso se ofrecer\u00e1n conciertos p\u00fablicos en el Cortijo de Fr\u00edas y otro al final con motivo de la Clausura y entrega de diplomas en el Teatro \u00abEl Jardinito\u00bb\u00a0de Cabra.<\/li>\n<li style=\"text-align: justify;\">A la finalizaci\u00f3n de cada Curso se entregar\u00e1 al alumnado un diploma acreditativo de asistencia de 100 horas.<\/li>\n<\/ul>\n<\/div>\n<ul>\n<li>\n<p>        <img decoding=\"async\" src=\"wp-content\/uploads\/presentacion\/02panorama.jpg\" alt=\"\"><\/p>\n<h3>Cabra, Centro geogr\u00e1fico de Andaluc\u00eda<\/h3>\n<\/li>\n<li>\n<p>        <img decoding=\"async\" src=\"wp-content\/uploads\/presentacion\/00ayuntamiento.jpg\" alt=\"\"><\/p>\n<h3>Ayuntamiento de Cabra<\/h3>\n<\/li>\n<li>\n<p>        <img decoding=\"async\" src=\"wp-content\/uploads\/presentacion\/01jardinito.jpg\" alt=\"\"><\/p>\n<h3>Teatro \u00abEl Jardinito\u00bb<\/h3>\n<\/li>\n<li>\n<p>        <img decoding=\"async\" src=\"wp-content\/uploads\/2021\/10\/cortijofri.jpg\" alt=\"\"><\/p>\n<h3>Cortijo de Fr\u00edas<\/h3>\n<\/li>\n<\/ul>\n<p><!-- {\"type\":\"layout\",\"children\":[{\"type\":\"section\",\"props\":{\"style\":\"default\",\"width\":\"default\",\"vertical_align\":\"middle\",\"title_position\":\"top-left\",\"title_rotation\":\"left\",\"title_breakpoint\":\"xl\",\"image_position\":\"center-center\",\"text_color\":\"\",\"width_expand\":\"\",\"height\":\"\",\"padding\":\"small\",\"header_transparent\":\"\",\"animation\":\"\",\"overlap\":true,\"padding_remove_top\":true},\"children\":[{\"type\":\"row\",\"props\":{\"layout\":\"1-1\",\"breakpoint\":\"m\",\"fixed_width\":\"large\",\"column_gap\":\"\",\"row_gap\":\"\",\"width\":\"\",\"width_expand\":\"\",\"height\":\"\",\"margin\":\"\",\"margin_remove_top\":true},\"children\":[{\"type\":\"column\",\"props\":{\"image_position\":\"center-center\",\"media_overlay_gradient\":\"\",\"vertical_align\":\"\",\"style\":\"\",\"text_color\":\"\",\"padding\":\"\"},\"children\":[{\"type\":\"headline\",\"props\":{\"title_element\":\"h1\",\"title_style\":\"heading-small\",\"title_decoration\":\"\",\"title_font_family\":\"\",\"title_color\":\"\",\"position\":\"\",\"position_z_index\":\"\",\"margin\":\"\",\"maxwidth\":\"\",\"maxwidth_breakpoint\":\"\",\"block_align\":\"\",\"block_align_breakpoint\":\"\",\"block_align_fallback\":\"\",\"text_align\":\"\",\"text_align_breakpoint\":\"\",\"text_align_fallback\":\"\",\"animation\":\"\",\"visibility\":\"\",\"content\":\"\n\n<h1 class=\\\"uk-article-title\\\" style=\\\"text-align: justify;\\\">Presentaci\\u00f3n<\\\/h1>\",\"margin_remove_top\":true}}]}]},{\"type\":\"row\",\"props\":{\"layout\":\"2-3,1-3\",\"breakpoint\":\"m\",\"fixed_width\":\"large\",\"column_gap\":\"\",\"row_gap\":\"\",\"width\":\"\",\"width_expand\":\"\",\"height\":\"\",\"margin\":\"small\",\"margin_remove_bottom\":true},\"children\":[{\"type\":\"column\",\"props\":{\"image_position\":\"center-center\",\"media_overlay_gradient\":\"\",\"vertical_align\":\"\",\"style\":\"\",\"text_color\":\"\",\"padding\":\"\"},\"children\":[{\"type\":\"text\",\"props\":{\"margin\":\"default\",\"column_breakpoint\":\"m\",\"text_style\":\"\",\"text_color\":\"\",\"text_size\":\"\",\"column\":\"\",\"position\":\"\",\"position_z_index\":\"\",\"maxwidth\":\"\",\"maxwidth_breakpoint\":\"\",\"block_align\":\"\",\"block_align_breakpoint\":\"\",\"block_align_fallback\":\"\",\"text_align\":\"\",\"text_align_breakpoint\":\"\",\"text_align_fallback\":\"\",\"animation\":\"\",\"visibility\":\"\",\"content\":\"\n\n<p style=\\\"text-align: justify;\\\">Nueva edici\\u00f3n de los Cursos de Verano \\u00abM\\u00daSICA Y NATURALEZA\\u00bb para j\\u00f3venes instrumentistas.<\\\/p>\\n\n\n<p style=\\\"text-align: justify;\\\"><span lang=\\\"ES-TRAD\\\">Un a\\u00f1o m\\u00e1s nuestros Cursos ocupan una de las ofertas de formaci\\u00f3n m\\u00e1s completa y longeva del panorama musical espa\\u00f1ol. Divididos en tres turnos, est\\u00e1n destinados al perfeccionamiento de la t\\u00e9cnica instrumental de j\\u00f3venes m\\u00fasicos con edades comprendidas entre los<b>\\u00a08 y los 16 a\\u00f1os preferentemente<\\\/b>, todo ello en un entorno privilegiado y seguro, con actividades de naturaleza y aventura que procurar\\u00e1n el m\\u00e1ximo aprovechamiento, diversi\\u00f3n, amistad y la adquisici\\u00f3n de una serie de valores personales y art\\u00edsticos fundamentales en la vida.<\\\/span><\\\/p>\\n\n\n<p style=\\\"text-align: justify;\\\"><em><b><span lang=\\\"ES-TRAD\\\">25 a\\u00f1os de experiencia exitosa son nuestro mayor aval y la mejor garant\\u00eda para tus hijos.<\\\/span><\\\/b><\\\/em><\\\/p>\\n\n\n<h2 style=\\\"text-align: justify;\\\">Sobre los cursos<\\\/h2>\\n\n\n<ul>\\n\n\n<li style=\\\"text-align: justify;\\\">Entre los tres turnos, ofertamos las distintas especialidades de cuerda (viol\\u00edn, viola, violonchelo, contrabajo), viento madera (clarinete, oboe, fagot, saxof\\u00f3n), viento metal (trompeta, trompa, tromb\\u00f3n, tuba), as\\u00ed como piano y guitarra (cl\\u00e1sica y flamenca), adem\\u00e1s de iniciaci\\u00f3n musical.<\\\/li>\\n\n\n<li style=\\\"text-align: justify;\\\">El objetivo principal es trabajar la t\\u00e9cnica instrumental en las clases individuales, en la orquesta, y mediante la m\\u00fasica de c\\u00e1mara o de conjunto, para lo cual tambi\\u00e9n se trabaja en agrupaciones instrumentales.<\\\/li>\\n\n\n<li style=\\\"text-align: justify;\\\">La finalidad del Curso es conseguir el m\\u00e1ximo aprovechamiento del alumnado mediante la combinaci\\u00f3n de actividades musicales con actividades de ocio y naturaleza como manualidades, deportes, actividades al aire libre, multiaventura, ecolog\\u00eda, ganader\\u00eda, agricultura\\u2026 para lo que contamos con profesores especialistas de gran experiencia.<\\\/li>\\n\n\n<li style=\\\"text-align: justify;\\\">Son intensivos; el alumno\\\/a recibe todos los d\\u00edas clases individuales de perfeccionamiento instrumental, c\\u00e1mara, conjuntos instrumentales, orquesta y talleres especializados seg\\u00fan el curso elegido.<\\\/li>\\n\n\n<li style=\\\"text-align: justify;\\\">La atenci\\u00f3n del alumno\\\/a es personalizada. Cada profesor tendr\\u00e1 generalmente ocho alumnos\\\/as, a los que se dedicar\\u00e1 durante toda la jornada lectiva organizados seg\\u00fan nivel y edad. Pueden solicitar la admisi\\u00f3n en nuestros cursos alumnos con de edades diferentes a las recomendadas, en cuyo caso la organizaci\\u00f3n se reserva el derecho de admisi\\u00f3n por motivos organizativos y pedag\\u00f3gicos.<\\\/li>\\n\n\n<li style=\\\"text-align: justify;\\\">Durante cada curso se ofrecer\\u00e1n conciertos p\\u00fablicos en el Cortijo de Fr\\u00edas y otro al final con motivo de la Clausura y entrega de diplomas en el Teatro \\u00abEl Jardinito\\u00bb\\u00a0de Cabra.<\\\/li>\\n\n\n<li style=\\\"text-align: justify;\\\">A la finalizaci\\u00f3n de cada Curso se entregar\\u00e1 al alumnado un diploma acreditativo de asistencia de 100 horas.<\\\/li>\\n<\\\/ul>\"}}]},{\"type\":\"column\",\"props\":{\"image_position\":\"center-center\",\"media_overlay_gradient\":\"\",\"vertical_align\":\"\",\"style\":\"\",\"text_color\":\"\",\"padding\":\"\"},\"children\":[{\"type\":\"gallery\",\"props\":{\"show_title\":true,\"show_meta\":true,\"show_content\":true,\"show_link\":true,\"show_hover_image\":true,\"grid_default\":\"1\",\"grid_medium\":\"1\",\"filter_style\":\"tab\",\"filter_all\":true,\"filter_position\":\"top\",\"filter_align\":\"left\",\"filter_grid_width\":\"auto\",\"filter_grid_breakpoint\":\"m\",\"overlay_mode\":\"cover\",\"overlay_hover\":true,\"overlay_style\":\"overlay-primary\",\"text_color\":\"light\",\"overlay_position\":\"center\",\"overlay_transition\":\"fade\",\"title_element\":\"h3\",\"meta_style\":\"meta\",\"meta_align\":\"below-title\",\"link_text\":\"\",\"link_style\":\"default\",\"text_align\":\"center\",\"margin\":\"default\",\"item_animation\":\"\",\"grid_column_gap\":\"\",\"grid_row_gap\":\"\",\"grid_small\":\"\",\"grid_large\":\"\",\"grid_xlarge\":\"\",\"filter_margin\":\"\",\"filter_grid_column_gap\":\"\",\"filter_grid_row_gap\":\"\",\"title_display\":\"\",\"content_display\":\"\",\"item_maxwidth\":\"\",\"overlay_padding\":\"\",\"overlay_margin\":\"\",\"overlay_maxwidth\":\"\",\"image_transition\":\"\",\"image_box_shadow\":\"\",\"image_hover_box_shadow\":\"\",\"image_box_decoration\":\"\",\"title_transition\":\"\",\"title_style\":\"\",\"title_decoration\":\"\",\"title_font_family\":\"\",\"title_color\":\"\",\"title_margin\":\"\",\"meta_transition\":\"\",\"meta_color\":\"\",\"meta_margin\":\"\",\"content_transition\":\"\",\"content_style\":\"\",\"content_margin\":\"\",\"link_type\":\"\",\"link_transition\":\"\",\"link_size\":\"\",\"link_margin\":\"\",\"position\":\"\",\"position_z_index\":\"\",\"maxwidth\":\"\",\"maxwidth_breakpoint\":\"\",\"block_align\":\"\",\"block_align_breakpoint\":\"\",\"block_align_fallback\":\"\",\"text_align_breakpoint\":\"\",\"text_align_fallback\":\"\",\"visibility\":\"\",\"grid_parallax\":\"300\",\"lightbox\":true},\"children\":[{\"type\":\"gallery_item\",\"props\":{\"text_color\":\"\",\"image\":\"wp-content\\\/uploads\\\/presentacion\\\/02panorama.jpg\",\"title\":\"Cabra, Centro geogr\\u00e1fico de Andaluc\\u00eda\",\"content\":\"\"}},{\"type\":\"gallery_item\",\"props\":{\"text_color\":\"\",\"image\":\"wp-content\\\/uploads\\\/presentacion\\\/00ayuntamiento.jpg\",\"title\":\"Ayuntamiento de Cabra\",\"content\":\"\"}},{\"type\":\"gallery_item\",\"props\":{\"text_color\":\"\",\"image\":\"wp-content\\\/uploads\\\/presentacion\\\/01jardinito.jpg\",\"title\":\"Teatro \\\"El Jardinito\\\"\",\"content\":\"\"}},{\"type\":\"gallery_item\",\"props\":{\"text_color\":\"\",\"image\":\"wp-content\\\/uploads\\\/2021\\\/10\\\/cortijofri.jpg\",\"title\":\"Cortijo de Fr\\u00edas\",\"content\":\"\"}}]}]}]}]}],\"version\":\"1.22.8\",\"props\":[]} --><\/p>\n","protected":false},"excerpt":{"rendered":"<p>Presentaci\u00f3n Nueva edici\u00f3n de los Cursos de Verano \u00abM\u00daSICA Y NATURALEZA\u00bb para j\u00f3venes instrumentistas. Un a\u00f1o m\u00e1s nuestros Cursos ocupan una de las ofertas de formaci\u00f3n m\u00e1s completa y longeva del panorama musical espa\u00f1ol. Divididos en tres turnos, est\u00e1n destinados al perfeccionamiento de la t\u00e9cnica instrumental de j\u00f3venes m\u00fasicos con edades comprendidas entre los\u00a08 y [&hellip;]<\/p>\n","protected":false},"author":1,"featured_media":0,"parent":0,"menu_order":0,"comment_status":"closed","ping_status":"closed","template":"","meta":{"footnotes":""},"_links":{"self":[{"href":"https:\/\/www.musicaynaturaleza.com\/index.php?rest_route=\/wp\/v2\/pages\/1590"}],"collection":[{"href":"https:\/\/www.musicaynaturaleza.com\/index.php?rest_route=\/wp\/v2\/pages"}],"about":[{"href":"https:\/\/www.musicaynaturaleza.com\/index.php?rest_route=\/wp\/v2\/types\/page"}],"author":[{"embeddable":true,"href":"https:\/\/www.musicaynaturaleza.com\/index.php?rest_route=\/wp\/v2\/users\/1"}],"replies":[{"embeddable":true,"href":"https:\/\/www.musicaynaturaleza.com\/index.php?rest_route=%2Fwp%2Fv2%2Fcomments&post=1590"}],"version-history":[{"count":10,"href":"https:\/\/www.musicaynaturaleza.com\/index.php?rest_route=\/wp\/v2\/pages\/1590\/revisions"}],"predecessor-version":[{"id":2100,"href":"https:\/\/www.musicaynaturaleza.com\/index.php?rest_route=\/wp\/v2\/pages\/1590\/revisions\/2100"}],"wp:attachment":[{"href":"https:\/\/www.musicaynaturaleza.com\/index.php?rest_route=%2Fwp%2Fv2%2Fmedia&parent=1590"}],"curies":[{"name":"wp","href":"https:\/\/api.w.org\/{rel}","templated":true}]}}